{"id":4505,"date":"2025-09-25T20:30:14","date_gmt":"2025-09-25T18:30:14","guid":{"rendered":"https:\/\/globalschool.pl\/%d0%bc%d0%b0%d0%b3%d0%b0%d0%b7%d0%b8%d0%bd\/"},"modified":"2026-01-28T15:27:50","modified_gmt":"2026-01-28T14:27:50","slug":"%d0%bc%d0%b0%d0%b3%d0%b0%d0%b7%d0%b8%d0%bd","status":"publish","type":"page","link":"https:\/\/globalschool.pl\/uk\/%d0%bc%d0%b0%d0%b3%d0%b0%d0%b7%d0%b8%d0%bd\/","title":{"rendered":"\u041c\u0430\u0433\u0430\u0437\u0438\u043d"},"content":{"rendered":"\t\t<div data-elementor-type=\"wp-page\" data-elementor-id=\"4505\" class=\"elementor elementor-4505 elementor-4416\">\n\t\t\t\t<div class=\"elementor-element elementor-element-bd0ec96 e-con-full e-flex wpr-particle-no wpr-jarallax-no wpr-parallax-no wpr-sticky-section-no e-con e-parent\" data-id=\"bd0ec96\" data-element_type=\"container\">\n\t\t<div class=\"elementor-element elementor-element-116cbe1 e-con-full e-flex wpr-particle-no wpr-jarallax-no wpr-parallax-no wpr-sticky-section-no e-con e-child\" data-id=\"116cbe1\" data-element_type=\"container\">\n\t\t\t\t<div class=\"elementor-element elementor-element-86d3d67 elementor-widget elementor-widget-heading\" data-id=\"86d3d67\" data-element_type=\"widget\" data-widget_type=\"heading.default\">\n\t\t\t\t<div class=\"elementor-widget-container\">\n\t\t\t\t\t<h1 class=\"elementor-heading-title elementor-size-default\">\u00ab\u0412\u0456\u0434\u043a\u0440\u0438\u0439 \u0442\u0430 \u043f\u043e\u0441\u0442\u0430\u0432 \u043b\u0430\u0439\u043a\u00bb \u2013 \u043f\u0456\u0434\u0440\u0443\u0447\u043d\u0438\u043a \u0437 \u0432\u0438\u0432\u0447\u0435\u043d\u043d\u044f \u043f\u043e\u043b\u044c\u0441\u044c\u043a\u043e\u0457 \u043c\u043e\u0432\u0438 \u044f\u043a \u0456\u043d\u043e\u0437\u0435\u043c\u043d\u043e\u0457 \u0434\u043b\u044f \u043f\u043e\u0447\u0430\u0442\u043a\u0456\u0432\u0446\u0456\u0432<\/h1>\t\t\t\t<\/div>\n\t\t\t\t<\/div>\n\t\t\t\t<div class=\"elementor-element elementor-element-668ea63 elementor-widget elementor-widget-heading\" data-id=\"668ea63\" data-element_type=\"widget\" data-widget_type=\"heading.default\">\n\t\t\t\t<div class=\"elementor-widget-container\">\n\t\t\t\t\t<span class=\"elementor-heading-title elementor-size-default\">\"Poznaj i polub\" - \u0446\u0435 \u0441\u0443\u0447\u0430\u0441\u043d\u0438\u0439 \u043a\u0443\u0440\u0441 \u043f\u043e\u043b\u044c\u0441\u044c\u043a\u043e\u0457 \u043c\u043e\u0432\u0438 \u044f\u043a \u0456\u043d\u043e\u0437\u0435\u043c\u043d\u043e\u0457, \u043f\u0440\u0438\u0437\u043d\u0430\u0447\u0435\u043d\u0438\u0439 \u0434\u043b\u044f \u0442\u0438\u0445, \u0445\u0442\u043e \u043f\u043e\u0447\u0438\u043d\u0430\u0454 \u0441\u0432\u043e\u044e \u043f\u043e\u0434\u043e\u0440\u043e\u0436 \u043f\u043e\u043b\u044c\u0441\u044c\u043a\u043e\u044e \u043c\u043e\u0432\u043e\u044e. \u041f\u0456\u0434\u0440\u0443\u0447\u043d\u0438\u043a \u0443 \u043f\u0440\u043e\u0441\u0442\u0456\u0439 \u0456 \u0434\u043e\u0441\u0442\u0443\u043f\u043d\u0456\u0439 \u0444\u043e\u0440\u043c\u0456 \u0437\u043d\u0430\u0439\u043e\u043c\u0438\u0442\u044c \u0437 \u043e\u0441\u043d\u043e\u0432\u0430\u043c\u0438 \u0441\u043f\u0456\u043b\u043a\u0443\u0432\u0430\u043d\u043d\u044f, \u043f\u043e\u0454\u0434\u043d\u0443\u044e\u0447\u0438 \u043f\u0440\u0430\u043a\u0442\u0438\u0447\u043d\u0443 \u043b\u0435\u043a\u0441\u0438\u043a\u0443 \u0437 \u043d\u0430\u0439\u0432\u0430\u0436\u043b\u0438\u0432\u0456\u0448\u0438\u043c\u0438 \u0433\u0440\u0430\u043c\u0430\u0442\u0438\u0447\u043d\u0438\u043c\u0438 \u0441\u0442\u0440\u0443\u043a\u0442\u0443\u0440\u0430\u043c\u0438. <\/span>\t\t\t\t<\/div>\n\t\t\t\t<\/div>\n\t\t\t\t<div class=\"elementor-element elementor-element-9ec51f6 global-btn premium-lq__none elementor-widget elementor-widget-premium-addon-button\" data-id=\"9ec51f6\" data-element_type=\"widget\" data-widget_type=\"premium-addon-button.default\">\n\t\t\t\t<div class=\"elementor-widget-container\">\n\t\t\t\t\t\r\n\r\n\t\t<a class=\"premium-button premium-button-none premium-btn-md premium-button-none\" href=\"https:\/\/globalschool.pl\/uk\/produkt\/%d0%bf%d0%be%d0%b7%d0%bd%d0%b0%d0%b9%d0%be%d0%bc%d0%b8%d1%82%d0%b8%d1%81%d1%8f-%d1%96-%d0%bf%d0%be%d0%bb%d1%8e%d0%b1%d0%b8%d1%82%d0%b8-%d1%96%d0%bd%d0%bd%d0%be%d0%b2%d0%b0%d1%86%d1%96%d0%b9\/\">\r\n\t\t\t<div class=\"premium-button-text-icon-wrapper\">\r\n\t\t\t\t\r\n\t\t\t\t\t\t\t\t\t<span >\r\n\t\t\t\t\t\t\u041f\u0435\u0440\u0435\u0433\u043b\u044f\u043d\u0443\u0442\u0438 \u043f\u0440\u043e\u0434\u0443\u043a\u0442\t\t\t\t\t<\/span>\r\n\t\t\t\t\r\n\t\t\t\t\t\t\t<\/div>\r\n\r\n\t\t\t\r\n\t\t\t\r\n\t\t\t\r\n\t\t<\/a>\r\n\r\n\r\n\t\t\t\t\t\t<\/div>\n\t\t\t\t<\/div>\n\t\t\t\t<\/div>\n\t\t<div class=\"elementor-element elementor-element-5b11960 e-con-full elementor-hidden-tablet elementor-hidden-mobile e-flex wpr-particle-no wpr-jarallax-no wpr-parallax-no wpr-sticky-section-no e-con e-child\" data-id=\"5b11960\" data-element_type=\"container\">\n\t\t\t\t<div class=\"elementor-element elementor-element-d13b960 elementor-widget elementor-widget-image\" data-id=\"d13b960\" data-element_type=\"widget\" data-widget_type=\"image.default\">\n\t\t\t\t<div class=\"elementor-widget-container\">\n\t\t\t\t\t\t\t\t\t\t\t\t\t\t\t<img loading=\"lazy\" decoding=\"async\" width=\"724\" height=\"1024\" src=\"https:\/\/globalschool.pl\/wp-content\/uploads\/preview-pages-pages-deleted_page-0001-724x1024.jpg\" class=\"attachment-large size-large wp-image-4614\" alt=\"\" srcset=\"https:\/\/globalschool.pl\/wp-content\/uploads\/preview-pages-pages-deleted_page-0001-724x1024.jpg 724w, https:\/\/globalschool.pl\/wp-content\/uploads\/preview-pages-pages-deleted_page-0001-212x300.jpg 212w, https:\/\/globalschool.pl\/wp-content\/uploads\/preview-pages-pages-deleted_page-0001-768x1086.jpg 768w, https:\/\/globalschool.pl\/wp-content\/uploads\/preview-pages-pages-deleted_page-0001-1086x1536.jpg 1086w, https:\/\/globalschool.pl\/wp-content\/uploads\/preview-pages-pages-deleted_page-0001-1448x2048.jpg 1448w, https:\/\/globalschool.pl\/wp-content\/uploads\/preview-pages-pages-deleted_page-0001-600x848.jpg 600w, https:\/\/globalschool.pl\/wp-content\/uploads\/preview-pages-pages-deleted_page-0001-scaled.jpg 1811w\" sizes=\"auto, (max-width: 724px) 100vw, 724px\" \/>\t\t\t\t\t\t\t\t\t\t\t\t\t\t\t<\/div>\n\t\t\t\t<\/div>\n\t\t\t\t<div class=\"elementor-element elementor-element-73de6d4 elementor-widget elementor-widget-image\" data-id=\"73de6d4\" data-element_type=\"widget\" data-widget_type=\"image.default\">\n\t\t\t\t<div class=\"elementor-widget-container\">\n\t\t\t\t\t\t\t\t\t\t\t\t\t\t\t<img loading=\"lazy\" decoding=\"async\" width=\"724\" height=\"1024\" src=\"https:\/\/globalschool.pl\/wp-content\/uploads\/Poznaj-i-Polub_Okladka_Tyl-724x1024.jpg\" class=\"attachment-large size-large wp-image-4409\" alt=\"\" srcset=\"https:\/\/globalschool.pl\/wp-content\/uploads\/Poznaj-i-Polub_Okladka_Tyl-724x1024.jpg 724w, https:\/\/globalschool.pl\/wp-content\/uploads\/Poznaj-i-Polub_Okladka_Tyl-212x300.jpg 212w, https:\/\/globalschool.pl\/wp-content\/uploads\/Poznaj-i-Polub_Okladka_Tyl-768x1086.jpg 768w, https:\/\/globalschool.pl\/wp-content\/uploads\/Poznaj-i-Polub_Okladka_Tyl-1086x1536.jpg 1086w, https:\/\/globalschool.pl\/wp-content\/uploads\/Poznaj-i-Polub_Okladka_Tyl-600x849.jpg 600w, https:\/\/globalschool.pl\/wp-content\/uploads\/Poznaj-i-Polub_Okladka_Tyl.jpg 1240w\" sizes=\"auto, (max-width: 724px) 100vw, 724px\" \/>\t\t\t\t\t\t\t\t\t\t\t\t\t\t\t<\/div>\n\t\t\t\t<\/div>\n\t\t\t\t<\/div>\n\t\t<div class=\"elementor-element elementor-element-7003233 e-con-full elementor-hidden-desktop e-flex wpr-particle-no wpr-jarallax-no wpr-parallax-no wpr-sticky-section-no e-con e-child\" data-id=\"7003233\" data-element_type=\"container\">\n\t\t\t\t<div class=\"elementor-element elementor-element-78de2ec elementor-widget elementor-widget-image\" data-id=\"78de2ec\" data-element_type=\"widget\" data-widget_type=\"image.default\">\n\t\t\t\t<div class=\"elementor-widget-container\">\n\t\t\t\t\t\t\t\t\t\t\t\t\t\t\t<img loading=\"lazy\" decoding=\"async\" width=\"724\" height=\"1024\" src=\"https:\/\/globalschool.pl\/wp-content\/uploads\/preview-pages-pages-deleted_page-0001-724x1024.jpg\" class=\"attachment-large size-large wp-image-4614\" alt=\"\" srcset=\"https:\/\/globalschool.pl\/wp-content\/uploads\/preview-pages-pages-deleted_page-0001-724x1024.jpg 724w, https:\/\/globalschool.pl\/wp-content\/uploads\/preview-pages-pages-deleted_page-0001-212x300.jpg 212w, https:\/\/globalschool.pl\/wp-content\/uploads\/preview-pages-pages-deleted_page-0001-768x1086.jpg 768w, https:\/\/globalschool.pl\/wp-content\/uploads\/preview-pages-pages-deleted_page-0001-1086x1536.jpg 1086w, https:\/\/globalschool.pl\/wp-content\/uploads\/preview-pages-pages-deleted_page-0001-1448x2048.jpg 1448w, https:\/\/globalschool.pl\/wp-content\/uploads\/preview-pages-pages-deleted_page-0001-600x848.jpg 600w, https:\/\/globalschool.pl\/wp-content\/uploads\/preview-pages-pages-deleted_page-0001-scaled.jpg 1811w\" sizes=\"auto, (max-width: 724px) 100vw, 724px\" \/>\t\t\t\t\t\t\t\t\t\t\t\t\t\t\t<\/div>\n\t\t\t\t<\/div>\n\t\t\t\t<\/div>\n\t\t\t\t<\/div>\n\t\t<div class=\"elementor-element elementor-element-09e0769 e-flex e-con-boxed wpr-particle-no wpr-jarallax-no wpr-parallax-no wpr-sticky-section-no e-con e-parent\" data-id=\"09e0769\" data-element_type=\"container\">\n\t\t\t\t\t<div class=\"e-con-inner\">\n\t\t\t\t<div class=\"elementor-element elementor-element-ab64903 school-border-right elementor-widget elementor-widget-heading\" data-id=\"ab64903\" data-element_type=\"widget\" data-widget_type=\"heading.default\">\n\t\t\t\t<div class=\"elementor-widget-container\">\n\t\t\t\t\t<h2 class=\"elementor-heading-title elementor-size-default\">\u041c\u0430\u0433\u0430\u0437\u0438\u043d<\/h2>\t\t\t\t<\/div>\n\t\t\t\t<\/div>\n\t\t\t\t<div class=\"elementor-element elementor-element-9800cd0 elementor-widget elementor-widget-globalschool_products\" data-id=\"9800cd0\" data-element_type=\"widget\" data-widget_type=\"globalschool_products.default\">\n\t\t\t\t<div class=\"elementor-widget-container\">\n\t\t\t\t\t\n        <div class=\"globalschool-products\">\n                            <div class=\"globalschool-products__single\">\n                    <div class=\"globalschool-products__image\">\n                        <a href=\"https:\/\/globalschool.pl\/uk\/produkt\/%d0%bf%d0%be%d0%b7%d0%bd%d0%b0%d0%b9%d0%be%d0%bc%d0%b8%d1%82%d0%b8%d1%81%d1%8f-%d1%96-%d0%bf%d0%be%d0%bb%d1%8e%d0%b1%d0%b8%d1%82%d0%b8-%d1%96%d0%bd%d0%bd%d0%be%d0%b2%d0%b0%d1%86%d1%96%d0%b9\/\">\n                            <img loading=\"lazy\" decoding=\"async\" width=\"1811\" height=\"2560\" src=\"https:\/\/globalschool.pl\/wp-content\/uploads\/preview-pages-pages-deleted_page-0001-scaled.jpg\" class=\"attachment-full size-full\" alt=\"&quot;\u041f\u043e\u0437\u043d\u0430\u0439\u043e\u043c\u0438\u0442\u0438\u0441\u044f \u0456 \u043f\u043e\u043b\u044e\u0431\u0438\u0442\u0438&quot; - \u0456\u043d\u043d\u043e\u0432\u0430\u0446\u0456\u0439\u043d\u0438\u0439 \u043a\u0443\u0440\u0441 \u043f\u043e\u043b\u044c\u0441\u044c\u043a\u043e\u0457 \u043c\u043e\u0432\u0438 \u044f\u043a \u0456\u043d\u043e\u0437\u0435\u043c\u043d\u043e\u0457 \u0434\u043b\u044f \u043f\u043e\u0447\u0430\u0442\u043a\u0456\u0432\u0446\u0456\u0432\" srcset=\"https:\/\/globalschool.pl\/wp-content\/uploads\/preview-pages-pages-deleted_page-0001-scaled.jpg 1811w, https:\/\/globalschool.pl\/wp-content\/uploads\/preview-pages-pages-deleted_page-0001-212x300.jpg 212w, https:\/\/globalschool.pl\/wp-content\/uploads\/preview-pages-pages-deleted_page-0001-724x1024.jpg 724w, https:\/\/globalschool.pl\/wp-content\/uploads\/preview-pages-pages-deleted_page-0001-768x1086.jpg 768w, https:\/\/globalschool.pl\/wp-content\/uploads\/preview-pages-pages-deleted_page-0001-1086x1536.jpg 1086w, https:\/\/globalschool.pl\/wp-content\/uploads\/preview-pages-pages-deleted_page-0001-1448x2048.jpg 1448w, https:\/\/globalschool.pl\/wp-content\/uploads\/preview-pages-pages-deleted_page-0001-600x848.jpg 600w\" sizes=\"auto, (max-width: 1811px) 100vw, 1811px\" \/>                        <\/a>\n\n                        <div class=\"globalschool-products__price\">\n                            <del aria-hidden=\"true\"><span class=\"woocommerce-Price-amount amount\"><bdi>124,00&nbsp;<span class=\"woocommerce-Price-currencySymbol\">&#122;&#322;<\/span><\/bdi><\/span><\/del> <span class=\"screen-reader-text\">\u041e\u0440\u0438\u0433\u0456\u043d\u0430\u043b\u044c\u043d\u0430 \u0446\u0456\u043d\u0430: 124,00&nbsp;&#122;&#322;.<\/span><ins aria-hidden=\"true\"><span class=\"woocommerce-Price-amount amount\"><bdi>99,00&nbsp;<span class=\"woocommerce-Price-currencySymbol\">&#122;&#322;<\/span><\/bdi><\/span><\/ins><span class=\"screen-reader-text\">\u041f\u043e\u0442\u043e\u0447\u043d\u0430 \u0446\u0456\u043d\u0430: 99,00&nbsp;&#122;&#322;.<\/span>                        <\/div>\n\n                        <div class=\"globalschool-products__category\">\n                            \u041a\u043d\u0438\u0433\u0438                        <\/div>\n                    <\/div>\n\n\n                    <h3>\n                        <a href=\"https:\/\/globalschool.pl\/uk\/produkt\/%d0%bf%d0%be%d0%b7%d0%bd%d0%b0%d0%b9%d0%be%d0%bc%d0%b8%d1%82%d0%b8%d1%81%d1%8f-%d1%96-%d0%bf%d0%be%d0%bb%d1%8e%d0%b1%d0%b8%d1%82%d0%b8-%d1%96%d0%bd%d0%bd%d0%be%d0%b2%d0%b0%d1%86%d1%96%d0%b9\/\">\n                            &quot;\u041f\u043e\u0437\u043d\u0430\u0439\u043e\u043c\u0438\u0442\u0438\u0441\u044f \u0456 \u043f\u043e\u043b\u044e\u0431\u0438\u0442\u0438&quot; - \u0456\u043d\u043d\u043e\u0432\u0430\u0446\u0456\u0439\u043d\u0438\u0439 \u043a\u0443\u0440\u0441 \u043f\u043e\u043b\u044c\u0441\u044c\u043a\u043e\u0457 \u043c\u043e\u0432\u0438 \u044f\u043a \u0456\u043d\u043e\u0437\u0435\u043c\u043d\u043e\u0457 \u0434\u043b\u044f \u043f\u043e\u0447\u0430\u0442\u043a\u0456\u0432\u0446\u0456\u0432                        <\/a>\n                    <\/h3>\n\n                    <a href=\"https:\/\/globalschool.pl\/uk\/produkt\/%d0%bf%d0%be%d0%b7%d0%bd%d0%b0%d0%b9%d0%be%d0%bc%d0%b8%d1%82%d0%b8%d1%81%d1%8f-%d1%96-%d0%bf%d0%be%d0%bb%d1%8e%d0%b1%d0%b8%d1%82%d0%b8-%d1%96%d0%bd%d0%bd%d0%be%d0%b2%d0%b0%d1%86%d1%96%d0%b9\/\" class=\"globalschool-button\">\n                        \u043f\u0435\u0440\u0435\u0432\u0456\u0440\u0442\u0435 \u0442\u043e\u0432\u0430\u0440                    <\/a>\n                <\/div>\n            \n        <\/div>\n\n        \t\t\t\t<\/div>\n\t\t\t\t<\/div>\n\t\t\t\t\t<\/div>\n\t\t\t\t<\/div>\n\t\t\t\t<\/div>\n\t\t","protected":false},"excerpt":{"rendered":"<p>\u00ab\u0412\u0456\u0434\u043a\u0440\u0438\u0439 \u0442\u0430 \u043f\u043e\u0441\u0442\u0430\u0432 \u043b\u0430\u0439\u043a\u00bb \u2013 \u043f\u0456\u0434\u0440\u0443\u0447\u043d\u0438\u043a \u0437 \u0432\u0438\u0432\u0447\u0435\u043d\u043d\u044f \u043f\u043e\u043b\u044c\u0441\u044c\u043a\u043e\u0457 \u043c\u043e\u0432\u0438 \u044f\u043a \u0456\u043d\u043e\u0437\u0435\u043c\u043d\u043e\u0457 \u0434\u043b\u044f \u043f\u043e\u0447\u0430\u0442\u043a\u0456\u0432\u0446\u0456\u0432 &#8220;Poznaj i polub&#8221; &#8211; \u0446\u0435 \u0441\u0443\u0447\u0430\u0441\u043d\u0438\u0439 \u043a\u0443\u0440\u0441 \u043f\u043e\u043b\u044c\u0441\u044c\u043a\u043e\u0457 \u043c\u043e\u0432\u0438 \u044f\u043a \u0456\u043d\u043e\u0437\u0435\u043c\u043d\u043e\u0457, \u043f\u0440\u0438\u0437\u043d\u0430\u0447\u0435\u043d\u0438\u0439 \u0434\u043b\u044f \u0442\u0438\u0445, \u0445\u0442\u043e \u043f\u043e\u0447\u0438\u043d\u0430\u0454 \u0441\u0432\u043e\u044e \u043f\u043e\u0434\u043e\u0440\u043e\u0436 \u043f\u043e\u043b\u044c\u0441\u044c\u043a\u043e\u044e \u043c\u043e\u0432\u043e\u044e. \u041f\u0456\u0434\u0440\u0443\u0447\u043d\u0438\u043a \u0443 \u043f\u0440\u043e\u0441\u0442\u0456\u0439 \u0456 \u0434\u043e\u0441\u0442\u0443\u043f\u043d\u0456\u0439 \u0444\u043e\u0440\u043c\u0456 \u0437\u043d\u0430\u0439\u043e\u043c\u0438\u0442\u044c \u0437 \u043e\u0441\u043d\u043e\u0432\u0430\u043c\u0438 \u0441\u043f\u0456\u043b\u043a\u0443\u0432\u0430\u043d\u043d\u044f, \u043f\u043e\u0454\u0434\u043d\u0443\u044e\u0447\u0438 \u043f\u0440\u0430\u043a\u0442\u0438\u0447\u043d\u0443 \u043b\u0435\u043a\u0441\u0438\u043a\u0443 \u0437 \u043d\u0430\u0439\u0432\u0430\u0436\u043b\u0438\u0432\u0456\u0448\u0438\u043c\u0438 \u0433\u0440\u0430\u043c\u0430\u0442\u0438\u0447\u043d\u0438\u043c\u0438 \u0441\u0442\u0440\u0443\u043a\u0442\u0443\u0440\u0430\u043c\u0438. \u041f\u0435\u0440\u0435\u0433\u043b\u044f\u043d\u0443\u0442\u0438 \u043f\u0440\u043e\u0434\u0443\u043a\u0442 \u041c\u0430\u0433\u0430\u0437\u0438\u043d 2,20&nbsp;&#122;&#322; Bez kategorii Testowy produkt sprawd\u017a produkt 124,00&nbsp;&#122;&#322; Pierwotna cena wynosi\u0142a: 124,00&nbsp;&#122;&#322;.99,00&nbsp;&#122;&#322;Aktualna cena wynosi: 99,00&nbsp;&#122;&#322;. Ksi\u0105\u017cki &quot;Poznaj i polub&quot; &#8211; innowacyjny kurs j\u0119zyka polskiego jako obcego dla pocz\u0105tkuj\u0105cych sprawd\u017a produkt<\/p>\n","protected":false},"author":4,"featured_media":0,"parent":0,"menu_order":0,"comment_status":"closed","ping_status":"closed","template":"","meta":{"_acf_changed":false,"footnotes":""},"class_list":["post-4505","page","type-page","status-publish","hentry"],"acf":[],"rttpg_featured_image_url":null,"rttpg_author":{"display_name":"globalschool","author_link":"https:\/\/globalschool.pl\/uk\/author\/globalschool\/"},"rttpg_comment":0,"rttpg_category":" <a href=\"https:\/\/globalschool.pl\/uk\/?taxonomy=translation_priority&#038;term=%d0%bd%d0%b5%d0%be%d0%b1%d0%be%d0%b2%d1%8f%d0%b7%d0%ba%d0%be%d0%b2%d0%be\" rel=\"tag\">\u041d\u0435\u043e\u0431\u043e\u0432'\u044f\u0437\u043a\u043e\u0432\u043e<\/a>","rttpg_excerpt":"\u00ab\u0412\u0456\u0434\u043a\u0440\u0438\u0439 \u0442\u0430 \u043f\u043e\u0441\u0442\u0430\u0432 \u043b\u0430\u0439\u043a\u00bb \u2013 \u043f\u0456\u0434\u0440\u0443\u0447\u043d\u0438\u043a \u0437 \u0432\u0438\u0432\u0447\u0435\u043d\u043d\u044f \u043f\u043e\u043b\u044c\u0441\u044c\u043a\u043e\u0457 \u043c\u043e\u0432\u0438 \u044f\u043a \u0456\u043d\u043e\u0437\u0435\u043c\u043d\u043e\u0457 \u0434\u043b\u044f \u043f\u043e\u0447\u0430\u0442\u043a\u0456\u0432\u0446\u0456\u0432 &#8220;Poznaj i polub&#8221; &#8211; \u0446\u0435 \u0441\u0443\u0447\u0430\u0441\u043d\u0438\u0439 \u043a\u0443\u0440\u0441 \u043f\u043e\u043b\u044c\u0441\u044c\u043a\u043e\u0457 \u043c\u043e\u0432\u0438 \u044f\u043a \u0456\u043d\u043e\u0437\u0435\u043c\u043d\u043e\u0457, \u043f\u0440\u0438\u0437\u043d\u0430\u0447\u0435\u043d\u0438\u0439 \u0434\u043b\u044f \u0442\u0438\u0445, \u0445\u0442\u043e \u043f\u043e\u0447\u0438\u043d\u0430\u0454 \u0441\u0432\u043e\u044e \u043f\u043e\u0434\u043e\u0440\u043e\u0436 \u043f\u043e\u043b\u044c\u0441\u044c\u043a\u043e\u044e \u043c\u043e\u0432\u043e\u044e. \u041f\u0456\u0434\u0440\u0443\u0447\u043d\u0438\u043a \u0443 \u043f\u0440\u043e\u0441\u0442\u0456\u0439 \u0456 \u0434\u043e\u0441\u0442\u0443\u043f\u043d\u0456\u0439 \u0444\u043e\u0440\u043c\u0456 \u0437\u043d\u0430\u0439\u043e\u043c\u0438\u0442\u044c \u0437 \u043e\u0441\u043d\u043e\u0432\u0430\u043c\u0438 \u0441\u043f\u0456\u043b\u043a\u0443\u0432\u0430\u043d\u043d\u044f, \u043f\u043e\u0454\u0434\u043d\u0443\u044e\u0447\u0438 \u043f\u0440\u0430\u043a\u0442\u0438\u0447\u043d\u0443 \u043b\u0435\u043a\u0441\u0438\u043a\u0443 \u0437 \u043d\u0430\u0439\u0432\u0430\u0436\u043b\u0438\u0432\u0456\u0448\u0438\u043c\u0438 \u0433\u0440\u0430\u043c\u0430\u0442\u0438\u0447\u043d\u0438\u043c\u0438 \u0441\u0442\u0440\u0443\u043a\u0442\u0443\u0440\u0430\u043c\u0438. \u041f\u0435\u0440\u0435\u0433\u043b\u044f\u043d\u0443\u0442\u0438 \u043f\u0440\u043e\u0434\u0443\u043a\u0442 \u041c\u0430\u0433\u0430\u0437\u0438\u043d 2,20&nbsp;&#122;&#322;&hellip;","_links":{"self":[{"href":"https:\/\/globalschool.pl\/uk\/wp-json\/wp\/v2\/pages\/4505","targetHints":{"allow":["GET"]}}],"collection":[{"href":"https:\/\/globalschool.pl\/uk\/wp-json\/wp\/v2\/pages"}],"about":[{"href":"https:\/\/globalschool.pl\/uk\/wp-json\/wp\/v2\/types\/page"}],"author":[{"embeddable":true,"href":"https:\/\/globalschool.pl\/uk\/wp-json\/wp\/v2\/users\/4"}],"replies":[{"embeddable":true,"href":"https:\/\/globalschool.pl\/uk\/wp-json\/wp\/v2\/comments?post=4505"}],"version-history":[{"count":6,"href":"https:\/\/globalschool.pl\/uk\/wp-json\/wp\/v2\/pages\/4505\/revisions"}],"predecessor-version":[{"id":4977,"href":"https:\/\/globalschool.pl\/uk\/wp-json\/wp\/v2\/pages\/4505\/revisions\/4977"}],"wp:attachment":[{"href":"https:\/\/globalschool.pl\/uk\/wp-json\/wp\/v2\/media?parent=4505"}],"curies":[{"name":"wp","href":"https:\/\/api.w.org\/{rel}","templated":true}]}}