{"id":4197,"date":"2025-07-30T10:37:42","date_gmt":"2025-07-30T08:37:42","guid":{"rendered":"https:\/\/globalschool.pl\/%d0%b2%d0%b8%d0%b2%d1%87%d0%b5%d0%bd%d0%bd%d1%8f-udsc\/"},"modified":"2025-07-30T11:47:37","modified_gmt":"2025-07-30T09:47:37","slug":"%d0%b2%d0%b8%d0%b2%d1%87%d0%b5%d0%bd%d0%bd%d1%8f-udsc","status":"publish","type":"page","link":"https:\/\/globalschool.pl\/uk\/%d0%b2%d0%b8%d0%b2%d1%87%d0%b5%d0%bd%d0%bd%d1%8f-udsc\/","title":{"rendered":"\u0412\u0438\u0432\u0447\u0435\u043d\u043d\u044f UDSC"},"content":{"rendered":"\t\t<div data-elementor-type=\"wp-page\" data-elementor-id=\"4197\" class=\"elementor elementor-4197 elementor-4143\">\n\t\t\t\t<div class=\"elementor-element elementor-element-7016766 e-flex e-con-boxed wpr-particle-no wpr-jarallax-no wpr-parallax-no wpr-sticky-section-no e-con e-parent\" data-id=\"7016766\" data-element_type=\"container\">\n\t\t\t\t\t<div class=\"e-con-inner\">\n\t\t\t\t<div class=\"elementor-element elementor-element-01458f1 globalschool-border-bottom elementor-widget__width-initial elementor-widget elementor-widget-heading\" data-id=\"01458f1\" data-element_type=\"widget\" data-widget_type=\"heading.default\">\n\t\t\t\t<div class=\"elementor-widget-container\">\n\t\t\t\t\t<h1 class=\"elementor-heading-title elementor-size-default\">\u0412\u0438\u0432\u0447\u0435\u043d\u043d\u044f UDSC<\/h1>\t\t\t\t<\/div>\n\t\t\t\t<\/div>\n\t\t\t\t\t<\/div>\n\t\t\t\t<\/div>\n\t\t<div class=\"elementor-element elementor-element-c68ca81 e-flex e-con-boxed wpr-particle-no wpr-jarallax-no wpr-parallax-no wpr-sticky-section-no e-con e-parent\" data-id=\"c68ca81\" data-element_type=\"container\">\n\t\t\t\t\t<div class=\"e-con-inner\">\n\t\t\t\t<div class=\"elementor-element elementor-element-2f51d974 elementor-widget elementor-widget-text-editor\" data-id=\"2f51d974\" data-element_type=\"widget\" data-widget_type=\"text-editor.default\">\n\t\t\t\t<div class=\"elementor-widget-container\">\n\t\t\t\t\t\t\t\t\t\n<p>\n<div class=\"school-post-list\">\n            <a href=\"https:\/\/globalschool.pl\/uk\/szkolenie-udsc-aktualnosc-4-template\/\">\n            <img decoding=\"async\" src=\"https:\/\/globalschool.pl\/wp-content\/uploads\/Depositphotos_429886504_ds-scaled.jpg\">\n\n            <h2>Nauka j\u0119zyka polskiego jako obcego<\/h2>\n            <span>Kurs j\u0119zyka polskiego dla os\u00f3b korzystaj\u0105cych z pomocy udzielanej przez Urz\u0105d do Spraw Cudzoziemc\u00f3w&#8230;<\/span>\n        <\/a>\n            <a href=\"https:\/\/globalschool.pl\/uk\/szkolenie-udsc-aktualnosc-3\/\">\n            <img decoding=\"async\" src=\"https:\/\/globalschool.pl\/wp-content\/uploads\/Depositphotos_385281840_XL-1-scaled.jpg\">\n\n            <h2>Kursy orientacyjne o Polsce<\/h2>\n            <span>Kurs dla os\u00f3b korzystaj\u0105cych z pomocy udzielanej przez Urz\u0105d do Spraw Cudzoziemc\u00f3w&#8230;<\/span>\n        <\/a>\n            <a href=\"https:\/\/globalschool.pl\/uk\/szkolenie-udsc-aktualnosc-2\/\">\n            <img decoding=\"async\" src=\"https:\/\/globalschool.pl\/wp-content\/uploads\/Depositphotos_173304880_XL-scaled.jpg\">\n\n            <h2>Szkolenie UDSC \u2013 Aktualno\u015b\u0107 2<\/h2>\n            <span>&#8220;Can I get you anything else?&#8221; David asked. It was a question he asked a hundred times a day and he always received the same answer. It had become such an ingrained part of his daily routi&#8230;<\/span>\n        <\/a>\n            <a href=\"https:\/\/globalschool.pl\/uk\/szkolenie-udsc-aktualnosc-1\/\">\n            <img decoding=\"async\" src=\"https:\/\/globalschool.pl\/wp-content\/uploads\/Depositphotos_26746789_S.jpg\">\n\n            <h2>Szkolenie UDSC &#8211; Aktualno\u015b\u0107 1<\/h2>\n            <span>Finding the red rose in the mailbox was a pleasant surprise for Sarah. She didn&#8217;t have a boyfriend or know of anyone who was interested in her as anything more than a friend. There wasn&#8217;t &#8230;<\/span>\n        <\/a>\n    \n<\/div><\/p>\n\t\t\t\t\t\t\t\t<\/div>\n\t\t\t\t<\/div>\n\t\t\t\t\t<\/div>\n\t\t\t\t<\/div>\n\t\t\t\t<\/div>\n\t\t","protected":false},"excerpt":{"rendered":"<p>\u0412\u0438\u0432\u0447\u0435\u043d\u043d\u044f UDSC<\/p>\n","protected":false},"author":4,"featured_media":0,"parent":0,"menu_order":0,"comment_status":"closed","ping_status":"closed","template":"","meta":{"_acf_changed":false,"footnotes":""},"class_list":["post-4197","page","type-page","status-publish","hentry"],"acf":[],"rttpg_featured_image_url":null,"rttpg_author":{"display_name":"globalschool","author_link":"https:\/\/globalschool.pl\/uk\/author\/globalschool\/"},"rttpg_comment":0,"rttpg_category":" <a href=\"https:\/\/globalschool.pl\/uk\/?taxonomy=translation_priority&#038;term=%d0%bd%d0%b5%d0%be%d0%b1%d0%be%d0%b2%d1%8f%d0%b7%d0%ba%d0%be%d0%b2%d0%be\" rel=\"tag\">\u041d\u0435\u043e\u0431\u043e\u0432'\u044f\u0437\u043a\u043e\u0432\u043e<\/a>","rttpg_excerpt":"\u0412\u0438\u0432\u0447\u0435\u043d\u043d\u044f UDSC","_links":{"self":[{"href":"https:\/\/globalschool.pl\/uk\/wp-json\/wp\/v2\/pages\/4197","targetHints":{"allow":["GET"]}}],"collection":[{"href":"https:\/\/globalschool.pl\/uk\/wp-json\/wp\/v2\/pages"}],"about":[{"href":"https:\/\/globalschool.pl\/uk\/wp-json\/wp\/v2\/types\/page"}],"author":[{"embeddable":true,"href":"https:\/\/globalschool.pl\/uk\/wp-json\/wp\/v2\/users\/4"}],"replies":[{"embeddable":true,"href":"https:\/\/globalschool.pl\/uk\/wp-json\/wp\/v2\/comments?post=4197"}],"version-history":[{"count":1,"href":"https:\/\/globalschool.pl\/uk\/wp-json\/wp\/v2\/pages\/4197\/revisions"}],"predecessor-version":[{"id":4199,"href":"https:\/\/globalschool.pl\/uk\/wp-json\/wp\/v2\/pages\/4197\/revisions\/4199"}],"wp:attachment":[{"href":"https:\/\/globalschool.pl\/uk\/wp-json\/wp\/v2\/media?parent=4197"}],"curies":[{"name":"wp","href":"https:\/\/api.w.org\/{rel}","templated":true}]}}