{"id":4039,"date":"2025-06-15T21:13:46","date_gmt":"2025-06-15T19:13:46","guid":{"rendered":"https:\/\/globalschool.pl\/%d0%b7%d0%b0%d1%80%d0%b5%d1%94%d1%81%d1%82%d1%80%d1%83%d0%b2%d0%b0%d1%82%d0%b8%d1%81%d1%8f-%d0%bd%d0%b0-%d1%96%d1%81%d0%bf%d0%b8%d1%82\/"},"modified":"2025-06-15T21:27:34","modified_gmt":"2025-06-15T19:27:34","slug":"%d0%b7%d0%b0%d1%80%d0%b5%d1%94%d1%81%d1%82%d1%80%d1%83%d0%b2%d0%b0%d1%82%d0%b8%d1%81%d1%8f-%d0%bd%d0%b0-%d1%96%d1%81%d0%bf%d0%b8%d1%82","status":"publish","type":"page","link":"https:\/\/globalschool.pl\/uk\/%d0%b7%d0%b0%d1%80%d0%b5%d1%94%d1%81%d1%82%d1%80%d1%83%d0%b2%d0%b0%d1%82%d0%b8%d1%81%d1%8f-%d0%bd%d0%b0-%d1%96%d1%81%d0%bf%d0%b8%d1%82\/","title":{"rendered":"\u0417\u0430\u0440\u0435\u0454\u0441\u0442\u0440\u0443\u0432\u0430\u0442\u0438\u0441\u044f \u043d\u0430 \u0456\u0441\u043f\u0438\u0442"},"content":{"rendered":"\t\t<div data-elementor-type=\"wp-page\" data-elementor-id=\"4039\" class=\"elementor elementor-4039 elementor-4020\">\n\t\t\t\t<div class=\"elementor-element elementor-element-7c16764 e-flex e-con-boxed wpr-particle-no wpr-jarallax-no wpr-parallax-no wpr-sticky-section-no e-con e-parent\" data-id=\"7c16764\" data-element_type=\"container\">\n\t\t\t\t\t<div class=\"e-con-inner\">\n\t\t\t\t<div class=\"elementor-element elementor-element-9ab338d elementor-widget elementor-widget-heading\" data-id=\"9ab338d\" data-element_type=\"widget\" data-widget_type=\"heading.default\">\n\t\t\t\t<div class=\"elementor-widget-container\">\n\t\t\t\t\t<h1 class=\"elementor-heading-title elementor-size-default\">\u0417\u0430\u044f\u0432\u043a\u0430 \u043d\u0430 \u0443\u0447\u0430\u0441\u0442\u044c \u0443 \u043a\u043e\u043d\u043a\u0443\u0440\u0441\u0456<\/h1>\t\t\t\t<\/div>\n\t\t\t\t<\/div>\n\t\t\t\t<div class=\"elementor-element elementor-element-82dea2f elementor-widget elementor-widget-text-editor\" data-id=\"82dea2f\" data-element_type=\"widget\" data-widget_type=\"text-editor.default\">\n\t\t\t\t<div class=\"elementor-widget-container\">\n\t\t\t\t\t\t\t\t\t\u042f\u043a\u0449\u043e \u0432\u0438 \u0431\u0430\u0436\u0430\u0454\u0442\u0435 \u043e\u0442\u0440\u0438\u043c\u0430\u0442\u0438 \u0441\u0435\u0440\u0442\u0438\u0444\u0456\u043a\u0430\u0442 TGLS, \u0437\u0430\u043f\u043e\u0432\u043d\u0456\u0442\u044c, \u0431\u0443\u0434\u044c \u043b\u0430\u0441\u043a\u0430, \u0444\u043e\u0440\u043c\u0443, \u0456 \u043c\u0438 \u0437\u0432&#8217;\u044f\u0436\u0435\u043c\u043e\u0441\u044f \u0437 \u0432\u0430\u043c\u0438.\t\t\t\t\t\t\t\t<\/div>\n\t\t\t\t<\/div>\n\t\t\t\t<div class=\"elementor-element elementor-element-772ce77 elementor-widget elementor-widget-text-editor\" data-id=\"772ce77\" data-element_type=\"widget\" data-widget_type=\"text-editor.default\">\n\t\t\t\t<div class=\"elementor-widget-container\">\n\t\t\t\t\t\t\t\t\t<p>\u0412\u0441\u0456 \u043f\u043e\u043b\u044f \u0443 \u0444\u043e\u0440\u043c\u0456 \u0454 \u043e\u0431\u043e\u0432&#8217;\u044f\u0437\u043a\u043e\u0432\u0438\u043c\u0438 \u0434\u043b\u044f \u0437\u0430\u043f\u043e\u0432\u043d\u0435\u043d\u043d\u044f<\/p>\t\t\t\t\t\t\t\t<\/div>\n\t\t\t\t<\/div>\n\t\t\t\t<div class=\"elementor-element elementor-element-1dfab1d eael-contact-form-7-button-align-left eael-contact-form-7-button-custom elementor-widget elementor-widget-eael-contact-form-7\" data-id=\"1dfab1d\" data-element_type=\"widget\" data-widget_type=\"eael-contact-form-7.default\">\n\t\t\t\t<div class=\"elementor-widget-container\">\n\t\t\t\t\t<div class=\"eael-contact-form-7-wrapper\">\n                <div class=\"eael-contact-form eael-contact-form-7 eael-contact-form-1dfab1d placeholder-show eael-contact-form-align-default\">\n<div class=\"wpcf7 no-js\" id=\"wpcf7-f4035-o1\" lang=\"uk\" dir=\"ltr\" data-wpcf7-id=\"4035\">\n<div class=\"screen-reader-response\"><p role=\"status\" aria-live=\"polite\" aria-atomic=\"true\"><\/p> <ul><\/ul><\/div>\n<form action=\"\/uk\/wp-json\/wp\/v2\/pages\/4039#wpcf7-f4035-o1\" method=\"post\" class=\"wpcf7-form init\" aria-label=\"\u041a\u043e\u043d\u0442\u0430\u043a\u0442\u043d\u0430 \u0444\u043e\u0440\u043c\u0430\" novalidate=\"novalidate\" data-status=\"init\">\n<fieldset class=\"hidden-fields-container\"><input type=\"hidden\" name=\"_wpcf7\" value=\"4035\" \/><input type=\"hidden\" name=\"_wpcf7_version\" value=\"6.1.2\" \/><input type=\"hidden\" name=\"_wpcf7_locale\" value=\"uk\" \/><input type=\"hidden\" name=\"_wpcf7_unit_tag\" value=\"wpcf7-f4035-o1\" \/><input type=\"hidden\" name=\"_wpcf7_container_post\" value=\"0\" \/><input type=\"hidden\" name=\"_wpcf7_posted_data_hash\" value=\"\" \/>\n<\/fieldset>\n<p><label> \u0412\u0430\u0448\u0435 \u0456\u043c'\u044f?<br \/>\n<span class=\"wpcf7-form-control-wrap\" data-name=\"your-name\"><input size=\"40\" maxlength=\"400\" class=\"wpcf7-form-control wpcf7-text wpcf7-validates-as-required\" autocomplete=\"name\" aria-required=\"true\" aria-invalid=\"false\" value=\"\" type=\"text\" name=\"your-name\" \/><\/span> <\/label>\n<\/p>\n<p><label> \u0412\u0430\u0448\u0430 \u0430\u0434\u0440\u0435\u0441\u0430 \u0435\u043b\u0435\u043a\u0442\u0440\u043e\u043d\u043d\u043e\u0457 \u043f\u043e\u0448\u0442\u0438<br \/>\n<span class=\"wpcf7-form-control-wrap\" data-name=\"your-email\"><input size=\"40\" maxlength=\"400\" class=\"wpcf7-form-control wpcf7-email wpcf7-validates-as-required wpcf7-text wpcf7-validates-as-email\" autocomplete=\"email\" aria-required=\"true\" aria-invalid=\"false\" value=\"\" type=\"email\" name=\"your-email\" \/><\/span> <\/label>\n<\/p>\n<p><label> \u0412\u0430\u0448 \u043d\u043e\u043c\u0435\u0440 \u0442\u0435\u043b\u0435\u0444\u043e\u043d\u0443<br \/>\n<span class=\"wpcf7-form-control-wrap\" data-name=\"phone-number\"><input size=\"40\" maxlength=\"400\" class=\"wpcf7-form-control wpcf7-tel wpcf7-validates-as-required wpcf7-text wpcf7-validates-as-tel\" aria-required=\"true\" aria-invalid=\"false\" value=\"\" type=\"tel\" name=\"phone-number\" \/><\/span> <\/label>\n<\/p>\n<p><label> \u0412\u0438\u0431\u0435\u0440\u0456\u0442\u044c \u0444\u043e\u0440\u043c\u0443:<br \/>\n<span class=\"wpcf7-form-control-wrap\" data-name=\"forma\"><select class=\"wpcf7-form-control wpcf7-select wpcf7-validates-as-required\" aria-required=\"true\" aria-invalid=\"false\" name=\"forma\"><option value=\"\">\u0412\u0438\u0431\u0435\u0440\u0456\u0442\u044c \u0444\u043e\u0440\u043c\u0443<\/option><option value=\"\u041e\u043d\u043b\u0430\u0439\u043d\">\u041e\u043d\u043b\u0430\u0439\u043d<\/option><option value=\"\u0421\u0442\u0430\u0446\u0456\u043e\u043d\u0430\u0440\u043d\u043e - \u0412\u0430\u0440\u0448\u0430\u0432\u0430\">\u0421\u0442\u0430\u0446\u0456\u043e\u043d\u0430\u0440\u043d\u043e - \u0412\u0430\u0440\u0448\u0430\u0432\u0430<\/option><\/select><\/span><\/label>\n<\/p>\n<p><label> \u042f\u043a\u0438\u0439 \u0456\u0441\u043f\u0438\u0442 \u0432\u0430\u0441 \u0446\u0456\u043a\u0430\u0432\u0438\u0442\u044c?<br \/>\n<span class=\"wpcf7-form-control-wrap\" data-name=\"exam\"><select class=\"wpcf7-form-control wpcf7-select wpcf7-validates-as-required\" aria-required=\"true\" aria-invalid=\"false\" name=\"exam\"><option value=\"\">\u0406\u0441\u043f\u0438\u0442<\/option><option value=\"TGLS Direct Polish\">TGLS Direct Polish<\/option><option value=\"TGLS Direct English\">TGLS Direct English<\/option><option value=\"TGLS Direct German\">TGLS Direct German<\/option><option value=\"TGLS Direct French\">TGLS Direct French<\/option><\/select><\/span><\/label>\n<\/p>\n<p><label> \u0412\u0438\u0431\u0435\u0440\u0456\u0442\u044c \u0440\u0456\u0432\u0435\u043d\u044c<br \/>\n<span class=\"wpcf7-form-control-wrap\" data-name=\"level\"><select class=\"wpcf7-form-control wpcf7-select wpcf7-validates-as-required\" aria-required=\"true\" aria-invalid=\"false\" name=\"level\"><option value=\"\">\u0412\u0438\u0431\u0435\u0440\u0456\u0442\u044c \u0440\u0456\u0432\u0435\u043d\u044c<\/option><option value=\"A1\">A1<\/option><option value=\"A2\">A2<\/option><option value=\"B1\">B1<\/option><option value=\"B2\">B2<\/option><option value=\"C1\">C1<\/option><\/select><\/span><\/label>\n<\/p>\n<p><span class=\"wpcf7-form-control-wrap\" data-name=\"acceptance-558\"><span class=\"wpcf7-form-control wpcf7-acceptance\"><span class=\"wpcf7-list-item\"><label><input type=\"checkbox\" name=\"acceptance-558\" value=\"1\" aria-invalid=\"false\" \/><span class=\"wpcf7-list-item-label\">\u042f \u0434\u0430\u044e \u0437\u0433\u043e\u0434\u0443 \u043d\u0430 \u043e\u0431\u0440\u043e\u0431\u043a\u0443 \u043c\u043e\u0457\u0445 \u043f\u0435\u0440\u0441\u043e\u043d\u0430\u043b\u044c\u043d\u0438\u0445 \u0434\u0430\u043d\u0438\u0445 \u0434\u043b\u044f \u0446\u0456\u043b\u0435\u0439 \u0446\u0456\u0454\u0457 \u0437\u0430\u044f\u0432\u043a\u0438.<\/span><\/label><\/span><\/span><\/span>\n<\/p>\n<p><input class=\"wpcf7-form-control wpcf7-submit has-spinner\" type=\"submit\" value=\"\u041d\u0430\u0434\u0456\u0441\u043b\u0430\u0442\u0438\" \/>\n<\/p><div class=\"wpcf7-response-output\" aria-hidden=\"true\"><\/div>\n<\/form>\n<\/div>\n<\/div>\n            <\/div>\t\t\t\t<\/div>\n\t\t\t\t<\/div>\n\t\t\t\t\t<\/div>\n\t\t\t\t<\/div>\n\t\t\t\t<\/div>\n\t\t","protected":false},"excerpt":{"rendered":"<p>\u0417\u0430\u044f\u0432\u043a\u0430 \u043d\u0430 \u0443\u0447\u0430\u0441\u0442\u044c \u0443 \u043a\u043e\u043d\u043a\u0443\u0440\u0441\u0456 \u042f\u043a\u0449\u043e \u0432\u0438 \u0431\u0430\u0436\u0430\u0454\u0442\u0435 \u043e\u0442\u0440\u0438\u043c\u0430\u0442\u0438 \u0441\u0435\u0440\u0442\u0438\u0444\u0456\u043a\u0430\u0442 TGLS, \u0437\u0430\u043f\u043e\u0432\u043d\u0456\u0442\u044c, \u0431\u0443\u0434\u044c \u043b\u0430\u0441\u043a\u0430, \u0444\u043e\u0440\u043c\u0443, \u0456 \u043c\u0438 \u0437\u0432&#8217;\u044f\u0436\u0435\u043c\u043e\u0441\u044f \u0437 \u0432\u0430\u043c\u0438. \u0412\u0441\u0456 \u043f\u043e\u043b\u044f \u0443 \u0444\u043e\u0440\u043c\u0456 \u0454 \u043e\u0431\u043e\u0432&#8217;\u044f\u0437\u043a\u043e\u0432\u0438\u043c\u0438 \u0434\u043b\u044f \u0437\u0430\u043f\u043e\u0432\u043d\u0435\u043d\u043d\u044f Twoje imi\u0119 i nazwisko Tw\u00f3j adres e-mail Tw\u00f3j numer telefonu Wybierz form\u0119: Wybierz form\u0119OnlineStacjonarnie &#8211; Warszawa Jaki egzamin Ci\u0119 interesuje? EgzaminTGLS Direct PolskiTGLS Direct AngielskiTGLS Direct NiemieckiTGLS Direct Francuski Wybierz poziom Wybierz poziomA1A2B1B2C1 Wyra\u017cam zgod\u0119 na przetwarzanie moich danych osobowych na potrzeby niniejszego zg\u0142oszenia.<\/p>\n","protected":false},"author":4,"featured_media":0,"parent":0,"menu_order":0,"comment_status":"closed","ping_status":"closed","template":"","meta":{"_acf_changed":false,"footnotes":""},"class_list":["post-4039","page","type-page","status-publish","hentry"],"acf":[],"rttpg_featured_image_url":null,"rttpg_author":{"display_name":"globalschool","author_link":"https:\/\/globalschool.pl\/uk\/author\/globalschool\/"},"rttpg_comment":0,"rttpg_category":" <a href=\"https:\/\/globalschool.pl\/uk\/?taxonomy=translation_priority&#038;term=%d0%bd%d0%b5%d0%be%d0%b1%d0%be%d0%b2%d1%8f%d0%b7%d0%ba%d0%be%d0%b2%d0%be\" rel=\"tag\">\u041d\u0435\u043e\u0431\u043e\u0432'\u044f\u0437\u043a\u043e\u0432\u043e<\/a>","rttpg_excerpt":"\u0417\u0430\u044f\u0432\u043a\u0430 \u043d\u0430 \u0443\u0447\u0430\u0441\u0442\u044c \u0443 \u043a\u043e\u043d\u043a\u0443\u0440\u0441\u0456 \u042f\u043a\u0449\u043e \u0432\u0438 \u0431\u0430\u0436\u0430\u0454\u0442\u0435 \u043e\u0442\u0440\u0438\u043c\u0430\u0442\u0438 \u0441\u0435\u0440\u0442\u0438\u0444\u0456\u043a\u0430\u0442 TGLS, \u0437\u0430\u043f\u043e\u0432\u043d\u0456\u0442\u044c, \u0431\u0443\u0434\u044c \u043b\u0430\u0441\u043a\u0430, \u0444\u043e\u0440\u043c\u0443, \u0456 \u043c\u0438 \u0437\u0432&#8217;\u044f\u0436\u0435\u043c\u043e\u0441\u044f \u0437 \u0432\u0430\u043c\u0438. \u0412\u0441\u0456 \u043f\u043e\u043b\u044f \u0443 \u0444\u043e\u0440\u043c\u0456 \u0454 \u043e\u0431\u043e\u0432&#8217;\u044f\u0437\u043a\u043e\u0432\u0438\u043c\u0438 \u0434\u043b\u044f \u0437\u0430\u043f\u043e\u0432\u043d\u0435\u043d\u043d\u044f Twoje imi\u0119 i nazwisko Tw\u00f3j adres e-mail Tw\u00f3j numer telefonu Wybierz form\u0119: Wybierz form\u0119OnlineStacjonarnie &#8211; Warszawa Jaki egzamin Ci\u0119 interesuje? EgzaminTGLS Direct PolskiTGLS Direct AngielskiTGLS Direct NiemieckiTGLS&hellip;","_links":{"self":[{"href":"https:\/\/globalschool.pl\/uk\/wp-json\/wp\/v2\/pages\/4039","targetHints":{"allow":["GET"]}}],"collection":[{"href":"https:\/\/globalschool.pl\/uk\/wp-json\/wp\/v2\/pages"}],"about":[{"href":"https:\/\/globalschool.pl\/uk\/wp-json\/wp\/v2\/types\/page"}],"author":[{"embeddable":true,"href":"https:\/\/globalschool.pl\/uk\/wp-json\/wp\/v2\/users\/4"}],"replies":[{"embeddable":true,"href":"https:\/\/globalschool.pl\/uk\/wp-json\/wp\/v2\/comments?post=4039"}],"version-history":[{"count":1,"href":"https:\/\/globalschool.pl\/uk\/wp-json\/wp\/v2\/pages\/4039\/revisions"}],"predecessor-version":[{"id":4040,"href":"https:\/\/globalschool.pl\/uk\/wp-json\/wp\/v2\/pages\/4039\/revisions\/4040"}],"wp:attachment":[{"href":"https:\/\/globalschool.pl\/uk\/wp-json\/wp\/v2\/media?parent=4039"}],"curies":[{"name":"wp","href":"https:\/\/api.w.org\/{rel}","templated":true}]}}