{"id":2736,"date":"2024-04-17T13:51:34","date_gmt":"2024-04-17T11:51:34","guid":{"rendered":"https:\/\/olive-quail-903280.hostingersite.com\/%d1%82%d0%b5%d1%81%d1%82-%d0%bf%d0%be%d0%bb%d1%8c%d1%81%d1%8c%d0%ba%d0%b0-%d0%bc%d0%be%d0%b2%d0%b0\/"},"modified":"2025-02-12T14:37:22","modified_gmt":"2025-02-12T13:37:22","slug":"%d1%82%d0%b5%d1%81%d1%82-%d0%bf%d0%be%d0%bb%d1%8c%d1%81%d1%8c%d0%ba%d0%b0-%d0%bc%d0%be%d0%b2%d0%b0","status":"publish","type":"page","link":"https:\/\/globalschool.pl\/uk\/%d1%82%d0%b5%d1%81%d1%82-%d0%bf%d0%be%d0%bb%d1%8c%d1%81%d1%8c%d0%ba%d0%b0-%d0%bc%d0%be%d0%b2%d0%b0\/","title":{"rendered":"\u0422\u0415\u0421\u0422: \u041f\u041e\u041b\u042c\u0421\u042c\u041a\u0410 \u041c\u041e\u0412\u0410"},"content":{"rendered":"\t\t<div data-elementor-type=\"wp-page\" data-elementor-id=\"2736\" class=\"elementor elementor-2736 elementor-334\">\n\t\t\t\t<div class=\"elementor-element elementor-element-5d3b424 e-flex e-con-boxed wpr-particle-no wpr-jarallax-no wpr-parallax-no wpr-sticky-section-no e-con e-parent\" data-id=\"5d3b424\" data-element_type=\"container\">\n\t\t\t\t\t<div class=\"e-con-inner\">\n\t\t\t\t<div class=\"elementor-element elementor-element-7dfab45 elementor-widget__width-initial globalschool-heading-bottom elementor-widget elementor-widget-heading\" data-id=\"7dfab45\" data-element_type=\"widget\" data-widget_type=\"heading.default\">\n\t\t\t\t<div class=\"elementor-widget-container\">\n\t\t\t\t\t<h1 class=\"elementor-heading-title elementor-size-default\">\u0422\u0435\u0441\u0442: \u043f\u043e\u043b\u044c\u0441\u044c\u043a\u0430 \u043c\u043e\u0432\u0430<\/h1>\t\t\t\t<\/div>\n\t\t\t\t<\/div>\n\t\t\t\t<div class=\"elementor-element elementor-element-34f8525 elementor-widget__width-initial elementor-widget elementor-widget-heading\" data-id=\"34f8525\" data-element_type=\"widget\" data-widget_type=\"heading.default\">\n\t\t\t\t<div class=\"elementor-widget-container\">\n\t\t\t\t\t<h2 class=\"elementor-heading-title elementor-size-default\">\u043f\u0435\u0440\u0435\u0432\u0456\u0440\u0442\u0435 \u0441\u0432\u0456\u0439 \u043c\u043e\u0432\u043d\u0438\u0439 \u0440\u0456\u0432\u0435\u043d\u044c<\/h2>\t\t\t\t<\/div>\n\t\t\t\t<\/div>\n\t\t\t\t<div class=\"elementor-element elementor-element-710c547 elementor-widget__width-inherit elementor-widget elementor-widget-formidable\" data-id=\"710c547\" data-element_type=\"widget\" data-widget_type=\"formidable.default\">\n\t\t\t\t<div class=\"elementor-widget-container\">\n\t\t\t\t\t<div class=\"frm_forms  with_frm_style frm_center_submit frm_style_globalschool-2\" id=\"frm_form_5_container\" data-token=\"ce37a2c3cacde3185d042566af5fdd0d\">\n<form enctype=\"multipart\/form-data\" method=\"post\" class=\"frm-show-form  frm_js_validate  frm_ajax_submit  frm_pro_form  frm_slidein \" id=\"form_audyt-jezyk-polski\" data-token=\"ce37a2c3cacde3185d042566af5fdd0d\">\n<div class=\"frm_form_fields  frm_page_num_1\">\n<fieldset>\n<legend class=\"frm_screen_reader\">AUDYT - J\u0118ZYK POLSKI<\/legend>\r\n\r\n<div class=\"frm_fields_container\">\n<div class=\"frm_rootline_group\" role=\"group\" tabindex=\"0\" aria-label=\"Page 1 of 7\" ><ul class=\"frm_page_bar frm_rootline_7 frm_rootline frm_rootline_line  frm_show_lines frm_show_titles\"><li class=\"frm_rootline_single frm_current_page\"><input type=\"button\" value=\"1\" data-page=\"\" class=\" frm_page_1\" aria-disabled=\"true\" data-field=\"0\" aria-label=\"Dane osobowe\"  \/><span class=\"frm_rootline_title\">Dane osobowe<\/span><\/li><li class=\"frm_rootline_single\"><input type=\"button\" value=\"2\" data-page=\"21\" class=\"frm_page_skip frm_page_2\" data-field=\"130\" aria-label=\"\u0421\u0442\u043e\u0440\u0456\u043d\u043a\u0430 2\"  \/><span class=\"frm_rootline_title\">\u0421\u0442\u043e\u0440\u0456\u043d\u043a\u0430 2<\/span><\/li><li class=\"frm_rootline_single\"><input type=\"button\" value=\"3\" data-page=\"40\" class=\"frm_page_skip frm_page_3\" data-field=\"143\" aria-label=\"\u0421\u0442\u043e\u0440\u0456\u043d\u043a\u0430 3\"  \/><span class=\"frm_rootline_title\">\u0421\u0442\u043e\u0440\u0456\u043d\u043a\u0430 3<\/span><\/li><li class=\"frm_rootline_single\"><input type=\"button\" value=\"4\" data-page=\"57\" class=\"frm_page_skip frm_page_4\" data-field=\"155\" aria-label=\"\u0421\u0442\u043e\u0440\u0456\u043d\u043a\u0430 4\"  \/><span class=\"frm_rootline_title\">\u0421\u0442\u043e\u0440\u0456\u043d\u043a\u0430 4<\/span><\/li><li class=\"frm_rootline_single\"><input type=\"button\" value=\"5\" data-page=\"74\" class=\"frm_page_skip frm_page_5\" data-field=\"167\" aria-label=\"\u0421\u0442\u043e\u0440\u0456\u043d\u043a\u0430 5\"  \/><span class=\"frm_rootline_title\">\u0421\u0442\u043e\u0440\u0456\u043d\u043a\u0430 5<\/span><\/li><li class=\"frm_rootline_single\"><input type=\"button\" value=\"6\" data-page=\"91\" class=\"frm_page_skip frm_page_6\" data-field=\"179\" aria-label=\"\u0421\u0442\u043e\u0440\u0456\u043d\u043a\u0430 6\"  \/><span class=\"frm_rootline_title\">\u0421\u0442\u043e\u0440\u0456\u043d\u043a\u0430 6<\/span><\/li>\t\t<li class=\"frm_rootline_single frm_rootline_show_hidden_steps_btn frm_hidden\">\n\t\t\t<input type=\"button\" class=\"frm_rootline_show_more_btn\" value=\"\u00b7\u00b7\u00b7\" \/>\n\t\t\t<ul class=\"frm_rootline_hidden_steps frm_hidden\"><\/ul>\n\t\t<\/li>\n\t\t<li class=\"frm_rootline_single\"><input type=\"button\" value=\"7\" data-page=\"107\" class=\"frm_page_skip frm_page_7\" data-field=\"191\" aria-label=\"\u0421\u0442\u043e\u0440\u0456\u043d\u043a\u0430 7\"  \/><span class=\"frm_rootline_title\">\u0421\u0442\u043e\u0440\u0456\u043d\u043a\u0430 7<\/span><\/li><\/ul><div class=\"frm_clearfix\"><\/div><\/div><input type=\"hidden\" name=\"frm_action\" value=\"create\" \/>\n<input type=\"hidden\" name=\"form_id\" value=\"5\" \/>\n<input type=\"hidden\" name=\"frm_hide_fields_5\" id=\"frm_hide_fields_5\" value=\"\" \/>\n<input type=\"hidden\" name=\"form_key\" value=\"audyt-jezyk-polski\" \/>\n<input type=\"hidden\" name=\"item_meta[0]\" value=\"\" \/>\n<input type=\"hidden\" id=\"frm_submit_entry_5\" name=\"frm_submit_entry_5\" value=\"516ed75135\" \/><input type=\"hidden\" name=\"_wp_http_referer\" value=\"\/uk\/wp-json\/wp\/v2\/pages\/2736\" \/><input type=\"hidden\" name=\"item_meta[120]\" id=\"field_72k1r7\" value=\"\"  data-invmsg=\"Score \u0454 \u043d\u0435\u0434\u0456\u0439\u0441\u043d\u0438\u043c\"   \/>\n<div id=\"frm_field_122_container\" class=\"frm_form_field frm_section_heading form-field  best_fit center_me\">\r\n<h3 class=\"frm_pos_top frm_section_spacing\">Podaj dane<\/h3>\r\n\r\n\r\n<div id=\"frm_field_123_container\" class=\"frm_form_field form-field  frm_required_field frm_top_container\">\r\n    <label for=\"field_ztha03\" id=\"field_ztha03_label\" class=\"frm_primary_label\">Imi\u0119\r\n        <span class=\"frm_required\" aria-hidden=\"true\">*<\/span>\r\n    <\/label>\r\n    <input type=\"text\" id=\"field_ztha03\" name=\"item_meta[123]\" value=\"\"  data-sectionid=\"579\"  data-reqmsg=\"Imi\u0119 cannot be blank.\" aria-required=\"true\" data-invmsg=\"Tekst is invalid\" aria-invalid=\"false\"  \/>\r\n    \r\n    \r\n<\/div>\n<div id=\"frm_field_124_container\" class=\"frm_form_field form-field  frm_required_field frm_top_container\">\r\n    <label for=\"field_owl163\" id=\"field_owl163_label\" class=\"frm_primary_label\">Nazwisko\r\n        <span class=\"frm_required\" aria-hidden=\"true\">*<\/span>\r\n    <\/label>\r\n    <input type=\"text\" id=\"field_owl163\" name=\"item_meta[124]\" value=\"\"  data-sectionid=\"579\"  data-reqmsg=\"Nazwisko cannot be blank.\" aria-required=\"true\" data-invmsg=\"Tekst is invalid\" aria-invalid=\"false\"  \/>\r\n    \r\n    \r\n<\/div>\n<div id=\"frm_field_125_container\" class=\"frm_form_field form-field  frm_required_field frm_top_container\">\r\n    <label for=\"field_sacuo3\" id=\"field_sacuo3_label\" class=\"frm_primary_label\">E-mail\r\n        <span class=\"frm_required\" aria-hidden=\"true\">*<\/span>\r\n    <\/label>\r\n    <input type=\"email\" id=\"field_sacuo3\" name=\"item_meta[125]\" value=\"\"  data-sectionid=\"579\"  data-reqmsg=\"E-mail cannot be blank.\" aria-required=\"true\" data-invmsg=\"Email is invalid\" aria-invalid=\"false\"  \/>\r\n    \r\n    \r\n<\/div>\n<div id=\"frm_field_126_container\" class=\"frm_form_field form-field  frm_required_field frm_top_container\">\r\n    <label for=\"field_ndat53\" id=\"field_ndat53_label\" class=\"frm_primary_label\">Telefon\r\n        <span class=\"frm_required\" aria-hidden=\"true\">*<\/span>\r\n    <\/label>\r\n    <input type=\"tel\" id=\"field_ndat53\" name=\"item_meta[126]\" value=\"\"  data-sectionid=\"579\"  data-reqmsg=\"Telefon cannot be blank.\" aria-required=\"true\" data-invmsg=\"Phone is invalid\" aria-invalid=\"false\" pattern=\"((\\+\\d{1,3}(-|.| )?\\(?\\d\\)?(-| |.)?\\d{1,5})|(\\(?\\d{2,6}\\)?))(-|.| )?(\\d{3,4})(-|.| )?(\\d{4})(( x| ext)\\d{1,5}){0,1}$\"  \/>\r\n    \r\n    \r\n<\/div>\n<div id=\"frm_field_127_container\" class=\"frm_form_field form-field  frm_top_container\">\r\n    <label for=\"field_4f5753\" id=\"field_4f5753_label\" class=\"frm_primary_label\">Nazwa firmy\r\n        <span class=\"frm_required\" aria-hidden=\"true\"><\/span>\r\n    <\/label>\r\n    <input type=\"text\" id=\"field_4f5753\" name=\"item_meta[127]\" value=\"\"  data-sectionid=\"579\"  data-invmsg=\"Tekst is invalid\" aria-invalid=\"false\"  \/>\r\n    \r\n    \r\n<\/div>\n<div id=\"frm_field_128_container\" class=\"frm_form_field form-field  frm_required_field frm_none_container vertical_radio\">\r\n    <div  id=\"field_fwpnc3_label\" class=\"frm_primary_label\">Zgoda\r\n        <span class=\"frm_required\" aria-hidden=\"true\">*<\/span>\r\n    <\/div>\r\n    <div class=\"frm_opt_container\" aria-labelledby=\"field_fwpnc3_label\" role=\"group\">\t\t<div class=\"frm_checkbox\" id=\"frm_checkbox_128-579-0\">\t\t\t<label  for=\"field_fwpnc3-0\">\n\t\t\t<input type=\"checkbox\" name=\"item_meta[128][]\" id=\"field_fwpnc3-0\" value=\"Zapozna\u0142em(-am) si\u0119 i akceptuj\u0119 &lt;a href=&quot;https:\/\/globalschool.pl\/polityka-prywatnosci-rodo&quot; target=&quot;_blank&quot;&gt;Polityk\u0119 Prywatno\u015bci&lt;\/a&gt;\"  data-sectionid=\"579\"  data-reqmsg=\"Zgoda cannot be blank.\" data-invmsg=\"Zgoda jest nieprawid\u0142owe\" aria-invalid=\"false\"   aria-required=\"true\"  \/> Zapozna\u0142em(-am) si\u0119 i akceptuj\u0119 <a href=\"https:\/\/globalschool.pl\/polityka-prywatnosci-rodo\" target=\"_blank\">Polityk\u0119 Prywatno\u015bci<\/a><\/label><\/div>\n<\/div>\r\n    \r\n    \r\n<\/div>\n<\/div>\n<input type=\"hidden\" name=\"frm_page_order_5\" id=\"frm_page_order_5\" value=\"21\" \/><input type=\"hidden\" name=\"item_meta[132]\" id=\"field_siaw52\" value=\"\"     \/>\n<input type=\"hidden\" name=\"item_meta[133]\" id=\"field_vgwrk2-0\" value=\"\"  data-sectionid=\"588\"     \/>\n<input type=\"hidden\" name=\"item_meta[134]\" id=\"field_8zzkk-0\" value=\"\"  data-sectionid=\"588\"     \/>\n<input type=\"hidden\" name=\"item_meta[135]\" id=\"field_8f5fw2-0\" value=\"\"  data-sectionid=\"588\"     \/>\n<input type=\"hidden\" name=\"item_meta[136]\" id=\"field_v3p4e2-0\" value=\"\"  data-sectionid=\"588\"     \/>\n<input type=\"hidden\" name=\"item_meta[137]\" id=\"field_ytnka2-0\" value=\"\"  data-sectionid=\"588\"     \/>\n<input type=\"hidden\" name=\"item_meta[138]\" id=\"field_glrvk2-0\" value=\"\"  data-sectionid=\"588\"     \/>\n<input type=\"hidden\" name=\"item_meta[139]\" id=\"field_cldgz2-0\" value=\"\"  data-sectionid=\"588\"     \/>\n<input type=\"hidden\" name=\"item_meta[140]\" id=\"field_41je02-0\" value=\"\"  data-sectionid=\"588\"     \/>\n<input type=\"hidden\" name=\"item_meta[141]\" id=\"field_928m32-0\" value=\"\"  data-sectionid=\"588\"     \/>\n<input type=\"hidden\" name=\"item_meta[142]\" id=\"field_unn9k\" value=\"\"     \/>\n<input type=\"hidden\" name=\"item_meta[143]\" id=\"field_1rvc0\" value=\"\"  data-sectionid=\"588\"     \/>\n<input type=\"hidden\" name=\"item_meta[144]\" id=\"field_nivpq\" value=\"\"     \/>\n<input type=\"hidden\" name=\"item_meta[145]\" id=\"field_agyi92-0\" value=\"\"  data-sectionid=\"667\"     \/>\n<input type=\"hidden\" name=\"item_meta[146]\" id=\"field_l43cc2-0\" value=\"\"  data-sectionid=\"588\"     \/>\n<input type=\"hidden\" name=\"item_meta[147]\" id=\"field_i4l102-0\" value=\"\"  data-sectionid=\"588\"     \/>\n<input type=\"hidden\" name=\"item_meta[148]\" id=\"field_otnfg2-0\" value=\"\"  data-sectionid=\"667\"     \/>\n<input type=\"hidden\" name=\"item_meta[149]\" id=\"field_cxtz32-0\" value=\"\"  data-sectionid=\"588\"     \/>\n<input type=\"hidden\" name=\"item_meta[150]\" id=\"field_h97dm2-0\" value=\"\"  data-sectionid=\"588\"     \/>\n<input type=\"hidden\" name=\"item_meta[151]\" id=\"field_5ingr2-0\" value=\"\"  data-sectionid=\"667\"     \/>\n<input type=\"hidden\" name=\"item_meta[152]\" id=\"field_6fqr92-0\" value=\"\"  data-sectionid=\"588\"     \/>\n<input type=\"hidden\" name=\"item_meta[153]\" id=\"field_kxu6h2-0\" value=\"\"  data-sectionid=\"588\"     \/>\n<input type=\"hidden\" name=\"item_meta[154]\" id=\"field_yy0n0\" value=\"\"     \/>\n<input type=\"hidden\" name=\"item_meta[155]\" id=\"field_1uasc\" value=\"\"  data-sectionid=\"588\"     \/>\n<input type=\"hidden\" name=\"item_meta[156]\" id=\"field_oxjza\" value=\"\"     \/>\n<input type=\"hidden\" name=\"item_meta[157]\" id=\"field_m6jl62-0\" value=\"\"  data-sectionid=\"671\"     \/>\n<input type=\"hidden\" name=\"item_meta[158]\" id=\"field_7ri5d2-0\" value=\"\"  data-sectionid=\"588\"     \/>\n<input type=\"hidden\" name=\"item_meta[159]\" id=\"field_8qx232-0\" value=\"\"  data-sectionid=\"588\"     \/>\n<input type=\"hidden\" name=\"item_meta[160]\" id=\"field_aezg-0\" value=\"\"  data-sectionid=\"671\"     \/>\n<input type=\"hidden\" name=\"item_meta[161]\" id=\"field_klpgj2-0\" value=\"\"  data-sectionid=\"588\"     \/>\n<input type=\"hidden\" name=\"item_meta[162]\" id=\"field_9n98j2-0\" value=\"\"  data-sectionid=\"588\"     \/>\n<input type=\"hidden\" name=\"item_meta[163]\" id=\"field_173qh2-0\" value=\"\"  data-sectionid=\"671\"     \/>\n<input type=\"hidden\" name=\"item_meta[164]\" id=\"field_xvnm-0\" value=\"\"  data-sectionid=\"588\"     \/>\n<input type=\"hidden\" name=\"item_meta[165]\" id=\"field_jzi-0\" value=\"\"  data-sectionid=\"588\"     \/>\n<input type=\"hidden\" name=\"item_meta[166]\" id=\"field_df55h\" value=\"\"     \/>\n<input type=\"hidden\" name=\"item_meta[167]\" id=\"field_y3wpq\" value=\"\"  data-sectionid=\"588\"     \/>\n<input type=\"hidden\" name=\"item_meta[168]\" id=\"field_8cko4\" value=\"\"     \/>\n<input type=\"hidden\" name=\"item_meta[169]\" id=\"field_ur09a2-0\" value=\"\"  data-sectionid=\"669\"     \/>\n<input type=\"hidden\" name=\"item_meta[170]\" id=\"field_8gzr62-0\" value=\"\"  data-sectionid=\"588\"     \/>\n<input type=\"hidden\" name=\"item_meta[171]\" id=\"field_3050u2-0\" value=\"\"  data-sectionid=\"588\"     \/>\n<input type=\"hidden\" name=\"item_meta[172]\" id=\"field_y0u6i2-0\" value=\"\"  data-sectionid=\"669\"     \/>\n<input type=\"hidden\" name=\"item_meta[173]\" id=\"field_p584a2-0\" value=\"\"  data-sectionid=\"588\"     \/>\n<input type=\"hidden\" name=\"item_meta[174]\" id=\"field_z10be2-0\" value=\"\"  data-sectionid=\"588\"     \/>\n<input type=\"hidden\" name=\"item_meta[175]\" id=\"field_o2y5v2-0\" value=\"\"  data-sectionid=\"669\"     \/>\n<input type=\"hidden\" name=\"item_meta[176]\" id=\"field_seha-0\" value=\"\"  data-sectionid=\"588\"     \/>\n<input type=\"hidden\" name=\"item_meta[177]\" id=\"field_qa32e2-0\" value=\"\"  data-sectionid=\"588\"     \/>\n<input type=\"hidden\" name=\"item_meta[178]\" id=\"field_tnit8\" value=\"\"     \/>\n<input type=\"hidden\" name=\"item_meta[179]\" id=\"field_xajtw\" value=\"\"  data-sectionid=\"588\"     \/>\n<input type=\"hidden\" name=\"item_meta[180]\" id=\"field_2rx6b\" value=\"\"     \/>\n<input type=\"hidden\" name=\"item_meta[181]\" id=\"field_hlyi52-0\" value=\"\"  data-sectionid=\"673\"     \/>\n<input type=\"hidden\" name=\"item_meta[182]\" id=\"field_ie1ba2-0\" value=\"\"  data-sectionid=\"588\"     \/>\n<input type=\"hidden\" name=\"item_meta[183]\" id=\"field_n7dkc2-0\" value=\"\"  data-sectionid=\"588\"     \/>\n<input type=\"hidden\" name=\"item_meta[184]\" id=\"field_vxbjo2-0\" value=\"\"  data-sectionid=\"673\"     \/>\n<input type=\"hidden\" name=\"item_meta[185]\" id=\"field_w5z2q2-0\" value=\"\"  data-sectionid=\"588\"     \/>\n<input type=\"hidden\" name=\"item_meta[186]\" id=\"field_ijy3n2-0\" value=\"\"  data-sectionid=\"588\"     \/>\n<input type=\"hidden\" name=\"item_meta[187]\" id=\"field_5xvfd2-0\" value=\"\"  data-sectionid=\"673\"     \/>\n<input type=\"hidden\" name=\"item_meta[188]\" id=\"field_c4j202-0\" value=\"\"  data-sectionid=\"588\"     \/>\n<input type=\"hidden\" name=\"item_meta[189]\" id=\"field_vhjib2-0\" value=\"\"  data-sectionid=\"588\"     \/>\n<input type=\"hidden\" name=\"item_meta[190]\" id=\"field_ah8yl\" value=\"\"     \/>\n<input type=\"hidden\" name=\"item_meta[191]\" id=\"field_pvabc\" value=\"\"  data-sectionid=\"588\"     \/>\n<input type=\"hidden\" name=\"item_meta[192]\" id=\"field_61s82\" value=\"\"     \/>\n<input type=\"hidden\" name=\"item_meta[193]\" id=\"field_w3pip2-0\" value=\"\"  data-sectionid=\"675\"     \/>\n<input type=\"hidden\" name=\"item_meta[194]\" id=\"field_j17oj2-0\" value=\"\"  data-sectionid=\"588\"     \/>\n<input type=\"hidden\" name=\"item_meta[195]\" id=\"field_9vi042-0\" value=\"\"  data-sectionid=\"588\"     \/>\n<input type=\"hidden\" name=\"item_meta[196]\" id=\"field_8ftgl2-0\" value=\"\"  data-sectionid=\"675\"     \/>\n<input type=\"hidden\" name=\"item_meta[197]\" id=\"field_1q7352-0\" value=\"\"  data-sectionid=\"588\"     \/>\n<input type=\"hidden\" name=\"item_meta[198]\" id=\"field_f5zd9\" value=\"\"     \/>\n<input type=\"hidden\" name=\"item_meta[217]\" id=\"field_goa08\" value=\"\"     \/>\n\t<input type=\"hidden\" name=\"item_key\" value=\"\" \/>\n\t\t\t<div id=\"frm_field_223_container\">\n\t\t\t<label for=\"field_6aegf\" >\n\t\t\t\t\u042f\u043a\u0449\u043e \u0432\u0438 \u043b\u044e\u0434\u0438\u043d\u0430, \u0437\u0430\u043b\u0438\u0448\u0442\u0435 \u0446\u0435 \u043f\u043e\u043b\u0435 \u043f\u043e\u0440\u043e\u0436\u043d\u0456\u043c.\t\t\t<\/label>\n\t\t\t<input  id=\"field_6aegf\" type=\"text\" class=\"frm_form_field form-field frm_verify\" name=\"item_meta[223]\" value=\"\"  \/>\n\t\t<\/div>\n\t\t<input name=\"frm_state\" type=\"hidden\" value=\"Ywmv1jideZpixXso\/79\/eTpb5Q49KGFfrpTPfWApOgSyzNp875UA4mpRwDCSlhFT\" \/><div class=\"frm_submit\">\r\n\r\n<button class=\"frm_button_submit\" type=\"submit\"   formnovalidate=\"formnovalidate\">Przejd\u017a do testu<\/button>\r\n\r\n<\/div><\/div>\n<\/fieldset>\n<\/div>\n\n<\/form>\n<\/div>\n\t\t\t\t<\/div>\n\t\t\t\t<\/div>\n\t\t\t\t\t<\/div>\n\t\t\t\t<\/div>\n\t\t\t\t<\/div>\n\t\t","protected":false},"excerpt":{"rendered":"<p>\u0422\u0435\u0441\u0442: \u043f\u043e\u043b\u044c\u0441\u044c\u043a\u0430 \u043c\u043e\u0432\u0430 \u043f\u0435\u0440\u0435\u0432\u0456\u0440\u0442\u0435 \u0441\u0432\u0456\u0439 \u043c\u043e\u0432\u043d\u0438\u0439 \u0440\u0456\u0432\u0435\u043d\u044c AUDYT &#8211; J\u0118ZYK POLSKI Dane osobowe Page 2 Page 3 Page 4 Page 5 Page 6 Page 7 Podaj dane Imi\u0119 * Nazwisko * E-mail * Telefon * Nazwa firmy Zgoda * Zapozna\u0142em(-am) si\u0119 i akceptuj\u0119 Klauzul\u0119 informacyjn\u0105 If you are human, leave this field blank. Przejd\u017a do testu<\/p>\n","protected":false},"author":4,"featured_media":0,"parent":0,"menu_order":0,"comment_status":"closed","ping_status":"closed","template":"","meta":{"_acf_changed":false,"footnotes":""},"class_list":["post-2736","page","type-page","status-publish","hentry"],"acf":[],"rttpg_featured_image_url":null,"rttpg_author":{"display_name":"globalschool","author_link":"https:\/\/globalschool.pl\/uk\/author\/globalschool\/"},"rttpg_comment":0,"rttpg_category":" <a href=\"https:\/\/globalschool.pl\/uk\/?taxonomy=translation_priority&#038;term=%d0%bd%d0%b5%d0%be%d0%b1%d0%be%d0%b2%d1%8f%d0%b7%d0%ba%d0%be%d0%b2%d0%be\" rel=\"tag\">\u041d\u0435\u043e\u0431\u043e\u0432'\u044f\u0437\u043a\u043e\u0432\u043e<\/a>","rttpg_excerpt":"\u0422\u0435\u0441\u0442: \u043f\u043e\u043b\u044c\u0441\u044c\u043a\u0430 \u043c\u043e\u0432\u0430 \u043f\u0435\u0440\u0435\u0432\u0456\u0440\u0442\u0435 \u0441\u0432\u0456\u0439 \u043c\u043e\u0432\u043d\u0438\u0439 \u0440\u0456\u0432\u0435\u043d\u044c AUDYT &#8211; J\u0118ZYK POLSKI Dane osobowe Page 2 Page 3 Page 4 Page 5 Page 6 Page 7 Podaj dane Imi\u0119 * Nazwisko * E-mail * Telefon * Nazwa firmy Zgoda * Zapozna\u0142em(-am) si\u0119 i akceptuj\u0119 Klauzul\u0119 informacyjn\u0105 If you are human, leave this field blank. Przejd\u017a do&hellip;","_links":{"self":[{"href":"https:\/\/globalschool.pl\/uk\/wp-json\/wp\/v2\/pages\/2736","targetHints":{"allow":["GET"]}}],"collection":[{"href":"https:\/\/globalschool.pl\/uk\/wp-json\/wp\/v2\/pages"}],"about":[{"href":"https:\/\/globalschool.pl\/uk\/wp-json\/wp\/v2\/types\/page"}],"author":[{"embeddable":true,"href":"https:\/\/globalschool.pl\/uk\/wp-json\/wp\/v2\/users\/4"}],"replies":[{"embeddable":true,"href":"https:\/\/globalschool.pl\/uk\/wp-json\/wp\/v2\/comments?post=2736"}],"version-history":[{"count":4,"href":"https:\/\/globalschool.pl\/uk\/wp-json\/wp\/v2\/pages\/2736\/revisions"}],"predecessor-version":[{"id":2759,"href":"https:\/\/globalschool.pl\/uk\/wp-json\/wp\/v2\/pages\/2736\/revisions\/2759"}],"wp:attachment":[{"href":"https:\/\/globalschool.pl\/uk\/wp-json\/wp\/v2\/media?parent=2736"}],"curies":[{"name":"wp","href":"https:\/\/api.w.org\/{rel}","templated":true}]}}