{"id":2537,"date":"2024-04-15T15:22:49","date_gmt":"2024-04-15T13:22:49","guid":{"rendered":"https:\/\/olive-quail-903280.hostingersite.com\/%d0%ba%d0%be%d0%bd%d1%82%d0%b0%d0%ba%d1%82%d0%b8\/"},"modified":"2026-02-06T21:34:40","modified_gmt":"2026-02-06T20:34:40","slug":"%d0%ba%d0%be%d0%bd%d1%82%d0%b0%d0%ba%d1%82%d0%b8","status":"publish","type":"page","link":"https:\/\/globalschool.pl\/uk\/%d0%ba%d0%be%d0%bd%d1%82%d0%b0%d0%ba%d1%82%d0%b8\/","title":{"rendered":"\u041a\u043e\u043d\u0442\u0430\u043a\u0442\u0438"},"content":{"rendered":"\t\t<div data-elementor-type=\"wp-page\" data-elementor-id=\"2537\" class=\"elementor elementor-2537 elementor-238\">\n\t\t\t\t<div class=\"elementor-element elementor-element-7710e4a e-flex e-con-boxed wpr-particle-no wpr-jarallax-no wpr-parallax-no wpr-sticky-section-no e-con e-parent\" data-id=\"7710e4a\" data-element_type=\"container\">\n\t\t\t\t\t<div class=\"e-con-inner\">\n\t\t\t\t<div class=\"elementor-element elementor-element-19c688c globalschool-heading-bottom elementor-widget__width-initial elementor-widget elementor-widget-heading\" data-id=\"19c688c\" data-element_type=\"widget\" data-widget_type=\"heading.default\">\n\t\t\t\t<div class=\"elementor-widget-container\">\n\t\t\t\t\t<h1 class=\"elementor-heading-title elementor-size-default\">\u041a\u043e\u043d\u0442\u0430\u043a\u0442\u0438<\/h1>\t\t\t\t<\/div>\n\t\t\t\t<\/div>\n\t\t\t\t<div class=\"elementor-element elementor-element-107fc10 elementor-widget__width-initial eael-contact-form-7-button-align-left eael-contact-form-7-button-custom elementor-widget elementor-widget-eael-contact-form-7\" data-id=\"107fc10\" data-element_type=\"widget\" data-widget_type=\"eael-contact-form-7.default\">\n\t\t\t\t<div class=\"elementor-widget-container\">\n\t\t\t\t\t<div class=\"eael-contact-form-7-wrapper\">\n                <div class=\"eael-contact-form eael-contact-form-7 eael-contact-form-107fc10 placeholder-show eael-contact-form-align-center\">\n<div class=\"wpcf7 no-js\" id=\"wpcf7-f2926-o1\" lang=\"uk\" dir=\"ltr\" data-wpcf7-id=\"2926\">\n<div class=\"screen-reader-response\"><p role=\"status\" aria-live=\"polite\" aria-atomic=\"true\"><\/p> <ul><\/ul><\/div>\n<form action=\"\/uk\/wp-json\/wp\/v2\/pages\/2537#wpcf7-f2926-o1\" method=\"post\" class=\"wpcf7-form init\" aria-label=\"\u041a\u043e\u043d\u0442\u0430\u043a\u0442\u043d\u0430 \u0444\u043e\u0440\u043c\u0430\" novalidate=\"novalidate\" data-status=\"init\">\n<fieldset class=\"hidden-fields-container\"><input type=\"hidden\" name=\"_wpcf7\" value=\"2926\" \/><input type=\"hidden\" name=\"_wpcf7_version\" value=\"6.1.2\" \/><input type=\"hidden\" name=\"_wpcf7_locale\" value=\"uk\" \/><input type=\"hidden\" name=\"_wpcf7_unit_tag\" value=\"wpcf7-f2926-o1\" \/><input type=\"hidden\" name=\"_wpcf7_container_post\" value=\"0\" \/><input type=\"hidden\" name=\"_wpcf7_posted_data_hash\" value=\"\" \/>\n<\/fieldset>\n<p><label> \u0412\u0430\u0448\u0435 \u0456\u043c'\u044f \u0442\u0430 \u043f\u0440\u0456\u0437\u0432\u0438\u0449\u0435<br \/>\n<span class=\"wpcf7-form-control-wrap\" data-name=\"your-name\"><input size=\"40\" maxlength=\"400\" class=\"wpcf7-form-control wpcf7-text wpcf7-validates-as-required\" autocomplete=\"name\" aria-required=\"true\" aria-invalid=\"false\" value=\"\" type=\"text\" name=\"your-name\" \/><\/span> <\/label>\n<\/p>\n<p><label> \u0412\u0430\u0448\u0430 \u0430\u0434\u0440\u0435\u0441\u0430 \u0435\u043b\u0435\u043a\u0442\u0440\u043e\u043d\u043d\u043e\u0457 \u043f\u043e\u0448\u0442\u0438<br \/>\n<span class=\"wpcf7-form-control-wrap\" data-name=\"your-email\"><input size=\"40\" maxlength=\"400\" class=\"wpcf7-form-control wpcf7-email wpcf7-validates-as-required wpcf7-text wpcf7-validates-as-email\" autocomplete=\"email\" aria-required=\"true\" aria-invalid=\"false\" value=\"\" type=\"email\" name=\"your-email\" \/><\/span> <\/label>\n<\/p>\n<p><label> \u0412\u0430\u0448\u0435 \u043f\u043e\u0432\u0456\u0434\u043e\u043c\u043b\u0435\u043d\u043d\u044f<br \/>\n<span class=\"wpcf7-form-control-wrap\" data-name=\"your-message\"><textarea cols=\"40\" rows=\"10\" maxlength=\"2000\" class=\"wpcf7-form-control wpcf7-textarea wpcf7-validates-as-required\" aria-required=\"true\" aria-invalid=\"false\" name=\"your-message\"><\/textarea><\/span> <\/label>\n<\/p>\n<p><span class=\"wpcf7-form-control-wrap\" data-name=\"acceptance-558\"><span class=\"wpcf7-form-control wpcf7-acceptance\"><span class=\"wpcf7-list-item\"><label><input type=\"checkbox\" name=\"acceptance-558\" value=\"1\" aria-invalid=\"false\" \/><span class=\"wpcf7-list-item-label\">\u042f \u043f\u0440\u043e\u0447\u0438\u0442\u0430\u0432(-\u043b\u0430) \u0442\u0430 \u043f\u0440\u0438\u0439\u043c\u0430\u044e <a target=\"_blank\" href=\"https:\/\/globalschool.pl\/polityka-prywatnosci-rodo\/\">\u043f\u043e\u043b\u0456\u0442\u0438\u043a\u0443 \u043a\u043e\u043d\u0444\u0456\u0434\u0435\u043d\u0446\u0456\u0439\u043d\u043e\u0441\u0442\u0456.<\/a><\/span><\/label><\/span><\/span><\/span>\n<\/p>\n<p><input class=\"wpcf7-form-control wpcf7-submit has-spinner\" type=\"submit\" value=\"\u041d\u0430\u0434\u0456\u0441\u043b\u0430\u0442\u0438\" \/>\n<\/p><div class=\"wpcf7-response-output\" aria-hidden=\"true\"><\/div>\n<\/form>\n<\/div>\n<\/div>\n            <\/div>\t\t\t\t<\/div>\n\t\t\t\t<\/div>\n\t\t<a class=\"elementor-element elementor-element-c992986 e-con-full e-flex wpr-particle-no wpr-jarallax-no wpr-parallax-no wpr-sticky-section-no e-con e-child\" data-id=\"c992986\" data-element_type=\"container\" href=\"https:\/\/www.facebook.com\/profile.php?id=61551465650825\" target=\"_blank\">\n\t\t\t\t<div class=\"elementor-element elementor-element-f742bdf elementor-widget elementor-widget-image\" data-id=\"f742bdf\" data-element_type=\"widget\" data-widget_type=\"image.default\">\n\t\t\t\t<div class=\"elementor-widget-container\">\n\t\t\t\t\t\t\t\t\t\t\t\t\t\t\t<img loading=\"lazy\" decoding=\"async\" width=\"125\" height=\"125\" src=\"https:\/\/globalschool.pl\/wp-content\/uploads\/Messenger-Streamline-Svg-Logos-1.png\" class=\"attachment-large size-large wp-image-3838\" alt=\"\" \/>\t\t\t\t\t\t\t\t\t\t\t\t\t\t\t<\/div>\n\t\t\t\t<\/div>\n\t\t\t\t<div class=\"elementor-element elementor-element-e3af26f elementor-widget elementor-widget-heading\" data-id=\"e3af26f\" data-element_type=\"widget\" data-widget_type=\"heading.default\">\n\t\t\t\t<div class=\"elementor-widget-container\">\n\t\t\t\t\t<span class=\"elementor-heading-title elementor-size-default\">\u041d\u0430\u043f\u0438\u0448\u0456\u0442\u044c \u043d\u0430\u043c \u0443 \u041c\u0435\u0441\u0435\u043d\u0434\u0436\u0435\u0440\u0456\n<\/span>\t\t\t\t<\/div>\n\t\t\t\t<\/div>\n\t\t\t\t<\/a>\n\t\t\t\t\t<\/div>\n\t\t\t\t<\/div>\n\t\t<div class=\"elementor-element elementor-element-d886a40 e-flex e-con-boxed wpr-particle-no wpr-jarallax-no wpr-parallax-no wpr-sticky-section-no e-con e-parent\" data-id=\"d886a40\" data-element_type=\"container\">\n\t\t\t\t\t<div class=\"e-con-inner\">\n\t\t<div class=\"elementor-element elementor-element-61db126 e-con-full e-flex wpr-particle-no wpr-jarallax-no wpr-parallax-no wpr-sticky-section-no e-con e-child\" data-id=\"61db126\" data-element_type=\"container\">\n\t\t\t\t<div class=\"elementor-element elementor-element-bccd060 elementor-widget elementor-widget-image\" data-id=\"bccd060\" data-element_type=\"widget\" data-widget_type=\"image.default\">\n\t\t\t\t<div class=\"elementor-widget-container\">\n\t\t\t\t\t\t\t\t\t\t\t\t\t\t\t<img loading=\"lazy\" decoding=\"async\" width=\"16\" height=\"16\" src=\"https:\/\/globalschool.pl\/wp-content\/uploads\/Map-Pin-Fill-Streamline-Phosphor-Fill-1.svg\" class=\"attachment-large size-large wp-image-2538\" alt=\"\" \/>\t\t\t\t\t\t\t\t\t\t\t\t\t\t\t<\/div>\n\t\t\t\t<\/div>\n\t\t\t\t<div class=\"elementor-element elementor-element-54bfa44 elementor-widget elementor-widget-heading\" data-id=\"54bfa44\" data-element_type=\"widget\" data-widget_type=\"heading.default\">\n\t\t\t\t<div class=\"elementor-widget-container\">\n\t\t\t\t\t<span class=\"elementor-heading-title elementor-size-default\">J\u00f3zefa Pi\u0142udskiego 3\/58, 05-850 O\u017car\u00f3w Mazowiecki<\/span>\t\t\t\t<\/div>\n\t\t\t\t<\/div>\n\t\t\t\t<\/div>\n\t\t<div class=\"elementor-element elementor-element-7ea3fb6 e-con-full e-flex wpr-particle-no wpr-jarallax-no wpr-parallax-no wpr-sticky-section-no e-con e-child\" data-id=\"7ea3fb6\" data-element_type=\"container\">\n\t\t\t\t<div class=\"elementor-element elementor-element-5fc82fd elementor-widget elementor-widget-image\" data-id=\"5fc82fd\" data-element_type=\"widget\" data-widget_type=\"image.default\">\n\t\t\t\t<div class=\"elementor-widget-container\">\n\t\t\t\t\t\t\t\t\t\t\t\t\t\t\t<img loading=\"lazy\" decoding=\"async\" width=\"16\" height=\"16\" src=\"https:\/\/globalschool.pl\/wp-content\/uploads\/Phone-Fill-Streamline-Phosphor-Fill-1.svg\" class=\"attachment-large size-large wp-image-2540\" alt=\"\" \/>\t\t\t\t\t\t\t\t\t\t\t\t\t\t\t<\/div>\n\t\t\t\t<\/div>\n\t\t\t\t<div class=\"elementor-element elementor-element-2a244ec elementor-widget elementor-widget-heading\" data-id=\"2a244ec\" data-element_type=\"widget\" data-widget_type=\"heading.default\">\n\t\t\t\t<div class=\"elementor-widget-container\">\n\t\t\t\t\t<span class=\"elementor-heading-title elementor-size-default\"> 691 958 283<\/span>\t\t\t\t<\/div>\n\t\t\t\t<\/div>\n\t\t\t\t<\/div>\n\t\t<div class=\"elementor-element elementor-element-749c8ff e-con-full e-flex wpr-particle-no wpr-jarallax-no wpr-parallax-no wpr-sticky-section-no e-con e-child\" data-id=\"749c8ff\" data-element_type=\"container\">\n\t\t\t\t<div class=\"elementor-element elementor-element-d351077 elementor-widget elementor-widget-image\" data-id=\"d351077\" data-element_type=\"widget\" data-widget_type=\"image.default\">\n\t\t\t\t<div class=\"elementor-widget-container\">\n\t\t\t\t\t\t\t\t\t\t\t\t\t\t\t<img loading=\"lazy\" decoding=\"async\" width=\"16\" height=\"16\" src=\"https:\/\/globalschool.pl\/wp-content\/uploads\/At-Fill-Streamline-Phosphor-Fill-1.svg\" class=\"attachment-large size-large wp-image-2539\" alt=\"\" \/>\t\t\t\t\t\t\t\t\t\t\t\t\t\t\t<\/div>\n\t\t\t\t<\/div>\n\t\t\t\t<div class=\"elementor-element elementor-element-8b25d1d elementor-widget elementor-widget-heading\" data-id=\"8b25d1d\" data-element_type=\"widget\" data-widget_type=\"heading.default\">\n\t\t\t\t<div class=\"elementor-widget-container\">\n\t\t\t\t\t<span class=\"elementor-heading-title elementor-size-default\">  biuro@globalschool.pl<\/span>\t\t\t\t<\/div>\n\t\t\t\t<\/div>\n\t\t\t\t<\/div>\n\t\t\t\t\t<\/div>\n\t\t\t\t<\/div>\n\t\t<div class=\"elementor-element elementor-element-aa974a5 e-flex e-con-boxed wpr-particle-no wpr-jarallax-no wpr-parallax-no wpr-sticky-section-no e-con e-parent\" data-id=\"aa974a5\" data-element_type=\"container\">\n\t\t\t\t\t<div class=\"e-con-inner\">\n\t\t<div class=\"elementor-element elementor-element-081c2af e-con-full e-flex wpr-particle-no wpr-jarallax-no wpr-parallax-no wpr-sticky-section-no e-con e-child\" data-id=\"081c2af\" data-element_type=\"container\">\n\t\t\t\t<div class=\"elementor-element elementor-element-3d1b050 elementor-widget elementor-widget-google_maps\" data-id=\"3d1b050\" data-element_type=\"widget\" data-widget_type=\"google_maps.default\">\n\t\t\t\t<div class=\"elementor-widget-container\">\n\t\t\t\t\t\t\t<div class=\"elementor-custom-embed\">\n\t\t\t<iframe loading=\"lazy\"\n\t\t\t\t\tsrc=\"https:\/\/maps.google.com\/maps?q=Pi%C5%82sudskiego%203%2F58&#038;t=m&#038;z=15&#038;output=embed&#038;iwloc=near\"\n\t\t\t\t\ttitle=\"Pi\u0142sudskiego 3\/58\"\n\t\t\t\t\taria-label=\"Pi\u0142sudskiego 3\/58\"\n\t\t\t><\/iframe>\n\t\t<\/div>\n\t\t\t\t\t\t<\/div>\n\t\t\t\t<\/div>\n\t\t\t\t<\/div>\n\t\t\t\t\t<\/div>\n\t\t\t\t<\/div>\n\t\t\t\t<\/div>\n\t\t","protected":false},"excerpt":{"rendered":"<p>\u041a\u043e\u043d\u0442\u0430\u043a\u0442\u0438 Twoje imi\u0119 i nazwisko Tw\u00f3j adres e-mail Twoja wiadomo\u015bci Zapozna\u0142em si\u0119 i akceptuj\u0119 polityk\u0119 prywatno\u015bci. \u041d\u0430\u043f\u0438\u0448\u0456\u0442\u044c \u043d\u0430\u043c \u0443 \u041c\u0435\u0441\u0435\u043d\u0434\u0436\u0435\u0440\u0456 J\u00f3zefa Pi\u0142udskiego 3\/58, 05-850 O\u017car\u00f3w Mazowiecki 691 958 283 biuro@globalschool.pl<\/p>\n","protected":false},"author":4,"featured_media":0,"parent":0,"menu_order":0,"comment_status":"closed","ping_status":"closed","template":"","meta":{"_acf_changed":false,"footnotes":""},"class_list":["post-2537","page","type-page","status-publish","hentry"],"acf":[],"rttpg_featured_image_url":null,"rttpg_author":{"display_name":"globalschool","author_link":"https:\/\/globalschool.pl\/uk\/author\/globalschool\/"},"rttpg_comment":0,"rttpg_category":" <a href=\"https:\/\/globalschool.pl\/uk\/?taxonomy=translation_priority&#038;term=%d0%bd%d0%b5%d0%be%d0%b1%d0%be%d0%b2%d1%8f%d0%b7%d0%ba%d0%be%d0%b2%d0%be\" rel=\"tag\">\u041d\u0435\u043e\u0431\u043e\u0432'\u044f\u0437\u043a\u043e\u0432\u043e<\/a>","rttpg_excerpt":"\u041a\u043e\u043d\u0442\u0430\u043a\u0442\u0438 Twoje imi\u0119 i nazwisko Tw\u00f3j adres e-mail Twoja wiadomo\u015bci Zapozna\u0142em si\u0119 i akceptuj\u0119 polityk\u0119 prywatno\u015bci. \u041d\u0430\u043f\u0438\u0448\u0456\u0442\u044c \u043d\u0430\u043c \u0443 \u041c\u0435\u0441\u0435\u043d\u0434\u0436\u0435\u0440\u0456 J\u00f3zefa Pi\u0142udskiego 3\/58, 05-850 O\u017car\u00f3w Mazowiecki 691 958 283 biuro@globalschool.pl","_links":{"self":[{"href":"https:\/\/globalschool.pl\/uk\/wp-json\/wp\/v2\/pages\/2537","targetHints":{"allow":["GET"]}}],"collection":[{"href":"https:\/\/globalschool.pl\/uk\/wp-json\/wp\/v2\/pages"}],"about":[{"href":"https:\/\/globalschool.pl\/uk\/wp-json\/wp\/v2\/types\/page"}],"author":[{"embeddable":true,"href":"https:\/\/globalschool.pl\/uk\/wp-json\/wp\/v2\/users\/4"}],"replies":[{"embeddable":true,"href":"https:\/\/globalschool.pl\/uk\/wp-json\/wp\/v2\/comments?post=2537"}],"version-history":[{"count":10,"href":"https:\/\/globalschool.pl\/uk\/wp-json\/wp\/v2\/pages\/2537\/revisions"}],"predecessor-version":[{"id":5103,"href":"https:\/\/globalschool.pl\/uk\/wp-json\/wp\/v2\/pages\/2537\/revisions\/5103"}],"wp:attachment":[{"href":"https:\/\/globalschool.pl\/uk\/wp-json\/wp\/v2\/media?parent=2537"}],"curies":[{"name":"wp","href":"https:\/\/api.w.org\/{rel}","templated":true}]}}