{"id":4521,"date":"2025-09-25T20:05:41","date_gmt":"2025-09-25T18:05:41","guid":{"rendered":"https:\/\/globalschool.pl\/produkt\/apprenez-a-connaitre-et-a-aimer-un-cours-innovant-de-polonais-langue-etrangere-pour-debutants\/"},"modified":"2026-01-28T16:02:57","modified_gmt":"2026-01-28T15:02:57","slug":"apprenez-a-connaitre-et-a-aimer-un-cours-innovant-de-polonais-langue-etrangere-pour-debutants","status":"publish","type":"product","link":"https:\/\/globalschool.pl\/fr\/produkt\/apprenez-a-connaitre-et-a-aimer-un-cours-innovant-de-polonais-langue-etrangere-pour-debutants\/","title":{"rendered":"\u00ab\u00a0Apprenez \u00e0 conna\u00eetre et \u00e0 aimer &#8211; un cours innovant de polonais langue \u00e9trang\u00e8re pour d\u00e9butants"},"content":{"rendered":"<p><span style=\"font-weight: 400;\">  Pourquoi vaut-il la peine de choisir le livre Apprenez \u00e0 conna\u00eetre et \u00e0 aimer ?<\/span><\/p>\n<p><span style=\"font-weight: 400;\">\u2705<\/span> <span style=\"font-weight: 400;\">Situations de communication authentiques \u2013 apprenez la langue que les Polonais utilisent r\u00e9ellement dans les conversations quotidiennes.<\/span><\/p>\n<p><span style=\"font-weight: 400;\">\u2705<\/span> <span style=\"font-weight: 400;\">Introduction progressive de la grammaire \u2013 sans stress, avec des exemples clairs et des exercices de consolidation.<\/span><\/p>\n<p><span style=\"font-weight: 400;\">\u2705<\/span> <span style=\"font-weight: 400;\">Traductions linguistiques sp\u00e9cialement pr\u00e9par\u00e9es pour les anglophones et les russophones.<\/span><span style=\"font-weight: 400;\"> <\/span><\/p>\n<p><span style=\"font-weight: 400;\">\u2705<\/span> <span style=\"font-weight: 400;\">Conception moderne et mise en page conviviale \u2013 le\u00e7ons claires, illustrations color\u00e9es et progression logique du mat\u00e9riel.<\/span><\/p>\n<p><span style=\"font-weight: 400;\">\u2705<\/span> <span style=\"font-weight: 400;\">Exercices d\u00e9veloppant toutes les comp\u00e9tences linguistiques \u2013 parler, comprendre, lire et \u00e9crire.<\/span><\/p>\n<p><span style=\"font-weight: 400;\">\u2705<\/span> <span style=\"font-weight: 400;\">Sections culturelles et v\u00e9cues \u2013 d\u00e9couvrez la Pologne de l\u2019int\u00e9rieur : traditions, curiosit\u00e9s et vie contemporaine.<\/span><\/p>\n<p><span style=\"font-weight: 400;\"> Pour qui ?<\/span><\/p>\n<p><span style=\"font-weight: 400;\">Le manuel \u00ab D\u00e9couvrir et aimer \u00bb a \u00e9t\u00e9 d\u00e9velopp\u00e9 avec les objectifs suivants \u00e0 l\u2019esprit :<\/span><\/p>\n<ul>\n<li style=\"font-weight: 400;\" aria-level=\"1\"><span style=\"font-weight: 400;\">\u00e9tudiants et \u00e9l\u00e8ves des \u00e9coles de langues,<\/span><\/li>\n<li style=\"font-weight: 400;\" aria-level=\"1\"><span style=\"font-weight: 400;\">\u00e9trangers travaillant en Pologne,<\/span><\/li>\n<li style=\"font-weight: 400;\" aria-level=\"1\"><span style=\"font-weight: 400;\">personnes se pr\u00e9parant \u00e0 l&rsquo;examen de polonais langue \u00e9trang\u00e8re,<\/span><\/li>\n<li style=\"font-weight: 400;\" aria-level=\"1\"><span style=\"font-weight: 400;\">tous ceux qui souhaitent parler polonais naturellement et en toute confiance.<\/span><\/li>\n<\/ul>\n<p><span style=\"font-weight: 400;\">  Que trouverez-vous \u00e0 l&rsquo;int\u00e9rieur ?<\/span><\/p>\n<ul>\n<li style=\"font-weight: 400;\" aria-level=\"1\"><span style=\"font-weight: 400;\">Chaque le\u00e7on de \u00ab D\u00e9couvrir et aimer \u00bb est une composition soigneusement pens\u00e9e de supports linguistiques :<\/span><\/li>\n<li style=\"font-weight: 400;\" aria-level=\"1\"><span style=\"font-weight: 400;\">dialogues et textes bas\u00e9s sur des situations r\u00e9elles,<\/span><\/li>\n<li style=\"font-weight: 400;\" aria-level=\"1\"><span style=\"font-weight: 400;\">vocabulaire pratique et phrases de la vie quotidienne,<\/span><\/li>\n<li style=\"font-weight: 400;\" aria-level=\"1\"><span style=\"font-weight: 400;\">exercices de communication,<\/span><\/li>\n<li style=\"font-weight: 400;\" aria-level=\"1\"><span style=\"font-weight: 400;\">sections de grammaire avec exemples et illustrations,<\/span><\/li>\n<li style=\"font-weight: 400;\" aria-level=\"1\"><span style=\"font-weight: 400;\">r\u00e9p\u00e9titions et tests pour consolider les connaissances.<\/span><\/li>\n<\/ul>\n<p>&nbsp;<\/p>\n<p><span style=\"font-weight: 400;\">  Apprenez la langue, d\u00e9couvrez la Pologne, apprenez en vous amusant !<\/span><\/p>\n<p><span style=\"font-weight: 400;\">\u00ab&nbsp;D\u00e9couvrir et aimer&nbsp;\u00bb est plus qu&rsquo;un simple manuel&nbsp;: c&rsquo;est une invitation \u00e0 explorer la Pologne \u00e0 travers la langue. Gr\u00e2ce \u00e0 son approche dynamique et \u00e0 son c\u00f4t\u00e9 communicatif, l&rsquo;apprentissage devient naturel et stimulant. <\/span><\/p>\n<p><span style=\"font-weight: 400;\">  Niveaux disponibles : A1 \u2013 A2  <\/span><\/p>\n<p><span style=\"font-weight: 400;\">\ufe0f<\/span> <span style=\"font-weight: 400;\">Mat\u00e9riel suppl\u00e9mentaire en ligne \u2013 enregistrements audio,<\/span><\/p>\n<p><span style=\"font-weight: 400;\">  Id\u00e9al pour le travail en classe et l&rsquo;\u00e9tude ind\u00e9pendante<\/span><\/p>\n<p><span style=\"font-weight: 400;\">\u2764\ufe0f<\/span><span style=\"font-weight: 400;\">  Apprenez la langue. Apprenez \u00e0 aimer la Pologne. <\/span><\/p>\n<p><span style=\"font-weight: 400;\">Avec \u00ab D\u00e9couvrez et Aimez \u00bb, apprendre le polonais devient une aventure fascinante !<\/span><\/p>\n","protected":false},"excerpt":{"rendered":"<p>\u00ab\u00a0Poznaj i polub\u00a0\u00bb est un cours moderne de polonais langue \u00e9trang\u00e8re, con\u00e7u pour les personnes qui commencent leur aventure avec le polonais. Le manuel pr\u00e9sente les bases de la communication d&rsquo;une mani\u00e8re simple et accessible, en combinant un vocabulaire pratique avec les structures grammaticales les plus importantes. <\/p>\n","protected":false},"featured_media":4612,"template":"","meta":{"_acf_changed":false},"product_brand":[],"product_cat":[1015],"product_tag":[],"class_list":{"0":"post-4521","1":"product","2":"type-product","3":"status-publish","4":"has-post-thumbnail","6":"product_cat-livres","8":"first","9":"instock","10":"sale","11":"downloadable","12":"virtual","13":"sold-individually","14":"purchasable","15":"product-type-simple"},"acf":[],"_links":{"self":[{"href":"https:\/\/globalschool.pl\/fr\/wp-json\/wp\/v2\/product\/4521","targetHints":{"allow":["GET"]}}],"collection":[{"href":"https:\/\/globalschool.pl\/fr\/wp-json\/wp\/v2\/product"}],"about":[{"href":"https:\/\/globalschool.pl\/fr\/wp-json\/wp\/v2\/types\/product"}],"wp:featuredmedia":[{"embeddable":true,"href":"https:\/\/globalschool.pl\/fr\/wp-json\/wp\/v2\/media\/4612"}],"wp:attachment":[{"href":"https:\/\/globalschool.pl\/fr\/wp-json\/wp\/v2\/media?parent=4521"}],"wp:term":[{"taxonomy":"product_brand","embeddable":true,"href":"https:\/\/globalschool.pl\/fr\/wp-json\/wp\/v2\/product_brand?post=4521"},{"taxonomy":"product_cat","embeddable":true,"href":"https:\/\/globalschool.pl\/fr\/wp-json\/wp\/v2\/product_cat?post=4521"},{"taxonomy":"product_tag","embeddable":true,"href":"https:\/\/globalschool.pl\/fr\/wp-json\/wp\/v2\/product_tag?post=4521"}],"curies":[{"name":"wp","href":"https:\/\/api.w.org\/{rel}","templated":true}]}}