{"id":4513,"date":"2025-09-25T20:30:14","date_gmt":"2025-09-25T18:30:14","guid":{"rendered":"https:\/\/globalschool.pl\/boutique\/"},"modified":"2026-01-28T15:27:50","modified_gmt":"2026-01-28T14:27:50","slug":"boutique","status":"publish","type":"page","link":"https:\/\/globalschool.pl\/fr\/boutique\/","title":{"rendered":"Boutique"},"content":{"rendered":"\t\t<div data-elementor-type=\"wp-page\" data-elementor-id=\"4513\" class=\"elementor elementor-4513 elementor-4416\">\n\t\t\t\t<div class=\"elementor-element elementor-element-bd0ec96 e-con-full e-flex wpr-particle-no wpr-jarallax-no wpr-parallax-no wpr-sticky-section-no e-con e-parent\" data-id=\"bd0ec96\" data-element_type=\"container\">\n\t\t<div class=\"elementor-element elementor-element-116cbe1 e-con-full e-flex wpr-particle-no wpr-jarallax-no wpr-parallax-no wpr-sticky-section-no e-con e-child\" data-id=\"116cbe1\" data-element_type=\"container\">\n\t\t\t\t<div class=\"elementor-element elementor-element-86d3d67 elementor-widget elementor-widget-heading\" data-id=\"86d3d67\" data-element_type=\"widget\" data-widget_type=\"heading.default\">\n\t\t\t\t<div class=\"elementor-widget-container\">\n\t\t\t\t\t<h1 class=\"elementor-heading-title elementor-size-default\">\u00ab D\u00e9couvrir et aimer \u00bb - un manuel pour apprendre le polonais comme langue \u00e9trang\u00e8re pour les d\u00e9butants<\/h1>\t\t\t\t<\/div>\n\t\t\t\t<\/div>\n\t\t\t\t<div class=\"elementor-element elementor-element-668ea63 elementor-widget elementor-widget-heading\" data-id=\"668ea63\" data-element_type=\"widget\" data-widget_type=\"heading.default\">\n\t\t\t\t<div class=\"elementor-widget-container\">\n\t\t\t\t\t<span class=\"elementor-heading-title elementor-size-default\">\"Poznaj i polub\" est un cours moderne de polonais langue \u00e9trang\u00e8re, con\u00e7u pour les personnes qui commencent leur aventure avec le polonais. Le manuel pr\u00e9sente les bases de la communication d'une mani\u00e8re simple et accessible, en combinant un vocabulaire pratique avec les structures grammaticales les plus importantes. <\/span>\t\t\t\t<\/div>\n\t\t\t\t<\/div>\n\t\t\t\t<div class=\"elementor-element elementor-element-9ec51f6 global-btn premium-lq__none elementor-widget elementor-widget-premium-addon-button\" data-id=\"9ec51f6\" data-element_type=\"widget\" data-widget_type=\"premium-addon-button.default\">\n\t\t\t\t<div class=\"elementor-widget-container\">\n\t\t\t\t\t\r\n\r\n\t\t<a class=\"premium-button premium-button-none premium-btn-md premium-button-none\" href=\"https:\/\/globalschool.pl\/fr\/produkt\/apprenez-a-connaitre-et-a-aimer-un-cours-innovant-de-polonais-langue-etrangere-pour-debutants\/\">\r\n\t\t\t<div class=\"premium-button-text-icon-wrapper\">\r\n\t\t\t\t\r\n\t\t\t\t\t\t\t\t\t<span >\r\n\t\t\t\t\t\tVoir le produit\t\t\t\t\t<\/span>\r\n\t\t\t\t\r\n\t\t\t\t\t\t\t<\/div>\r\n\r\n\t\t\t\r\n\t\t\t\r\n\t\t\t\r\n\t\t<\/a>\r\n\r\n\r\n\t\t\t\t\t\t<\/div>\n\t\t\t\t<\/div>\n\t\t\t\t<\/div>\n\t\t<div class=\"elementor-element elementor-element-5b11960 e-con-full elementor-hidden-tablet elementor-hidden-mobile e-flex wpr-particle-no wpr-jarallax-no wpr-parallax-no wpr-sticky-section-no e-con e-child\" data-id=\"5b11960\" data-element_type=\"container\">\n\t\t\t\t<div class=\"elementor-element elementor-element-d13b960 elementor-widget elementor-widget-image\" data-id=\"d13b960\" data-element_type=\"widget\" data-widget_type=\"image.default\">\n\t\t\t\t<div class=\"elementor-widget-container\">\n\t\t\t\t\t\t\t\t\t\t\t\t\t\t\t<img loading=\"lazy\" decoding=\"async\" width=\"724\" height=\"1024\" src=\"https:\/\/globalschool.pl\/wp-content\/uploads\/preview-pages-pages-deleted_page-0001-724x1024.jpg\" class=\"attachment-large size-large wp-image-4612\" alt=\"\" srcset=\"https:\/\/globalschool.pl\/wp-content\/uploads\/preview-pages-pages-deleted_page-0001-724x1024.jpg 724w, https:\/\/globalschool.pl\/wp-content\/uploads\/preview-pages-pages-deleted_page-0001-212x300.jpg 212w, https:\/\/globalschool.pl\/wp-content\/uploads\/preview-pages-pages-deleted_page-0001-768x1086.jpg 768w, https:\/\/globalschool.pl\/wp-content\/uploads\/preview-pages-pages-deleted_page-0001-1086x1536.jpg 1086w, https:\/\/globalschool.pl\/wp-content\/uploads\/preview-pages-pages-deleted_page-0001-1448x2048.jpg 1448w, https:\/\/globalschool.pl\/wp-content\/uploads\/preview-pages-pages-deleted_page-0001-600x848.jpg 600w, https:\/\/globalschool.pl\/wp-content\/uploads\/preview-pages-pages-deleted_page-0001-scaled.jpg 1811w\" sizes=\"auto, (max-width: 724px) 100vw, 724px\" \/>\t\t\t\t\t\t\t\t\t\t\t\t\t\t\t<\/div>\n\t\t\t\t<\/div>\n\t\t\t\t<div class=\"elementor-element elementor-element-73de6d4 elementor-widget elementor-widget-image\" data-id=\"73de6d4\" data-element_type=\"widget\" data-widget_type=\"image.default\">\n\t\t\t\t<div class=\"elementor-widget-container\">\n\t\t\t\t\t\t\t\t\t\t\t\t\t\t\t<img loading=\"lazy\" decoding=\"async\" width=\"724\" height=\"1024\" src=\"https:\/\/globalschool.pl\/wp-content\/uploads\/Poznaj-i-Polub_Okladka_Tyl-724x1024.jpg\" class=\"attachment-large size-large wp-image-4407\" alt=\"\" srcset=\"https:\/\/globalschool.pl\/wp-content\/uploads\/Poznaj-i-Polub_Okladka_Tyl-724x1024.jpg 724w, https:\/\/globalschool.pl\/wp-content\/uploads\/Poznaj-i-Polub_Okladka_Tyl-212x300.jpg 212w, https:\/\/globalschool.pl\/wp-content\/uploads\/Poznaj-i-Polub_Okladka_Tyl-768x1086.jpg 768w, https:\/\/globalschool.pl\/wp-content\/uploads\/Poznaj-i-Polub_Okladka_Tyl-1086x1536.jpg 1086w, https:\/\/globalschool.pl\/wp-content\/uploads\/Poznaj-i-Polub_Okladka_Tyl-600x849.jpg 600w, https:\/\/globalschool.pl\/wp-content\/uploads\/Poznaj-i-Polub_Okladka_Tyl.jpg 1240w\" sizes=\"auto, (max-width: 724px) 100vw, 724px\" \/>\t\t\t\t\t\t\t\t\t\t\t\t\t\t\t<\/div>\n\t\t\t\t<\/div>\n\t\t\t\t<\/div>\n\t\t<div class=\"elementor-element elementor-element-7003233 e-con-full elementor-hidden-desktop e-flex wpr-particle-no wpr-jarallax-no wpr-parallax-no wpr-sticky-section-no e-con e-child\" data-id=\"7003233\" data-element_type=\"container\">\n\t\t\t\t<div class=\"elementor-element elementor-element-78de2ec elementor-widget elementor-widget-image\" data-id=\"78de2ec\" data-element_type=\"widget\" data-widget_type=\"image.default\">\n\t\t\t\t<div class=\"elementor-widget-container\">\n\t\t\t\t\t\t\t\t\t\t\t\t\t\t\t<img loading=\"lazy\" decoding=\"async\" width=\"724\" height=\"1024\" src=\"https:\/\/globalschool.pl\/wp-content\/uploads\/preview-pages-pages-deleted_page-0001-724x1024.jpg\" class=\"attachment-large size-large wp-image-4612\" alt=\"\" srcset=\"https:\/\/globalschool.pl\/wp-content\/uploads\/preview-pages-pages-deleted_page-0001-724x1024.jpg 724w, https:\/\/globalschool.pl\/wp-content\/uploads\/preview-pages-pages-deleted_page-0001-212x300.jpg 212w, https:\/\/globalschool.pl\/wp-content\/uploads\/preview-pages-pages-deleted_page-0001-768x1086.jpg 768w, https:\/\/globalschool.pl\/wp-content\/uploads\/preview-pages-pages-deleted_page-0001-1086x1536.jpg 1086w, https:\/\/globalschool.pl\/wp-content\/uploads\/preview-pages-pages-deleted_page-0001-1448x2048.jpg 1448w, https:\/\/globalschool.pl\/wp-content\/uploads\/preview-pages-pages-deleted_page-0001-600x848.jpg 600w, https:\/\/globalschool.pl\/wp-content\/uploads\/preview-pages-pages-deleted_page-0001-scaled.jpg 1811w\" sizes=\"auto, (max-width: 724px) 100vw, 724px\" \/>\t\t\t\t\t\t\t\t\t\t\t\t\t\t\t<\/div>\n\t\t\t\t<\/div>\n\t\t\t\t<\/div>\n\t\t\t\t<\/div>\n\t\t<div class=\"elementor-element elementor-element-09e0769 e-flex e-con-boxed wpr-particle-no wpr-jarallax-no wpr-parallax-no wpr-sticky-section-no e-con e-parent\" data-id=\"09e0769\" data-element_type=\"container\">\n\t\t\t\t\t<div class=\"e-con-inner\">\n\t\t\t\t<div class=\"elementor-element elementor-element-ab64903 school-border-right elementor-widget elementor-widget-heading\" data-id=\"ab64903\" data-element_type=\"widget\" data-widget_type=\"heading.default\">\n\t\t\t\t<div class=\"elementor-widget-container\">\n\t\t\t\t\t<h2 class=\"elementor-heading-title elementor-size-default\">Boutique<\/h2>\t\t\t\t<\/div>\n\t\t\t\t<\/div>\n\t\t\t\t<div class=\"elementor-element elementor-element-9800cd0 elementor-widget elementor-widget-globalschool_products\" data-id=\"9800cd0\" data-element_type=\"widget\" data-widget_type=\"globalschool_products.default\">\n\t\t\t\t<div class=\"elementor-widget-container\">\n\t\t\t\t\t\n        <div class=\"globalschool-products\">\n                            <div class=\"globalschool-products__single\">\n                    <div class=\"globalschool-products__image\">\n                        <a href=\"https:\/\/globalschool.pl\/fr\/produkt\/apprenez-a-connaitre-et-a-aimer-un-cours-innovant-de-polonais-langue-etrangere-pour-debutants\/\">\n                            <img loading=\"lazy\" decoding=\"async\" width=\"1811\" height=\"2560\" src=\"https:\/\/globalschool.pl\/wp-content\/uploads\/preview-pages-pages-deleted_page-0001-scaled.jpg\" class=\"attachment-full size-full\" alt=\"&quot;Apprenez \u00e0 conna\u00eetre et \u00e0 aimer - un cours innovant de polonais langue \u00e9trang\u00e8re pour d\u00e9butants\" srcset=\"https:\/\/globalschool.pl\/wp-content\/uploads\/preview-pages-pages-deleted_page-0001-scaled.jpg 1811w, https:\/\/globalschool.pl\/wp-content\/uploads\/preview-pages-pages-deleted_page-0001-212x300.jpg 212w, https:\/\/globalschool.pl\/wp-content\/uploads\/preview-pages-pages-deleted_page-0001-724x1024.jpg 724w, https:\/\/globalschool.pl\/wp-content\/uploads\/preview-pages-pages-deleted_page-0001-768x1086.jpg 768w, https:\/\/globalschool.pl\/wp-content\/uploads\/preview-pages-pages-deleted_page-0001-1086x1536.jpg 1086w, https:\/\/globalschool.pl\/wp-content\/uploads\/preview-pages-pages-deleted_page-0001-1448x2048.jpg 1448w, https:\/\/globalschool.pl\/wp-content\/uploads\/preview-pages-pages-deleted_page-0001-600x848.jpg 600w\" sizes=\"auto, (max-width: 1811px) 100vw, 1811px\" \/>                        <\/a>\n\n                        <div class=\"globalschool-products__price\">\n                            <del aria-hidden=\"true\"><span class=\"woocommerce-Price-amount amount\"><bdi>124,00&nbsp;<span class=\"woocommerce-Price-currencySymbol\">&#122;&#322;<\/span><\/bdi><\/span><\/del> <span class=\"screen-reader-text\">Le prix initial \u00e9tait\u00a0: 124,00&nbsp;&#122;&#322;.<\/span><ins aria-hidden=\"true\"><span class=\"woocommerce-Price-amount amount\"><bdi>99,00&nbsp;<span class=\"woocommerce-Price-currencySymbol\">&#122;&#322;<\/span><\/bdi><\/span><\/ins><span class=\"screen-reader-text\">Le prix actuel est\u00a0: 99,00&nbsp;&#122;&#322;.<\/span>                        <\/div>\n\n                        <div class=\"globalschool-products__category\">\n                            Livres                        <\/div>\n                    <\/div>\n\n\n                    <h3>\n                        <a href=\"https:\/\/globalschool.pl\/fr\/produkt\/apprenez-a-connaitre-et-a-aimer-un-cours-innovant-de-polonais-langue-etrangere-pour-debutants\/\">\n                            &quot;Apprenez \u00e0 conna\u00eetre et \u00e0 aimer - un cours innovant de polonais langue \u00e9trang\u00e8re pour d\u00e9butants                        <\/a>\n                    <\/h3>\n\n                    <a href=\"https:\/\/globalschool.pl\/fr\/produkt\/apprenez-a-connaitre-et-a-aimer-un-cours-innovant-de-polonais-langue-etrangere-pour-debutants\/\" class=\"globalschool-button\">\n                        v\u00e9rifier le produit\n                    <\/a>\n                <\/div>\n            \n        <\/div>\n\n        \t\t\t\t<\/div>\n\t\t\t\t<\/div>\n\t\t\t\t\t<\/div>\n\t\t\t\t<\/div>\n\t\t\t\t<\/div>\n\t\t","protected":false},"excerpt":{"rendered":"<p>\u00ab D\u00e9couvrir et aimer \u00bb &#8211; un manuel pour apprendre le polonais comme langue \u00e9trang\u00e8re pour les d\u00e9butants \u00ab\u00a0Poznaj i polub\u00a0\u00bb est un cours moderne de polonais langue \u00e9trang\u00e8re, con\u00e7u pour les personnes qui commencent leur aventure avec le polonais. Le manuel pr\u00e9sente les bases de la communication d&rsquo;une mani\u00e8re simple et accessible, en combinant un vocabulaire pratique avec les structures grammaticales les plus importantes. Voir le produit Boutique 2,20&nbsp;&#122;&#322; Bez kategorii Testowy produkt sprawd\u017a produkt 124,00&nbsp;&#122;&#322; Pierwotna cena wynosi\u0142a: 124,00&nbsp;&#122;&#322;.99,00&nbsp;&#122;&#322;Aktualna cena wynosi: 99,00&nbsp;&#122;&#322;. Ksi\u0105\u017cki &quot;Poznaj i polub&quot; &#8211; innowacyjny kurs j\u0119zyka polskiego jako obcego dla pocz\u0105tkuj\u0105cych sprawd\u017a produkt<\/p>\n","protected":false},"author":4,"featured_media":0,"parent":0,"menu_order":0,"comment_status":"closed","ping_status":"closed","template":"","meta":{"_acf_changed":false,"footnotes":""},"class_list":["post-4513","page","type-page","status-publish","hentry"],"acf":[],"rttpg_featured_image_url":null,"rttpg_author":{"display_name":"globalschool","author_link":"https:\/\/globalschool.pl\/fr\/author\/globalschool\/"},"rttpg_comment":0,"rttpg_category":" <a href=\"https:\/\/globalschool.pl\/fr\/?taxonomy=translation_priority&#038;term=facultatif\" rel=\"tag\">Facultatif<\/a>","rttpg_excerpt":"\u00ab D\u00e9couvrir et aimer \u00bb &#8211; un manuel pour apprendre le polonais comme langue \u00e9trang\u00e8re pour les d\u00e9butants \u00ab\u00a0Poznaj i polub\u00a0\u00bb est un cours moderne de polonais langue \u00e9trang\u00e8re, con\u00e7u pour les personnes qui commencent leur aventure avec le polonais. Le manuel pr\u00e9sente les bases de la communication d&rsquo;une mani\u00e8re simple et accessible, en combinant\u2026","_links":{"self":[{"href":"https:\/\/globalschool.pl\/fr\/wp-json\/wp\/v2\/pages\/4513","targetHints":{"allow":["GET"]}}],"collection":[{"href":"https:\/\/globalschool.pl\/fr\/wp-json\/wp\/v2\/pages"}],"about":[{"href":"https:\/\/globalschool.pl\/fr\/wp-json\/wp\/v2\/types\/page"}],"author":[{"embeddable":true,"href":"https:\/\/globalschool.pl\/fr\/wp-json\/wp\/v2\/users\/4"}],"replies":[{"embeddable":true,"href":"https:\/\/globalschool.pl\/fr\/wp-json\/wp\/v2\/comments?post=4513"}],"version-history":[{"count":6,"href":"https:\/\/globalschool.pl\/fr\/wp-json\/wp\/v2\/pages\/4513\/revisions"}],"predecessor-version":[{"id":4976,"href":"https:\/\/globalschool.pl\/fr\/wp-json\/wp\/v2\/pages\/4513\/revisions\/4976"}],"wp:attachment":[{"href":"https:\/\/globalschool.pl\/fr\/wp-json\/wp\/v2\/media?parent=4513"}],"curies":[{"name":"wp","href":"https:\/\/api.w.org\/{rel}","templated":true}]}}