{"id":3795,"date":"2025-05-23T14:04:59","date_gmt":"2025-05-23T12:04:59","guid":{"rendered":"https:\/\/globalschool.pl\/materiaux\/"},"modified":"2025-10-23T09:35:24","modified_gmt":"2025-10-23T07:35:24","slug":"materiaux","status":"publish","type":"page","link":"https:\/\/globalschool.pl\/fr\/materiaux\/","title":{"rendered":"Mat\u00e9riaux"},"content":{"rendered":"\t\t<div data-elementor-type=\"wp-page\" data-elementor-id=\"3795\" class=\"elementor elementor-3795 elementor-3725\">\n\t\t\t\t<div class=\"elementor-element elementor-element-dd6abbe e-flex e-con-boxed wpr-particle-no wpr-jarallax-no wpr-parallax-no wpr-sticky-section-no e-con e-parent\" data-id=\"dd6abbe\" data-element_type=\"container\">\n\t\t\t\t\t<div class=\"e-con-inner\">\n\t\t<div class=\"elementor-element elementor-element-cb939d7 e-con-full school-border-right e-flex wpr-particle-no wpr-jarallax-no wpr-parallax-no wpr-sticky-section-no e-con e-child\" data-id=\"cb939d7\" data-element_type=\"container\">\n\t\t\t\t<div class=\"elementor-element elementor-element-87dde6e elementor-widget elementor-widget-image\" data-id=\"87dde6e\" data-element_type=\"widget\" data-widget_type=\"image.default\">\n\t\t\t\t<div class=\"elementor-widget-container\">\n\t\t\t\t\t\t\t\t\t\t\t\t\t\t\t<img loading=\"lazy\" decoding=\"async\" width=\"24\" height=\"24\" src=\"https:\/\/globalschool.pl\/wp-content\/uploads\/Pl-Poland-Streamline-Flagpack.svg\" class=\"attachment-1536x1536 size-1536x1536 wp-image-1997\" alt=\"\" \/>\t\t\t\t\t\t\t\t\t\t\t\t\t\t\t<\/div>\n\t\t\t\t<\/div>\n\t\t\t\t<div class=\"elementor-element elementor-element-194429b elementor-widget elementor-widget-heading\" data-id=\"194429b\" data-element_type=\"widget\" data-widget_type=\"heading.default\">\n\t\t\t\t<div class=\"elementor-widget-container\">\n\t\t\t\t\t<h2 class=\"elementor-heading-title elementor-size-default\">Apprendre <br> le polonais \ncomme langue \u00e9trang\u00e8re<\/h2>\t\t\t\t<\/div>\n\t\t\t\t<\/div>\n\t\t\t\t<\/div>\n\t\t\t\t<div class=\"elementor-element elementor-element-9852d49 elementor-widget elementor-widget-image\" data-id=\"9852d49\" data-element_type=\"widget\" data-widget_type=\"image.default\">\n\t\t\t\t<div class=\"elementor-widget-container\">\n\t\t\t\t\t\t\t\t\t\t\t\t\t\t\t<img loading=\"lazy\" decoding=\"async\" width=\"800\" height=\"534\" src=\"https:\/\/globalschool.pl\/wp-content\/uploads\/138_bGFuZ3VhZ2UgbGVhcm5pbmcgcG9saXNo-1024x683.jpg\" class=\"attachment-large size-large wp-image-3438\" alt=\"\" srcset=\"https:\/\/globalschool.pl\/wp-content\/uploads\/138_bGFuZ3VhZ2UgbGVhcm5pbmcgcG9saXNo-1024x683.jpg 1024w, https:\/\/globalschool.pl\/wp-content\/uploads\/138_bGFuZ3VhZ2UgbGVhcm5pbmcgcG9saXNo-300x200.jpg 300w, https:\/\/globalschool.pl\/wp-content\/uploads\/138_bGFuZ3VhZ2UgbGVhcm5pbmcgcG9saXNo-768x512.jpg 768w, https:\/\/globalschool.pl\/wp-content\/uploads\/138_bGFuZ3VhZ2UgbGVhcm5pbmcgcG9saXNo-1536x1024.jpg 1536w, https:\/\/globalschool.pl\/wp-content\/uploads\/138_bGFuZ3VhZ2UgbGVhcm5pbmcgcG9saXNo-2048x1365.jpg 2048w\" sizes=\"auto, (max-width: 800px) 100vw, 800px\" \/>\t\t\t\t\t\t\t\t\t\t\t\t\t\t\t<\/div>\n\t\t\t\t<\/div>\n\t\t\t\t\t<\/div>\n\t\t\t\t<\/div>\n\t\t<div class=\"elementor-element elementor-element-acb1cbb e-flex e-con-boxed wpr-particle-no wpr-jarallax-no wpr-parallax-no wpr-sticky-section-no e-con e-parent\" data-id=\"acb1cbb\" data-element_type=\"container\">\n\t\t\t\t\t<div class=\"e-con-inner\">\n\t\t<div class=\"elementor-element elementor-element-203e3fd e-con-full e-flex wpr-particle-no wpr-jarallax-no wpr-parallax-no wpr-sticky-section-no e-con e-child\" data-id=\"203e3fd\" data-element_type=\"container\">\n\t\t\t\t<div class=\"elementor-element elementor-element-dbb8812 elementor-widget elementor-widget-image\" data-id=\"dbb8812\" data-element_type=\"widget\" data-widget_type=\"image.default\">\n\t\t\t\t<div class=\"elementor-widget-container\">\n\t\t\t\t\t\t\t\t\t\t\t\t\t\t\t<img loading=\"lazy\" decoding=\"async\" width=\"559\" height=\"790\" src=\"https:\/\/globalschool.pl\/wp-content\/uploads\/Screenshot-from-2025-05-23-14-13-00.png\" class=\"attachment-large size-large wp-image-3744\" alt=\"\" srcset=\"https:\/\/globalschool.pl\/wp-content\/uploads\/Screenshot-from-2025-05-23-14-13-00.png 559w, https:\/\/globalschool.pl\/wp-content\/uploads\/Screenshot-from-2025-05-23-14-13-00-212x300.png 212w\" sizes=\"auto, (max-width: 559px) 100vw, 559px\" \/>\t\t\t\t\t\t\t\t\t\t\t\t\t\t\t<\/div>\n\t\t\t\t<\/div>\n\t\t\t\t<div class=\"elementor-element elementor-element-1cdd77e elementor-widget elementor-widget-image\" data-id=\"1cdd77e\" data-element_type=\"widget\" data-widget_type=\"image.default\">\n\t\t\t\t<div class=\"elementor-widget-container\">\n\t\t\t\t\t\t\t\t\t\t\t\t\t\t\t<img loading=\"lazy\" decoding=\"async\" width=\"561\" height=\"789\" src=\"https:\/\/globalschool.pl\/wp-content\/uploads\/Screenshot-from-2025-05-23-14-19-46.png\" class=\"attachment-large size-large wp-image-3750\" alt=\"\" srcset=\"https:\/\/globalschool.pl\/wp-content\/uploads\/Screenshot-from-2025-05-23-14-19-46.png 561w, https:\/\/globalschool.pl\/wp-content\/uploads\/Screenshot-from-2025-05-23-14-19-46-213x300.png 213w\" sizes=\"auto, (max-width: 561px) 100vw, 561px\" \/>\t\t\t\t\t\t\t\t\t\t\t\t\t\t\t<\/div>\n\t\t\t\t<\/div>\n\t\t\t\t<\/div>\n\t\t<div class=\"elementor-element elementor-element-e88fbef e-con-full e-flex wpr-particle-no wpr-jarallax-no wpr-parallax-no wpr-sticky-section-no e-con e-child\" data-id=\"e88fbef\" data-element_type=\"container\">\n\t\t\t\t<div class=\"elementor-element elementor-element-fc97cb3 elementor-widget elementor-widget-heading\" data-id=\"fc97cb3\" data-element_type=\"widget\" data-widget_type=\"heading.default\">\n\t\t\t\t<div class=\"elementor-widget-container\">\n\t\t\t\t\t<h2 class=\"elementor-heading-title elementor-size-default\">\u00ab Avec le polonais tous les jours \u00bb Niveau A2 avec des \u00e9l\u00e9ments B1<\/h2>\t\t\t\t<\/div>\n\t\t\t\t<\/div>\n\t\t\t\t<div class=\"elementor-element elementor-element-56e7670 elementor-widget elementor-widget-heading\" data-id=\"56e7670\" data-element_type=\"widget\" data-widget_type=\"heading.default\">\n\t\t\t\t<div class=\"elementor-widget-container\">\n\t\t\t\t\t<span class=\"elementor-heading-title elementor-size-default\">Mat\u00e9riel produit pour le compte de l'Office des \u00e9trangers.<\/span>\t\t\t\t<\/div>\n\t\t\t\t<\/div>\n\t\t\t\t<div class=\"elementor-element elementor-element-b10bde3 elementor-widget elementor-widget-heading\" data-id=\"b10bde3\" data-element_type=\"widget\" data-widget_type=\"heading.default\">\n\t\t\t\t<div class=\"elementor-widget-container\">\n\t\t\t\t\t<span class=\"elementor-heading-title elementor-size-default\">Ce mat\u00e9riel a \u00e9t\u00e9 d\u00e9velopp\u00e9 dans le cadre du projet intitul\u00e9 \"Soutien mat\u00e9riel et \u00e9ducatif pour les \u00e9trangers demandant une protection internationale en Pologne\", cofinanc\u00e9 par le programme du Fonds national pour l'asile, la migration et l'int\u00e9gration. Nous vous encourageons \u00e0 l'utiliser dans le cadre de votre enseignement du polonais comme langue \u00e9trang\u00e8re.Le mat\u00e9riel a \u00e9t\u00e9 d\u00e9velopp\u00e9, avant tout, pour r\u00e9pondre aux besoins des \u00e9trangers adultes demandant une protection internationale en Pologne. Cependant, ils peuvent \u00e9galement \u00eatre utilis\u00e9s pour enseigner \u00e0 d'autres groupes d'\u00e9trangers.  <\/span>\t\t\t\t<\/div>\n\t\t\t\t<\/div>\n\t\t\t\t<div class=\"elementor-element elementor-element-def12ad bg-gradient premium-lq__none elementor-widget elementor-widget-premium-addon-button\" data-id=\"def12ad\" data-element_type=\"widget\" data-widget_type=\"premium-addon-button.default\">\n\t\t\t\t<div class=\"elementor-widget-container\">\n\t\t\t\t\t\r\n\r\n\t\t<a class=\"premium-button premium-button-none premium-btn-md premium-button-none\" href=\"https:\/\/www.gov.pl\/web\/udsc\/materialy-dydaktyczne-do-nauki-jezyka-polskiego---dla-doroslych\" target=\"_blank\">\r\n\t\t\t<div class=\"premium-button-text-icon-wrapper\">\r\n\t\t\t\t\r\n\t\t\t\t\t\t\t\t\t<span >\r\n\t\t\t\t\t\tManuel \/ Exercices \/ Guide m\u00e9thodologique \/ lien audio\t\t\t\t\t<\/span>\r\n\t\t\t\t\r\n\t\t\t\t\t\t\t<\/div>\r\n\r\n\t\t\t\r\n\t\t\t\r\n\t\t\t\r\n\t\t<\/a>\r\n\r\n\r\n\t\t\t\t\t\t<\/div>\n\t\t\t\t<\/div>\n\t\t\t\t<\/div>\n\t\t\t\t\t<\/div>\n\t\t\t\t<\/div>\n\t\t<div class=\"elementor-element elementor-element-21cb804 e-flex e-con-boxed wpr-particle-no wpr-jarallax-no wpr-parallax-no wpr-sticky-section-no e-con e-parent\" data-id=\"21cb804\" data-element_type=\"container\">\n\t\t\t\t\t<div class=\"e-con-inner\">\n\t\t<div class=\"elementor-element elementor-element-eaf3fb5 e-con-full e-flex wpr-particle-no wpr-jarallax-no wpr-parallax-no wpr-sticky-section-no e-con e-child\" data-id=\"eaf3fb5\" data-element_type=\"container\">\n\t\t\t\t<div class=\"elementor-element elementor-element-dfaafdb elementor-widget elementor-widget-image\" data-id=\"dfaafdb\" data-element_type=\"widget\" data-widget_type=\"image.default\">\n\t\t\t\t<div class=\"elementor-widget-container\">\n\t\t\t\t\t\t\t\t\t\t\t\t\t\t\t<img loading=\"lazy\" decoding=\"async\" width=\"557\" height=\"784\" src=\"https:\/\/globalschool.pl\/wp-content\/uploads\/Screenshot-from-2025-05-23-14-23-49.png\" class=\"attachment-large size-large wp-image-3761\" alt=\"\" srcset=\"https:\/\/globalschool.pl\/wp-content\/uploads\/Screenshot-from-2025-05-23-14-23-49.png 557w, https:\/\/globalschool.pl\/wp-content\/uploads\/Screenshot-from-2025-05-23-14-23-49-213x300.png 213w\" sizes=\"auto, (max-width: 557px) 100vw, 557px\" \/>\t\t\t\t\t\t\t\t\t\t\t\t\t\t\t<\/div>\n\t\t\t\t<\/div>\n\t\t\t\t<div class=\"elementor-element elementor-element-c20959e elementor-widget elementor-widget-image\" data-id=\"c20959e\" data-element_type=\"widget\" data-widget_type=\"image.default\">\n\t\t\t\t<div class=\"elementor-widget-container\">\n\t\t\t\t\t\t\t\t\t\t\t\t\t\t\t<img loading=\"lazy\" decoding=\"async\" width=\"557\" height=\"784\" src=\"https:\/\/globalschool.pl\/wp-content\/uploads\/Screenshot-from-2025-05-23-14-24-49.png\" class=\"attachment-large size-large wp-image-3766\" alt=\"\" srcset=\"https:\/\/globalschool.pl\/wp-content\/uploads\/Screenshot-from-2025-05-23-14-24-49.png 557w, https:\/\/globalschool.pl\/wp-content\/uploads\/Screenshot-from-2025-05-23-14-24-49-213x300.png 213w\" sizes=\"auto, (max-width: 557px) 100vw, 557px\" \/>\t\t\t\t\t\t\t\t\t\t\t\t\t\t\t<\/div>\n\t\t\t\t<\/div>\n\t\t\t\t<\/div>\n\t\t<div class=\"elementor-element elementor-element-ffd5574 e-con-full e-flex wpr-particle-no wpr-jarallax-no wpr-parallax-no wpr-sticky-section-no e-con e-child\" data-id=\"ffd5574\" data-element_type=\"container\">\n\t\t\t\t<div class=\"elementor-element elementor-element-47790fe elementor-widget elementor-widget-heading\" data-id=\"47790fe\" data-element_type=\"widget\" data-widget_type=\"heading.default\">\n\t\t\t\t<div class=\"elementor-widget-container\">\n\t\t\t\t\t<h2 class=\"elementor-heading-title elementor-size-default\">\u00ab Z j\u0119zykiem Polski ka\u017cdego dnia cz.2 \u00bb niveau B1 avec des \u00e9l\u00e9ments de B2<\/h2>\t\t\t\t<\/div>\n\t\t\t\t<\/div>\n\t\t\t\t<div class=\"elementor-element elementor-element-e7e615c elementor-widget elementor-widget-heading\" data-id=\"e7e615c\" data-element_type=\"widget\" data-widget_type=\"heading.default\">\n\t\t\t\t<div class=\"elementor-widget-container\">\n\t\t\t\t\t<span class=\"elementor-heading-title elementor-size-default\">Mat\u00e9riel produit pour le compte de l'Office des \u00e9trangers.<\/span>\t\t\t\t<\/div>\n\t\t\t\t<\/div>\n\t\t\t\t<div class=\"elementor-element elementor-element-999546c elementor-widget elementor-widget-heading\" data-id=\"999546c\" data-element_type=\"widget\" data-widget_type=\"heading.default\">\n\t\t\t\t<div class=\"elementor-widget-container\">\n\t\t\t\t\t<span class=\"elementor-heading-title elementor-size-default\">Ce mat\u00e9riel a \u00e9t\u00e9 d\u00e9velopp\u00e9 dans le cadre du projet intitul\u00e9 \"Soutien mat\u00e9riel et \u00e9ducatif pour les \u00e9trangers demandant une protection internationale en Pologne\", cofinanc\u00e9 par le programme du Fonds national pour l'asile, la migration et l'int\u00e9gration. Nous vous encourageons \u00e0 l'utiliser dans le cadre de votre enseignement du polonais comme langue \u00e9trang\u00e8re.Le mat\u00e9riel a \u00e9t\u00e9 d\u00e9velopp\u00e9, avant tout, pour r\u00e9pondre aux besoins des \u00e9trangers adultes demandant une protection internationale en Pologne. Cependant, ils peuvent \u00e9galement \u00eatre utilis\u00e9s pour enseigner \u00e0 d'autres groupes d'\u00e9trangers.  <\/span>\t\t\t\t<\/div>\n\t\t\t\t<\/div>\n\t\t\t\t<div class=\"elementor-element elementor-element-7d7a804 bg-gradient premium-lq__none elementor-widget elementor-widget-premium-addon-button\" data-id=\"7d7a804\" data-element_type=\"widget\" data-widget_type=\"premium-addon-button.default\">\n\t\t\t\t<div class=\"elementor-widget-container\">\n\t\t\t\t\t\r\n\r\n\t\t<a class=\"premium-button premium-button-none premium-btn-md premium-button-none\" href=\"https:\/\/www.gov.pl\/web\/udsc\/materialy-dydaktyczne-do-nauki-jezyka-polskiego---dla-doroslych\" target=\"_blank\">\r\n\t\t\t<div class=\"premium-button-text-icon-wrapper\">\r\n\t\t\t\t\r\n\t\t\t\t\t\t\t\t\t<span >\r\n\t\t\t\t\t\tManuel \/ Exercices \/ Guide m\u00e9thodologique \/ lien audio\t\t\t\t\t<\/span>\r\n\t\t\t\t\r\n\t\t\t\t\t\t\t<\/div>\r\n\r\n\t\t\t\r\n\t\t\t\r\n\t\t\t\r\n\t\t<\/a>\r\n\r\n\r\n\t\t\t\t\t\t<\/div>\n\t\t\t\t<\/div>\n\t\t\t\t<\/div>\n\t\t\t\t\t<\/div>\n\t\t\t\t<\/div>\n\t\t<div class=\"elementor-element elementor-element-12c9677 e-flex e-con-boxed wpr-particle-no wpr-jarallax-no wpr-parallax-no wpr-sticky-section-no e-con e-parent\" data-id=\"12c9677\" data-element_type=\"container\">\n\t\t\t\t\t<div class=\"e-con-inner\">\n\t\t<div class=\"elementor-element elementor-element-5c24432 e-con-full e-flex wpr-particle-no wpr-jarallax-no wpr-parallax-no wpr-sticky-section-no e-con e-child\" data-id=\"5c24432\" data-element_type=\"container\">\n\t\t\t\t<div class=\"elementor-element elementor-element-901c577 elementor-widget elementor-widget-image\" data-id=\"901c577\" data-element_type=\"widget\" data-widget_type=\"image.default\">\n\t\t\t\t<div class=\"elementor-widget-container\">\n\t\t\t\t\t\t\t\t\t\t\t\t\t\t\t<img loading=\"lazy\" decoding=\"async\" width=\"724\" height=\"1024\" src=\"https:\/\/globalschool.pl\/wp-content\/uploads\/preview-pages-pages-deleted_page-0001-724x1024.jpg\" class=\"attachment-large size-large wp-image-4612\" alt=\"\" srcset=\"https:\/\/globalschool.pl\/wp-content\/uploads\/preview-pages-pages-deleted_page-0001-724x1024.jpg 724w, https:\/\/globalschool.pl\/wp-content\/uploads\/preview-pages-pages-deleted_page-0001-212x300.jpg 212w, https:\/\/globalschool.pl\/wp-content\/uploads\/preview-pages-pages-deleted_page-0001-768x1086.jpg 768w, https:\/\/globalschool.pl\/wp-content\/uploads\/preview-pages-pages-deleted_page-0001-1086x1536.jpg 1086w, https:\/\/globalschool.pl\/wp-content\/uploads\/preview-pages-pages-deleted_page-0001-1448x2048.jpg 1448w, https:\/\/globalschool.pl\/wp-content\/uploads\/preview-pages-pages-deleted_page-0001-600x848.jpg 600w, https:\/\/globalschool.pl\/wp-content\/uploads\/preview-pages-pages-deleted_page-0001-scaled.jpg 1811w\" sizes=\"auto, (max-width: 724px) 100vw, 724px\" \/>\t\t\t\t\t\t\t\t\t\t\t\t\t\t\t<\/div>\n\t\t\t\t<\/div>\n\t\t\t\t<div class=\"elementor-element elementor-element-ef4cb32 elementor-widget elementor-widget-image\" data-id=\"ef4cb32\" data-element_type=\"widget\" data-widget_type=\"image.default\">\n\t\t\t\t<div class=\"elementor-widget-container\">\n\t\t\t\t\t\t\t\t\t\t\t\t\t\t\t<img loading=\"lazy\" decoding=\"async\" width=\"724\" height=\"1024\" src=\"https:\/\/globalschool.pl\/wp-content\/uploads\/Poznaj-i-Polub_Okladka_Tyl-724x1024.jpg\" class=\"attachment-large size-large wp-image-4407\" alt=\"\" srcset=\"https:\/\/globalschool.pl\/wp-content\/uploads\/Poznaj-i-Polub_Okladka_Tyl-724x1024.jpg 724w, https:\/\/globalschool.pl\/wp-content\/uploads\/Poznaj-i-Polub_Okladka_Tyl-212x300.jpg 212w, https:\/\/globalschool.pl\/wp-content\/uploads\/Poznaj-i-Polub_Okladka_Tyl-768x1086.jpg 768w, https:\/\/globalschool.pl\/wp-content\/uploads\/Poznaj-i-Polub_Okladka_Tyl-1086x1536.jpg 1086w, https:\/\/globalschool.pl\/wp-content\/uploads\/Poznaj-i-Polub_Okladka_Tyl-600x849.jpg 600w, https:\/\/globalschool.pl\/wp-content\/uploads\/Poznaj-i-Polub_Okladka_Tyl.jpg 1240w\" sizes=\"auto, (max-width: 724px) 100vw, 724px\" \/>\t\t\t\t\t\t\t\t\t\t\t\t\t\t\t<\/div>\n\t\t\t\t<\/div>\n\t\t\t\t<\/div>\n\t\t<div class=\"elementor-element elementor-element-d5f0155 e-con-full e-flex wpr-particle-no wpr-jarallax-no wpr-parallax-no wpr-sticky-section-no e-con e-child\" data-id=\"d5f0155\" data-element_type=\"container\">\n\t\t\t\t<div class=\"elementor-element elementor-element-6bd2d8a elementor-widget elementor-widget-heading\" data-id=\"6bd2d8a\" data-element_type=\"widget\" data-widget_type=\"heading.default\">\n\t\t\t\t<div class=\"elementor-widget-container\">\n\t\t\t\t\t<h2 class=\"elementor-heading-title elementor-size-default\">Poznaj i Polub - Manuel moderne pour l'enseignement du polonais comme langue \u00e9trang\u00e8re<\/h2>\t\t\t\t<\/div>\n\t\t\t\t<\/div>\n\t\t\t\t<div class=\"elementor-element elementor-element-b73ec30 elementor-widget elementor-widget-heading\" data-id=\"b73ec30\" data-element_type=\"widget\" data-widget_type=\"heading.default\">\n\t\t\t\t<div class=\"elementor-widget-container\">\n\t\t\t\t\t<span class=\"elementor-heading-title elementor-size-default\">Ouvrez la porte au monde de la langue polonaise avec le nouveau et unique manuel \"Poznaj i Polub\" !\nIl s'agit d'un manuel complet con\u00e7u pour les personnes qui souhaitent non seulement apprendre la langue, mais aussi comprendre la culture, les coutumes et la vie quotidienne en Pologne.\n\nCe manuel allie des m\u00e9thodes p\u00e9dagogiques modernes \u00e0 une approche pratique de la communication. Sa structure soign\u00e9e et ses illustrations riches rendent l'apprentissage agr\u00e9able. <\/span>\t\t\t\t<\/div>\n\t\t\t\t<\/div>\n\t\t\t\t<div class=\"elementor-element elementor-element-f881fe2 bg-gradient premium-lq__none elementor-widget elementor-widget-premium-addon-button\" data-id=\"f881fe2\" data-element_type=\"widget\" data-widget_type=\"premium-addon-button.default\">\n\t\t\t\t<div class=\"elementor-widget-container\">\n\t\t\t\t\t\r\n\r\n\t\t<a class=\"premium-button premium-button-none premium-btn-md premium-button-none\" href=\"https:\/\/globalschool.pl\/fr\/produkt\/apprenez-a-connaitre-et-a-aimer-un-cours-innovant-de-polonais-langue-etrangere-pour-debutants\/\">\r\n\t\t\t<div class=\"premium-button-text-icon-wrapper\">\r\n\t\t\t\t\r\n\t\t\t\t\t\t\t\t\t<span >\r\n\t\t\t\t\t\tManuel\t\t\t\t\t<\/span>\r\n\t\t\t\t\r\n\t\t\t\t\t\t\t<\/div>\r\n\r\n\t\t\t\r\n\t\t\t\r\n\t\t\t\r\n\t\t<\/a>\r\n\r\n\r\n\t\t\t\t\t\t<\/div>\n\t\t\t\t<\/div>\n\t\t\t\t<\/div>\n\t\t\t\t\t<\/div>\n\t\t\t\t<\/div>\n\t\t\t\t<\/div>\n\t\t","protected":false},"excerpt":{"rendered":"<p>Apprendre le polonais comme langue \u00e9trang\u00e8re \u00ab Avec le polonais tous les jours \u00bb Niveau A2 avec des \u00e9l\u00e9ments B1 Mat\u00e9riel produit pour le compte de l&rsquo;Office des \u00e9trangers. Ce mat\u00e9riel a \u00e9t\u00e9 d\u00e9velopp\u00e9 dans le cadre du projet intitul\u00e9 \u00ab\u00a0Soutien mat\u00e9riel et \u00e9ducatif pour les \u00e9trangers demandant une protection internationale en Pologne\u00a0\u00bb, cofinanc\u00e9 par le programme du Fonds national pour l&rsquo;asile, la migration et l&rsquo;int\u00e9gration. Nous vous encourageons \u00e0 l&rsquo;utiliser dans le cadre de votre enseignement du polonais comme langue \u00e9trang\u00e8re.Le mat\u00e9riel a \u00e9t\u00e9 d\u00e9velopp\u00e9, avant tout, pour r\u00e9pondre aux besoins des \u00e9trangers adultes demandant une protection internationale en Pologne. Cependant, ils peuvent \u00e9galement \u00eatre utilis\u00e9s pour enseigner \u00e0 d&rsquo;autres groupes d&rsquo;\u00e9trangers. Manuel \/ Exercices \/ Guide m\u00e9thodologique \/ lien audio \u00ab Z j\u0119zykiem Polski ka\u017cdego dnia cz.2 \u00bb niveau B1 avec des \u00e9l\u00e9ments de B2 Mat\u00e9riel produit pour le compte de l&rsquo;Office des \u00e9trangers. Ce mat\u00e9riel a \u00e9t\u00e9 d\u00e9velopp\u00e9 dans le cadre du projet intitul\u00e9 \u00ab\u00a0Soutien mat\u00e9riel et \u00e9ducatif pour les \u00e9trangers demandant une protection internationale en Pologne\u00a0\u00bb, cofinanc\u00e9 par le programme du Fonds national pour l&rsquo;asile, la migration et l&rsquo;int\u00e9gration. Nous vous encourageons \u00e0 l&rsquo;utiliser dans le cadre de votre enseignement du polonais comme langue \u00e9trang\u00e8re.Le mat\u00e9riel a \u00e9t\u00e9 d\u00e9velopp\u00e9, avant tout, pour r\u00e9pondre aux besoins des \u00e9trangers adultes demandant une protection internationale en Pologne. Cependant, ils peuvent \u00e9galement \u00eatre utilis\u00e9s pour enseigner \u00e0 d&rsquo;autres groupes d&rsquo;\u00e9trangers. Manuel \/ Exercices \/ Guide m\u00e9thodologique \/ lien audio Poznaj i Polub &#8211; Manuel moderne pour l&rsquo;enseignement du polonais comme langue \u00e9trang\u00e8re Ouvrez la porte au monde de la langue polonaise avec le nouveau et unique manuel \u00ab\u00a0Poznaj i Polub\u00a0\u00bb ! Il s&rsquo;agit d&rsquo;un manuel complet con\u00e7u pour les personnes qui souhaitent non seulement apprendre la langue, mais aussi comprendre la culture, les coutumes et la vie quotidienne en Pologne. Ce manuel allie des m\u00e9thodes p\u00e9dagogiques modernes \u00e0 une approche pratique de la communication. Sa structure soign\u00e9e et ses illustrations riches rendent l&rsquo;apprentissage agr\u00e9able. Manuel<\/p>\n","protected":false},"author":4,"featured_media":0,"parent":0,"menu_order":0,"comment_status":"closed","ping_status":"closed","template":"","meta":{"_acf_changed":false,"footnotes":""},"class_list":["post-3795","page","type-page","status-publish","hentry"],"acf":[],"rttpg_featured_image_url":null,"rttpg_author":{"display_name":"globalschool","author_link":"https:\/\/globalschool.pl\/fr\/author\/globalschool\/"},"rttpg_comment":0,"rttpg_category":" <a href=\"https:\/\/globalschool.pl\/fr\/?taxonomy=translation_priority&#038;term=facultatif\" rel=\"tag\">Facultatif<\/a>","rttpg_excerpt":"Apprendre le polonais comme langue \u00e9trang\u00e8re \u00ab Avec le polonais tous les jours \u00bb Niveau A2 avec des \u00e9l\u00e9ments B1 Mat\u00e9riel produit pour le compte de l&rsquo;Office des \u00e9trangers. Ce mat\u00e9riel a \u00e9t\u00e9 d\u00e9velopp\u00e9 dans le cadre du projet intitul\u00e9 \u00ab\u00a0Soutien mat\u00e9riel et \u00e9ducatif pour les \u00e9trangers demandant une protection internationale en Pologne\u00a0\u00bb, cofinanc\u00e9 par\u2026","_links":{"self":[{"href":"https:\/\/globalschool.pl\/fr\/wp-json\/wp\/v2\/pages\/3795","targetHints":{"allow":["GET"]}}],"collection":[{"href":"https:\/\/globalschool.pl\/fr\/wp-json\/wp\/v2\/pages"}],"about":[{"href":"https:\/\/globalschool.pl\/fr\/wp-json\/wp\/v2\/types\/page"}],"author":[{"embeddable":true,"href":"https:\/\/globalschool.pl\/fr\/wp-json\/wp\/v2\/users\/4"}],"replies":[{"embeddable":true,"href":"https:\/\/globalschool.pl\/fr\/wp-json\/wp\/v2\/comments?post=3795"}],"version-history":[{"count":3,"href":"https:\/\/globalschool.pl\/fr\/wp-json\/wp\/v2\/pages\/3795\/revisions"}],"predecessor-version":[{"id":4697,"href":"https:\/\/globalschool.pl\/fr\/wp-json\/wp\/v2\/pages\/3795\/revisions\/4697"}],"wp:attachment":[{"href":"https:\/\/globalschool.pl\/fr\/wp-json\/wp\/v2\/media?parent=3795"}],"curies":[{"name":"wp","href":"https:\/\/api.w.org\/{rel}","templated":true}]}}