{"id":2552,"date":"2024-04-15T15:22:49","date_gmt":"2024-04-15T13:22:49","guid":{"rendered":"https:\/\/olive-quail-903280.hostingersite.com\/contact\/"},"modified":"2026-02-06T21:32:41","modified_gmt":"2026-02-06T20:32:41","slug":"contact","status":"publish","type":"page","link":"https:\/\/globalschool.pl\/en\/contact\/","title":{"rendered":"Contact"},"content":{"rendered":"\t\t<div data-elementor-type=\"wp-page\" data-elementor-id=\"2552\" class=\"elementor elementor-2552 elementor-238\">\n\t\t\t\t<div class=\"elementor-element elementor-element-7710e4a e-flex e-con-boxed wpr-particle-no wpr-jarallax-no wpr-parallax-no wpr-sticky-section-no e-con e-parent\" data-id=\"7710e4a\" data-element_type=\"container\">\n\t\t\t\t\t<div class=\"e-con-inner\">\n\t\t\t\t<div class=\"elementor-element elementor-element-19c688c globalschool-heading-bottom elementor-widget__width-initial elementor-widget elementor-widget-heading\" data-id=\"19c688c\" data-element_type=\"widget\" data-widget_type=\"heading.default\">\n\t\t\t\t<div class=\"elementor-widget-container\">\n\t\t\t\t\t<h1 class=\"elementor-heading-title elementor-size-default\">Contact<\/h1>\t\t\t\t<\/div>\n\t\t\t\t<\/div>\n\t\t\t\t<div class=\"elementor-element elementor-element-107fc10 elementor-widget__width-initial eael-contact-form-7-button-align-left eael-contact-form-7-button-custom elementor-widget elementor-widget-eael-contact-form-7\" data-id=\"107fc10\" data-element_type=\"widget\" data-widget_type=\"eael-contact-form-7.default\">\n\t\t\t\t<div class=\"elementor-widget-container\">\n\t\t\t\t\t<div class=\"eael-contact-form-7-wrapper\">\n                <div class=\"eael-contact-form eael-contact-form-7 eael-contact-form-107fc10 placeholder-show eael-contact-form-align-center\">\n<div class=\"wpcf7 no-js\" id=\"wpcf7-f2919-o1\" lang=\"en-US\" dir=\"ltr\" data-wpcf7-id=\"2919\">\n<div class=\"screen-reader-response\"><p role=\"status\" aria-live=\"polite\" aria-atomic=\"true\"><\/p> <ul><\/ul><\/div>\n<form action=\"\/en\/wp-json\/wp\/v2\/pages\/2552#wpcf7-f2919-o1\" method=\"post\" class=\"wpcf7-form init\" aria-label=\"Contact form\" novalidate=\"novalidate\" data-status=\"init\">\n<fieldset class=\"hidden-fields-container\"><input type=\"hidden\" name=\"_wpcf7\" value=\"2919\" \/><input type=\"hidden\" name=\"_wpcf7_version\" value=\"6.1.2\" \/><input type=\"hidden\" name=\"_wpcf7_locale\" value=\"en_US\" \/><input type=\"hidden\" name=\"_wpcf7_unit_tag\" value=\"wpcf7-f2919-o1\" \/><input type=\"hidden\" name=\"_wpcf7_container_post\" value=\"0\" \/><input type=\"hidden\" name=\"_wpcf7_posted_data_hash\" value=\"\" \/>\n<\/fieldset>\n<p><label> Your name and surname<br \/>\n<span class=\"wpcf7-form-control-wrap\" data-name=\"your-name\"><input size=\"40\" maxlength=\"400\" class=\"wpcf7-form-control wpcf7-text wpcf7-validates-as-required\" autocomplete=\"name\" aria-required=\"true\" aria-invalid=\"false\" value=\"\" type=\"text\" name=\"your-name\" \/><\/span> <\/label>\n<\/p>\n<p><label> Your email address<br \/>\n<span class=\"wpcf7-form-control-wrap\" data-name=\"your-email\"><input size=\"40\" maxlength=\"400\" class=\"wpcf7-form-control wpcf7-email wpcf7-validates-as-required wpcf7-text wpcf7-validates-as-email\" autocomplete=\"email\" aria-required=\"true\" aria-invalid=\"false\" value=\"\" type=\"email\" name=\"your-email\" \/><\/span> <\/label>\n<\/p>\n<p><label> Your message<br \/>\n<span class=\"wpcf7-form-control-wrap\" data-name=\"your-message\"><textarea cols=\"40\" rows=\"10\" maxlength=\"2000\" class=\"wpcf7-form-control wpcf7-textarea wpcf7-validates-as-required\" aria-required=\"true\" aria-invalid=\"false\" name=\"your-message\"><\/textarea><\/span> <\/label>\n<\/p>\n<p><span class=\"wpcf7-form-control-wrap\" data-name=\"acceptance-558\"><span class=\"wpcf7-form-control wpcf7-acceptance\"><span class=\"wpcf7-list-item\"><label><input type=\"checkbox\" name=\"acceptance-558\" value=\"1\" aria-invalid=\"false\" \/><span class=\"wpcf7-list-item-label\">I have read and accept <a target=\"_blank\" href=\"https:\/\/globalschool.pl\/polityka-prywatnosci-rodo\/\">the privacy policy.<\/a><\/span><\/label><\/span><\/span><\/span>\n<\/p>\n<p><input class=\"wpcf7-form-control wpcf7-submit has-spinner\" type=\"submit\" value=\"Send\" \/>\n<\/p><div class=\"wpcf7-response-output\" aria-hidden=\"true\"><\/div>\n<\/form>\n<\/div>\n<\/div>\n            <\/div>\t\t\t\t<\/div>\n\t\t\t\t<\/div>\n\t\t<a class=\"elementor-element elementor-element-56bc8d8 e-con-full e-flex wpr-particle-no wpr-jarallax-no wpr-parallax-no wpr-sticky-section-no e-con e-child\" data-id=\"56bc8d8\" data-element_type=\"container\" href=\"https:\/\/www.facebook.com\/profile.php?id=61551465650825\" target=\"_blank\">\n\t\t\t\t<div class=\"elementor-element elementor-element-513fb2a elementor-widget elementor-widget-image\" data-id=\"513fb2a\" data-element_type=\"widget\" data-widget_type=\"image.default\">\n\t\t\t\t<div class=\"elementor-widget-container\">\n\t\t\t\t\t\t\t\t\t\t\t\t\t\t\t<img loading=\"lazy\" decoding=\"async\" width=\"125\" height=\"125\" src=\"https:\/\/globalschool.pl\/wp-content\/uploads\/Messenger-Streamline-Svg-Logos-1.png\" class=\"attachment-large size-large wp-image-3835\" alt=\"\" \/>\t\t\t\t\t\t\t\t\t\t\t\t\t\t\t<\/div>\n\t\t\t\t<\/div>\n\t\t\t\t<div class=\"elementor-element elementor-element-d1ba455 elementor-widget elementor-widget-heading\" data-id=\"d1ba455\" data-element_type=\"widget\" data-widget_type=\"heading.default\">\n\t\t\t\t<div class=\"elementor-widget-container\">\n\t\t\t\t\t<span class=\"elementor-heading-title elementor-size-default\">Contact us on messenger<\/span>\t\t\t\t<\/div>\n\t\t\t\t<\/div>\n\t\t\t\t<\/a>\n\t\t\t\t\t<\/div>\n\t\t\t\t<\/div>\n\t\t<div class=\"elementor-element elementor-element-d886a40 e-flex e-con-boxed wpr-particle-no wpr-jarallax-no wpr-parallax-no wpr-sticky-section-no e-con e-parent\" data-id=\"d886a40\" data-element_type=\"container\">\n\t\t\t\t\t<div class=\"e-con-inner\">\n\t\t<div class=\"elementor-element elementor-element-61db126 e-con-full e-flex wpr-particle-no wpr-jarallax-no wpr-parallax-no wpr-sticky-section-no e-con e-child\" data-id=\"61db126\" data-element_type=\"container\">\n\t\t\t\t<div class=\"elementor-element elementor-element-bccd060 elementor-widget elementor-widget-image\" data-id=\"bccd060\" data-element_type=\"widget\" data-widget_type=\"image.default\">\n\t\t\t\t<div class=\"elementor-widget-container\">\n\t\t\t\t\t\t\t\t\t\t\t\t\t\t\t<img loading=\"lazy\" decoding=\"async\" width=\"16\" height=\"16\" src=\"https:\/\/globalschool.pl\/wp-content\/uploads\/Map-Pin-Fill-Streamline-Phosphor-Fill-1.svg\" class=\"attachment-large size-large wp-image-3869\" alt=\"\" \/>\t\t\t\t\t\t\t\t\t\t\t\t\t\t\t<\/div>\n\t\t\t\t<\/div>\n\t\t\t\t<div class=\"elementor-element elementor-element-54bfa44 elementor-widget elementor-widget-heading\" data-id=\"54bfa44\" data-element_type=\"widget\" data-widget_type=\"heading.default\">\n\t\t\t\t<div class=\"elementor-widget-container\">\n\t\t\t\t\t<span class=\"elementor-heading-title elementor-size-default\">J\u00f3zefa Pi\u0142sudskiego 3\/58, 05-850 Ozarow Mazowiecki<\/span>\t\t\t\t<\/div>\n\t\t\t\t<\/div>\n\t\t\t\t<\/div>\n\t\t<div class=\"elementor-element elementor-element-7ea3fb6 e-con-full e-flex wpr-particle-no wpr-jarallax-no wpr-parallax-no wpr-sticky-section-no e-con e-child\" data-id=\"7ea3fb6\" data-element_type=\"container\">\n\t\t\t\t<div class=\"elementor-element elementor-element-5fc82fd elementor-widget elementor-widget-image\" data-id=\"5fc82fd\" data-element_type=\"widget\" data-widget_type=\"image.default\">\n\t\t\t\t<div class=\"elementor-widget-container\">\n\t\t\t\t\t\t\t\t\t\t\t\t\t\t\t<img loading=\"lazy\" decoding=\"async\" width=\"16\" height=\"16\" src=\"https:\/\/globalschool.pl\/wp-content\/uploads\/Phone-Fill-Streamline-Phosphor-Fill-1.svg\" class=\"attachment-large size-large wp-image-3871\" alt=\"\" \/>\t\t\t\t\t\t\t\t\t\t\t\t\t\t\t<\/div>\n\t\t\t\t<\/div>\n\t\t\t\t<div class=\"elementor-element elementor-element-2a244ec elementor-widget elementor-widget-heading\" data-id=\"2a244ec\" data-element_type=\"widget\" data-widget_type=\"heading.default\">\n\t\t\t\t<div class=\"elementor-widget-container\">\n\t\t\t\t\t<span class=\"elementor-heading-title elementor-size-default\">  691 958 283 <\/span>\t\t\t\t<\/div>\n\t\t\t\t<\/div>\n\t\t\t\t<\/div>\n\t\t<div class=\"elementor-element elementor-element-749c8ff e-con-full e-flex wpr-particle-no wpr-jarallax-no wpr-parallax-no wpr-sticky-section-no e-con e-child\" data-id=\"749c8ff\" data-element_type=\"container\">\n\t\t\t\t<div class=\"elementor-element elementor-element-d351077 elementor-widget elementor-widget-image\" data-id=\"d351077\" data-element_type=\"widget\" data-widget_type=\"image.default\">\n\t\t\t\t<div class=\"elementor-widget-container\">\n\t\t\t\t\t\t\t\t\t\t\t\t\t\t\t<img loading=\"lazy\" decoding=\"async\" width=\"16\" height=\"16\" src=\"https:\/\/globalschool.pl\/wp-content\/uploads\/At-Fill-Streamline-Phosphor-Fill-1.svg\" class=\"attachment-large size-large wp-image-3870\" alt=\"\" \/>\t\t\t\t\t\t\t\t\t\t\t\t\t\t\t<\/div>\n\t\t\t\t<\/div>\n\t\t\t\t<div class=\"elementor-element elementor-element-8b25d1d elementor-widget elementor-widget-heading\" data-id=\"8b25d1d\" data-element_type=\"widget\" data-widget_type=\"heading.default\">\n\t\t\t\t<div class=\"elementor-widget-container\">\n\t\t\t\t\t<span class=\"elementor-heading-title elementor-size-default\">  biuro@globalschool.pl<\/span>\t\t\t\t<\/div>\n\t\t\t\t<\/div>\n\t\t\t\t<\/div>\n\t\t\t\t\t<\/div>\n\t\t\t\t<\/div>\n\t\t<div class=\"elementor-element elementor-element-aa974a5 e-flex e-con-boxed wpr-particle-no wpr-jarallax-no wpr-parallax-no wpr-sticky-section-no e-con e-parent\" data-id=\"aa974a5\" data-element_type=\"container\">\n\t\t\t\t\t<div class=\"e-con-inner\">\n\t\t<div class=\"elementor-element elementor-element-081c2af e-con-full e-flex wpr-particle-no wpr-jarallax-no wpr-parallax-no wpr-sticky-section-no e-con e-child\" data-id=\"081c2af\" data-element_type=\"container\">\n\t\t\t\t<div class=\"elementor-element elementor-element-3d1b050 elementor-widget elementor-widget-google_maps\" data-id=\"3d1b050\" data-element_type=\"widget\" data-widget_type=\"google_maps.default\">\n\t\t\t\t<div class=\"elementor-widget-container\">\n\t\t\t\t\t\t\t<div class=\"elementor-custom-embed\">\n\t\t\t<iframe loading=\"lazy\"\n\t\t\t\t\tsrc=\"https:\/\/maps.google.com\/maps?q=Pi%C5%82sudskiego%203%2F58&#038;t=m&#038;z=15&#038;output=embed&#038;iwloc=near\"\n\t\t\t\t\ttitle=\"Pi\u0142sudskiego 3\/58\"\n\t\t\t\t\taria-label=\"Pi\u0142sudskiego 3\/58\"\n\t\t\t><\/iframe>\n\t\t<\/div>\n\t\t\t\t\t\t<\/div>\n\t\t\t\t<\/div>\n\t\t\t\t<\/div>\n\t\t\t\t\t<\/div>\n\t\t\t\t<\/div>\n\t\t\t\t<\/div>\n\t\t","protected":false},"excerpt":{"rendered":"<p>Contact Twoje imi\u0119 i nazwisko Tw\u00f3j adres e-mail Twoja wiadomo\u015bci Zapozna\u0142em si\u0119 i akceptuj\u0119 polityk\u0119 prywatno\u015bci. Contact us on messenger J\u00f3zefa Pi\u0142sudskiego 3\/58, 05-850 Ozarow Mazowiecki 691 958 283 biuro@globalschool.pl<\/p>\n","protected":false},"author":4,"featured_media":0,"parent":0,"menu_order":0,"comment_status":"closed","ping_status":"closed","template":"","meta":{"_acf_changed":false,"footnotes":""},"class_list":["post-2552","page","type-page","status-publish","hentry"],"acf":[],"rttpg_featured_image_url":null,"rttpg_author":{"display_name":"globalschool","author_link":"https:\/\/globalschool.pl\/en\/author\/globalschool\/"},"rttpg_comment":0,"rttpg_category":" <a href=\"https:\/\/globalschool.pl\/en\/?taxonomy=translation_priority&#038;term=opcjonalne-en\" rel=\"tag\">Opcjonalne<\/a>","rttpg_excerpt":"Contact Twoje imi\u0119 i nazwisko Tw\u00f3j adres e-mail Twoja wiadomo\u015bci Zapozna\u0142em si\u0119 i akceptuj\u0119 polityk\u0119 prywatno\u015bci. Contact us on messenger J\u00f3zefa Pi\u0142sudskiego 3\/58, 05-850 Ozarow Mazowiecki 691 958 283 biuro@globalschool.pl","_links":{"self":[{"href":"https:\/\/globalschool.pl\/en\/wp-json\/wp\/v2\/pages\/2552","targetHints":{"allow":["GET"]}}],"collection":[{"href":"https:\/\/globalschool.pl\/en\/wp-json\/wp\/v2\/pages"}],"about":[{"href":"https:\/\/globalschool.pl\/en\/wp-json\/wp\/v2\/types\/page"}],"author":[{"embeddable":true,"href":"https:\/\/globalschool.pl\/en\/wp-json\/wp\/v2\/users\/4"}],"replies":[{"embeddable":true,"href":"https:\/\/globalschool.pl\/en\/wp-json\/wp\/v2\/comments?post=2552"}],"version-history":[{"count":7,"href":"https:\/\/globalschool.pl\/en\/wp-json\/wp\/v2\/pages\/2552\/revisions"}],"predecessor-version":[{"id":5097,"href":"https:\/\/globalschool.pl\/en\/wp-json\/wp\/v2\/pages\/2552\/revisions\/5097"}],"wp:attachment":[{"href":"https:\/\/globalschool.pl\/en\/wp-json\/wp\/v2\/media?parent=2552"}],"curies":[{"name":"wp","href":"https:\/\/api.w.org\/{rel}","templated":true}]}}