{"id":4520,"date":"2025-09-25T20:05:41","date_gmt":"2025-09-25T18:05:41","guid":{"rendered":"https:\/\/globalschool.pl\/produkt\/kennenlernen-und-moegen-ein-innovativer-kurs-in-polnisch-als-fremdsprache-fuer-anfaenger\/"},"modified":"2026-01-28T16:02:57","modified_gmt":"2026-01-28T15:02:57","slug":"kennenlernen-und-moegen-ein-innovativer-kurs-in-polnisch-als-fremdsprache-fuer-anfaenger","status":"publish","type":"product","link":"https:\/\/globalschool.pl\/de\/produkt\/kennenlernen-und-moegen-ein-innovativer-kurs-in-polnisch-als-fremdsprache-fuer-anfaenger\/","title":{"rendered":"&#8222;Kennenlernen und m\u00f6gen&#8220; &#8211; ein innovativer Kurs in Polnisch als Fremdsprache f\u00fcr Anf\u00e4nger"},"content":{"rendered":"<p><span style=\"font-weight: 400;\">  Warum lohnt es sich, das Buch \u201eKennenlernen und m\u00f6gen\u201c auszuw\u00e4hlen?<\/span><\/p>\n<p><span style=\"font-weight: 400;\">\u2705<\/span> <span style=\"font-weight: 400;\">Authentische Kommunikationssituationen \u2013 lernen Sie die Sprache, die Polen in allt\u00e4glichen Gespr\u00e4chen wirklich verwenden.<\/span><\/p>\n<p><span style=\"font-weight: 400;\">\u2705<\/span> <span style=\"font-weight: 400;\">Schrittweise Einf\u00fchrung in die Grammatik \u2013 stressfrei, mit anschaulichen Beispielen und Vertiefungs\u00fcbungen.<\/span><\/p>\n<p><span style=\"font-weight: 400;\">\u2705<\/span> <span style=\"font-weight: 400;\">Speziell vorbereitete Sprach\u00fcbersetzungen f\u00fcr Englisch- und Russischsprachige.<\/span><span style=\"font-weight: 400;\"> <\/span><\/p>\n<p><span style=\"font-weight: 400;\">\u2705<\/span> <span style=\"font-weight: 400;\">Modernes Design und benutzerfreundliches Layout \u2013 klare Lektionen, farbenfrohe Illustrationen und logischer Materialaufbau.<\/span><\/p>\n<p><span style=\"font-weight: 400;\">\u2705<\/span> <span style=\"font-weight: 400;\">\u00dcbungen zur Entwicklung aller Sprachfertigkeiten \u2013 Sprechen, Verstehen, Lesen und Schreiben.<\/span><\/p>\n<p><span style=\"font-weight: 400;\">\u2705<\/span> <span style=\"font-weight: 400;\">Kulturelle und lebensnahe Abschnitte \u2013 lernen Sie Polen von innen kennen: Traditionen, Kuriosit\u00e4ten und das zeitgen\u00f6ssische Leben.<\/span><\/p>\n<p><span style=\"font-weight: 400;\"> F\u00fcr wen?<\/span><\/p>\n<p><span style=\"font-weight: 400;\">Das Handbuch \u201eEntdecken und liken\u201c wurde unter folgenden Gesichtspunkten entwickelt:<\/span><\/p>\n<ul>\n<li style=\"font-weight: 400;\" aria-level=\"1\"><span style=\"font-weight: 400;\">Studenten und Sch\u00fcler von Sprachschulen,<\/span><\/li>\n<li style=\"font-weight: 400;\" aria-level=\"1\"><span style=\"font-weight: 400;\">Ausl\u00e4nder, die in Polen arbeiten,<\/span><\/li>\n<li style=\"font-weight: 400;\" aria-level=\"1\"><span style=\"font-weight: 400;\">Personen, die sich auf die Pr\u00fcfung in Polnisch als Fremdsprache vorbereiten,<\/span><\/li>\n<li style=\"font-weight: 400;\" aria-level=\"1\"><span style=\"font-weight: 400;\">alle, die nat\u00fcrlich und sicher Polnisch sprechen m\u00f6chten.<\/span><\/li>\n<\/ul>\n<p><span style=\"font-weight: 400;\">  Was finden Sie darin?<\/span><\/p>\n<ul>\n<li style=\"font-weight: 400;\" aria-level=\"1\"><span style=\"font-weight: 400;\">Jede Lektion in \u201eEntdecken und Liken\u201c ist eine sorgf\u00e4ltig durchdachte Zusammenstellung von Sprachmaterialien:<\/span><\/li>\n<li style=\"font-weight: 400;\" aria-level=\"1\"><span style=\"font-weight: 400;\">Dialoge und Texte, die auf realen Situationen basieren,<\/span><\/li>\n<li style=\"font-weight: 400;\" aria-level=\"1\"><span style=\"font-weight: 400;\">praktische Vokabeln und Redewendungen aus dem Alltag,<\/span><\/li>\n<li style=\"font-weight: 400;\" aria-level=\"1\"><span style=\"font-weight: 400;\">Kommunikations\u00fcbungen,<\/span><\/li>\n<li style=\"font-weight: 400;\" aria-level=\"1\"><span style=\"font-weight: 400;\">Grammatikabschnitte mit Beispielen und Abbildungen,<\/span><\/li>\n<li style=\"font-weight: 400;\" aria-level=\"1\"><span style=\"font-weight: 400;\">Wiederholungen und Tests zur Festigung des Wissens.<\/span><\/li>\n<\/ul>\n<p>&nbsp;<\/p>\n<p><span style=\"font-weight: 400;\">  Lernen Sie die Sprache, entdecken Sie Polen, haben Sie Spa\u00df beim Lernen!<\/span><\/p>\n<p><span style=\"font-weight: 400;\">\u201eDiscover and Like\u201c ist mehr als nur ein Lehrbuch \u2013 es ist eine Einladung, Polen durch die Sprache zu entdecken. Dank des dynamischen Ansatzes und des kommunikativen Charakters wird das Lernen nat\u00fcrlich und inspirierend. <\/span><\/p>\n<p><span style=\"font-weight: 400;\">  Verf\u00fcgbare Niveaustufen: A1 \u2013 A2  <\/span><\/p>\n<p><span style=\"font-weight: 400;\">\ufe0f<\/span> <span style=\"font-weight: 400;\">Zus\u00e4tzliche Online-Materialien \u2013 Audioaufnahmen,<\/span><\/p>\n<p><span style=\"font-weight: 400;\">  Perfekt f\u00fcr die Arbeit im Klassenzimmer und das Selbststudium<\/span><\/p>\n<p><span style=\"font-weight: 400;\">\u2764\ufe0f<\/span><span style=\"font-weight: 400;\">  Lernen Sie die Sprache. Lernen Sie, Polen zu lieben. <\/span><\/p>\n<p><span style=\"font-weight: 400;\">Mit \u201eDiscover and Like\u201c wird Polnisch lernen zu einem faszinierenden Abenteuer!<\/span><\/p>\n","protected":false},"excerpt":{"rendered":"<p>&#8222;Poznaj i polub&#8220; ist ein moderner Kurs f\u00fcr Polnisch als Fremdsprache, der sich an Menschen richtet, die ihr Abenteuer mit der polnischen Sprache beginnen. Das Lehrbuch f\u00fchrt auf einfache und zug\u00e4ngliche Weise in die Grundlagen der Kommunikation ein und kombiniert praktisches Vokabular mit den wichtigsten grammatikalischen Strukturen. <\/p>\n","protected":false},"featured_media":4613,"template":"","meta":{"_acf_changed":false},"product_brand":[],"product_cat":[1014],"product_tag":[],"class_list":{"0":"post-4520","1":"product","2":"type-product","3":"status-publish","4":"has-post-thumbnail","6":"product_cat-bucher","8":"first","9":"instock","10":"sale","11":"downloadable","12":"virtual","13":"sold-individually","14":"purchasable","15":"product-type-simple"},"acf":[],"_links":{"self":[{"href":"https:\/\/globalschool.pl\/de\/wp-json\/wp\/v2\/product\/4520","targetHints":{"allow":["GET"]}}],"collection":[{"href":"https:\/\/globalschool.pl\/de\/wp-json\/wp\/v2\/product"}],"about":[{"href":"https:\/\/globalschool.pl\/de\/wp-json\/wp\/v2\/types\/product"}],"wp:featuredmedia":[{"embeddable":true,"href":"https:\/\/globalschool.pl\/de\/wp-json\/wp\/v2\/media\/4613"}],"wp:attachment":[{"href":"https:\/\/globalschool.pl\/de\/wp-json\/wp\/v2\/media?parent=4520"}],"wp:term":[{"taxonomy":"product_brand","embeddable":true,"href":"https:\/\/globalschool.pl\/de\/wp-json\/wp\/v2\/product_brand?post=4520"},{"taxonomy":"product_cat","embeddable":true,"href":"https:\/\/globalschool.pl\/de\/wp-json\/wp\/v2\/product_cat?post=4520"},{"taxonomy":"product_tag","embeddable":true,"href":"https:\/\/globalschool.pl\/de\/wp-json\/wp\/v2\/product_tag?post=4520"}],"curies":[{"name":"wp","href":"https:\/\/api.w.org\/{rel}","templated":true}]}}