{"id":690,"date":"2024-04-14T17:58:00","date_gmt":"2024-04-14T15:58:00","guid":{"rendered":"https:\/\/globalschool.pl\/?page_id=690"},"modified":"2025-02-16T12:18:56","modified_gmt":"2025-02-16T11:18:56","slug":"uber-uns","status":"publish","type":"page","link":"https:\/\/globalschool.pl\/de\/uber-uns\/","title":{"rendered":"\u00dcber uns"},"content":{"rendered":"\t\t<div data-elementor-type=\"wp-page\" data-elementor-id=\"690\" class=\"elementor elementor-690 elementor-214\">\n\t\t\t\t<div class=\"elementor-element elementor-element-fee45e7 e-flex e-con-boxed wpr-particle-no wpr-jarallax-no wpr-parallax-no wpr-sticky-section-no e-con e-parent\" data-id=\"fee45e7\" data-element_type=\"container\">\n\t\t\t\t\t<div class=\"e-con-inner\">\n\t\t<div class=\"elementor-element elementor-element-b866a34 e-con-full e-flex wpr-particle-no wpr-jarallax-no wpr-parallax-no wpr-sticky-section-no e-con e-child\" data-id=\"b866a34\" data-element_type=\"container\">\n\t\t\t\t<div class=\"elementor-element elementor-element-72e5c4b globalschool-border-bottom elementor-widget elementor-widget-heading\" data-id=\"72e5c4b\" data-element_type=\"widget\" data-widget_type=\"heading.default\">\n\t\t\t\t<div class=\"elementor-widget-container\">\n\t\t\t\t\t<h1 class=\"elementor-heading-title elementor-size-default\">\u00dcber uns<\/h1>\t\t\t\t<\/div>\n\t\t\t\t<\/div>\n\t\t\t\t<div class=\"elementor-element elementor-element-c9aa3b5 elementor-widget elementor-widget-heading\" data-id=\"c9aa3b5\" data-element_type=\"widget\" data-widget_type=\"heading.default\">\n\t\t\t\t<div class=\"elementor-widget-container\">\n\t\t\t\t\t<span class=\"elementor-heading-title elementor-size-default\">Die Global School ist ein modernes Bildungszentrum. Wir sind ein Ort, an dem Lernende ihre Sprachkenntnisse auf freundliche und entspannte Art und Weise entwickeln k\u00f6nnen. Aufgrund unserer langj\u00e4hrigen Unterrichtserfahrung wissen wir, dass Sie nur mit dem richtigen Engagement und der richtigen Motivation die Ergebnisse erzielen k\u00f6nnen, von denen Sie tr\u00e4umen. Auf der Grundlage dieser Kriterien wurde eine Idee geboren, die wir S.P.E.A.K. IDEAS genannt haben. - die eine Philosophie der \u00dcberwindung der eigenen Grenzen und eine enthusiastische Herangehensweise an das Sprachenlernen beinhaltet.   \n<br><br>20 Jahre Erfahrung im Sprachunterricht. Global School ist ein Team von Menschen, die mit Leidenschaft und Wissen arbeiten. Erfahrene und begeisterte Lehrer, die unter methodischer Aufsicht arbeiten. Und all dies, um sicherzustellen, dass Sie viele Sprachen sprechen.   \n<br><br>Wir setzen auf Entwicklung und Innovation und erf\u00fcllen die Bed\u00fcrfnisse unserer Kunden in einer modernen Form und mit hervorragender Qualit\u00e4t. Unser Angebot umfasst: individuell zugeschnittene Lernpfade, Fach-, Gesch\u00e4fts- und allgemeine Kurse. Unser Angebot richtet sich sowohl an Unternehmen als auch an Einzelpersonen mit unterschiedlichen Sprachniveaus.  \n<br><br>Unser Leistungsangebot ist individuell auf Ihre Bed\u00fcrfnisse zugeschnitten. Unser Ziel ist es, Fremdsprachen effektiv zu unterrichten und Ihre Sprachkenntnisse zu verbessern. Wir arbeiten mit mehr als 300 Sprachlehrern zusammen und bilden j\u00e4hrlich mehr als 3.000 Studenten aus.    <\/span>\t\t\t\t<\/div>\n\t\t\t\t<\/div>\n\t\t\t\t<\/div>\n\t\t<div class=\"elementor-element elementor-element-a089eef e-con-full elementor-hidden-tablet elementor-hidden-mobile e-flex wpr-particle-no wpr-jarallax-no wpr-parallax-no wpr-sticky-section-no e-con e-child\" data-id=\"a089eef\" data-element_type=\"container\">\n\t\t\t\t<div class=\"elementor-element elementor-element-4cb0fc6 elementor-widget elementor-widget-image\" data-id=\"4cb0fc6\" data-element_type=\"widget\" data-widget_type=\"image.default\">\n\t\t\t\t<div class=\"elementor-widget-container\">\n\t\t\t\t\t\t\t\t\t\t\t\t\t\t\t<img loading=\"lazy\" decoding=\"async\" width=\"800\" height=\"800\" src=\"https:\/\/globalschool.pl\/wp-content\/uploads\/men-1024x1024.png\" class=\"attachment-large size-large wp-image-373\" alt=\"\" srcset=\"https:\/\/globalschool.pl\/wp-content\/uploads\/men-1024x1024.png 1024w, https:\/\/globalschool.pl\/wp-content\/uploads\/men-300x300.png 300w, https:\/\/globalschool.pl\/wp-content\/uploads\/men-150x150.png 150w, https:\/\/globalschool.pl\/wp-content\/uploads\/men-768x768.png 768w, https:\/\/globalschool.pl\/wp-content\/uploads\/men-1536x1536.png 1536w, https:\/\/globalschool.pl\/wp-content\/uploads\/men-2048x2048.png 2048w\" sizes=\"auto, (max-width: 800px) 100vw, 800px\" \/>\t\t\t\t\t\t\t\t\t\t\t\t\t\t\t<\/div>\n\t\t\t\t<\/div>\n\t\t\t\t<\/div>\n\t\t\t\t\t<\/div>\n\t\t\t\t<\/div>\n\t\t<div class=\"elementor-element elementor-element-05a0a9b e-flex e-con-boxed wpr-particle-no wpr-jarallax-no wpr-parallax-no wpr-sticky-section-no e-con e-parent\" data-id=\"05a0a9b\" data-element_type=\"container\" data-settings=\"{&quot;background_background&quot;:&quot;classic&quot;}\">\n\t\t\t\t\t<div class=\"e-con-inner\">\n\t\t<div class=\"elementor-element elementor-element-abe87a3 e-con-full e-flex wpr-particle-no wpr-jarallax-no wpr-parallax-no wpr-sticky-section-no e-con e-child\" data-id=\"abe87a3\" data-element_type=\"container\">\n\t\t\t\t<div class=\"elementor-element elementor-element-009448b round-border elementor-widget elementor-widget-heading\" data-id=\"009448b\" data-element_type=\"widget\" data-widget_type=\"heading.default\">\n\t\t\t\t<div class=\"elementor-widget-container\">\n\t\t\t\t\t<span class=\"elementor-heading-title elementor-size-default\">1998<\/span>\t\t\t\t<\/div>\n\t\t\t\t<\/div>\n\t\t\t\t<div class=\"elementor-element elementor-element-f3de20f elementor-widget elementor-widget-heading\" data-id=\"f3de20f\" data-element_type=\"widget\" data-widget_type=\"heading.default\">\n\t\t\t\t<div class=\"elementor-widget-container\">\n\t\t\t\t\t<span class=\"elementor-heading-title elementor-size-default\">  Anzahl der verf\u00fcgbaren Kurse  <\/span>\t\t\t\t<\/div>\n\t\t\t\t<\/div>\n\t\t\t\t<\/div>\n\t\t<div class=\"elementor-element elementor-element-6624668 e-con-full e-flex wpr-particle-no wpr-jarallax-no wpr-parallax-no wpr-sticky-section-no e-con e-child\" data-id=\"6624668\" data-element_type=\"container\">\n\t\t\t\t<div class=\"elementor-element elementor-element-7829e41 round-border elementor-widget elementor-widget-heading\" data-id=\"7829e41\" data-element_type=\"widget\" data-widget_type=\"heading.default\">\n\t\t\t\t<div class=\"elementor-widget-container\">\n\t\t\t\t\t<span class=\"elementor-heading-title elementor-size-default\">70<\/span>\t\t\t\t<\/div>\n\t\t\t\t<\/div>\n\t\t\t\t<div class=\"elementor-element elementor-element-bd9cffd elementor-widget elementor-widget-heading\" data-id=\"bd9cffd\" data-element_type=\"widget\" data-widget_type=\"heading.default\">\n\t\t\t\t<div class=\"elementor-widget-container\">\n\t\t\t\t\t<span class=\"elementor-heading-title elementor-size-default\">Aktive virtuelle Klassenzimmer<\/span>\t\t\t\t<\/div>\n\t\t\t\t<\/div>\n\t\t\t\t<\/div>\n\t\t<div class=\"elementor-element elementor-element-cd5a1a2 e-con-full e-flex wpr-particle-no wpr-jarallax-no wpr-parallax-no wpr-sticky-section-no e-con e-child\" data-id=\"cd5a1a2\" data-element_type=\"container\">\n\t\t\t\t<div class=\"elementor-element elementor-element-77904d2 round-border elementor-widget elementor-widget-heading\" data-id=\"77904d2\" data-element_type=\"widget\" data-widget_type=\"heading.default\">\n\t\t\t\t<div class=\"elementor-widget-container\">\n\t\t\t\t\t<span class=\"elementor-heading-title elementor-size-default\">79<\/span>\t\t\t\t<\/div>\n\t\t\t\t<\/div>\n\t\t\t\t<div class=\"elementor-element elementor-element-a333c25 elementor-widget elementor-widget-heading\" data-id=\"a333c25\" data-element_type=\"widget\" data-widget_type=\"heading.default\">\n\t\t\t\t<div class=\"elementor-widget-container\">\n\t\t\t\t\t<span class=\"elementor-heading-title elementor-size-default\">  Anzahl der Dozenten  <\/span>\t\t\t\t<\/div>\n\t\t\t\t<\/div>\n\t\t\t\t<\/div>\n\t\t<div class=\"elementor-element elementor-element-e107713 e-con-full e-flex wpr-particle-no wpr-jarallax-no wpr-parallax-no wpr-sticky-section-no e-con e-child\" data-id=\"e107713\" data-element_type=\"container\">\n\t\t\t\t<div class=\"elementor-element elementor-element-afb4db5 round-border elementor-widget elementor-widget-heading\" data-id=\"afb4db5\" data-element_type=\"widget\" data-widget_type=\"heading.default\">\n\t\t\t\t<div class=\"elementor-widget-container\">\n\t\t\t\t\t<span class=\"elementor-heading-title elementor-size-default\">2100<\/span>\t\t\t\t<\/div>\n\t\t\t\t<\/div>\n\t\t\t\t<div class=\"elementor-element elementor-element-330ae39 elementor-widget elementor-widget-heading\" data-id=\"330ae39\" data-element_type=\"widget\" data-widget_type=\"heading.default\">\n\t\t\t\t<div class=\"elementor-widget-container\">\n\t\t\t\t\t<span class=\"elementor-heading-title elementor-size-default\">  Anzahl der H\u00f6rer<\/span>\t\t\t\t<\/div>\n\t\t\t\t<\/div>\n\t\t\t\t<\/div>\n\t\t\t\t\t<\/div>\n\t\t\t\t<\/div>\n\t\t<div class=\"elementor-element elementor-element-ca514d5 e-flex e-con-boxed wpr-particle-no wpr-jarallax-no wpr-parallax-no wpr-sticky-section-no e-con e-parent\" data-id=\"ca514d5\" data-element_type=\"container\" data-settings=\"{&quot;background_background&quot;:&quot;classic&quot;}\">\n\t\t\t\t\t<div class=\"e-con-inner\">\n\t\t\t\t<div class=\"elementor-element elementor-element-6698faf wpr-adv-slider-columns-1 wpr-adv-slider-columns--tablet1 wpr-adv-slider-columns--mobile1 wpr-adv-slides-to-scroll-1 wpr-slider-dots-horizontal elementor-widget elementor-widget-wpr-advanced-slider\" data-id=\"6698faf\" data-element_type=\"widget\" data-settings=\"{&quot;slider_amount&quot;:1,&quot;slider_amount_tablet&quot;:1,&quot;slider_amount_mobile&quot;:1,&quot;slides_to_scroll&quot;:1,&quot;slider_loop&quot;:&quot;yes&quot;,&quot;slider_hide_video_content&quot;:&quot;yes&quot;,&quot;slider_video_btn_size&quot;:&quot;medium&quot;}\" data-widget_type=\"wpr-advanced-slider.default\">\n\t\t\t\t<div class=\"elementor-widget-container\">\n\t\t\t\t\t\n\t\t<!-- Advanced Slider -->\n\t\t<div class=\"wpr-advanced-slider-wrap\">\n\t\t\t\n\t\t\t<div class=\"wpr-advanced-slider\" dir=\"ltr\" data-slick=\"{&quot;rtl&quot;:false,&quot;infinite&quot;:true,&quot;speed&quot;:700,&quot;arrows&quot;:true,&quot;dots&quot;:true,&quot;autoplay&quot;:false,&quot;autoplaySpeed&quot;:1000,&quot;pauseOnHover&quot;:&quot;&quot;,&quot;prevArrow&quot;:&quot;#wpr-slider-prev-6698faf&quot;,&quot;nextArrow&quot;:&quot;#wpr-slider-next-6698faf&quot;,&quot;vertical&quot;:false,&quot;adaptiveHeight&quot;:true}\" data-hide-video-content=\"yes\" data-video-btn-size=\"{&quot;widescreen&quot;:&quot;medium&quot;,&quot;desktop&quot;:&quot;medium&quot;,&quot;laptop&quot;:&quot;medium&quot;,&quot;tablet_extra&quot;:&quot;medium&quot;,&quot;tablet&quot;:&quot;medium&quot;,&quot;mobile_extra&quot;:&quot;medium&quot;,&quot;mobile&quot;:&quot;medium&quot;}\" data-slide-effect=\"slide\">\n\t\t\t\t<div class=\"wpr-slider-item elementor-repeater-item-5b7c7c9\"><div class=\"wpr-slider-item-bg \" style=\"background-image: url()\"><\/div><div class=\"wpr-cv-container\"><div class=\"wpr-cv-outer\"><div class=\"wpr-cv-inner\"><div class=\"wpr-slider-content\"><div class=\"wpr-slider-title\"><h2>Erfahrung<\/h2><\/div><div class=\"wpr-slider-description\"><p>20 Jahre Erfahrung im Sprachenunterricht. Global School ist ein Team von Menschen, die mit Leidenschaft und Wissen arbeiten. Erfahrene und engagierte Dozenten arbeiten unter methodischer Anleitung. Und das alles, damit Sie viele Sprachen sprechen k\u00f6nnen.<\/p><\/div><div class=\"wpr-slider-btns\"><\/div><\/div><\/div><\/div><\/div><\/div><div class=\"wpr-slider-item elementor-repeater-item-0fa68f1\"><div class=\"wpr-slider-item-bg \" style=\"background-image: url()\"><\/div><div class=\"wpr-slider-item-overlay\"><\/div><div class=\"wpr-cv-container\"><div class=\"wpr-cv-outer\"><div class=\"wpr-cv-inner\"><div class=\"wpr-slider-content\"><div class=\"wpr-slider-title\"><h3>GLOBALE REAKTION<\/h3><\/div><div class=\"wpr-slider-description\"><p>Global School ist da, wo Sie sind!<br>In Sekundenschnelle k\u00f6nnen Sie bei Lehrern in Gro\u00dfbritannien, China oder den USA lernen. W\u00e4hlen Sie die Sprache, f\u00fcr die Sie sich interessieren, und beginnen Sie Ihr Abenteuer bei Global School  <\/p><\/div><div class=\"wpr-slider-btns\"><\/div><\/div><\/div><\/div><\/div><\/div><div class=\"wpr-slider-item elementor-repeater-item-2a4ae7e\"><div class=\"wpr-slider-item-bg \" style=\"background-image: url()\"><\/div><div class=\"wpr-slider-item-overlay\"><\/div><div class=\"wpr-cv-container\"><div class=\"wpr-cv-outer\"><div class=\"wpr-cv-inner\"><div class=\"wpr-slider-content\"><div class=\"wpr-slider-title\"><h2>ONLINE-KURSE UND LEKTIONEN<\/h2><\/div><div class=\"wpr-slider-description\"><p>Sie verschwenden keine Zeit mit dem Pendeln. Alles, was Sie brauchen, ist ein Computer, Tablet oder Smartphone mit Internetzugang.<br>W\u00e4hlen Sie einen Kurs oder ein Stundenpaket. Innovativer Marktplatz f\u00fcr Kurse und Lektionen - pr\u00fcfen, ausw\u00e4hlen und anfangen zu sprechen.   <\/p><\/div><div class=\"wpr-slider-btns\"><\/div><\/div><\/div><\/div><\/div><\/div><div class=\"wpr-slider-item elementor-repeater-item-7b95b6c\"><div class=\"wpr-slider-item-bg \" style=\"background-image: url()\"><\/div><div class=\"wpr-slider-item-overlay\"><\/div><div class=\"wpr-cv-container\"><div class=\"wpr-cv-outer\"><div class=\"wpr-cv-inner\"><div class=\"wpr-slider-content\"><div class=\"wpr-slider-title\"><h2>INNERBETRIEBLICHE KURSE<\/h2><\/div><div class=\"wpr-slider-description\"><p>Wir organisieren Sprachkurse f\u00fcr Mitarbeiter in den R\u00e4umlichkeiten des Unternehmens.<\/p><\/div><div class=\"wpr-slider-btns\"><\/div><\/div><\/div><\/div><\/div><\/div>\t\t\t<\/div>\n\t\t\t<div class=\"wpr-slider-controls\">\n\t\t\t\t<div class=\"wpr-slider-dots\"><\/div>\n\t\t\t<\/div>\n\n\t\t\t<div class=\"wpr-slider-arrow-container\">\n\t\t\t\t<div class=\"wpr-slider-prev-arrow wpr-slider-arrow\" id=\"wpr-slider-prev-6698faf\">\n\t\t\t\t\t<svg version=\"1.1\" xmlns=\"http:\/\/www.w3.org\/2000\/svg\" xmlns:xlink=\"http:\/\/www.w3.org\/1999\/xlink\" x=\"0px\" y=\"0px\" viewBox=\"0 0 283.4 512\" style=\"enable-background:new 0 0 283.4 512;\" xml:space=\"preserve\"><g><polygon class=\"st0\" points=\"54.5,256.3 283.4,485.1 256.1,512.5 0,256.3 0,256.3 27.2,229 256.1,0 283.4,27.4 \"\/><\/g><\/svg>\t\t\t\t<\/div>\n\t\t\t\t<div class=\"wpr-slider-next-arrow wpr-slider-arrow\" id=\"wpr-slider-next-6698faf\">\n\t\t\t\t\t<svg version=\"1.1\" xmlns=\"http:\/\/www.w3.org\/2000\/svg\" xmlns:xlink=\"http:\/\/www.w3.org\/1999\/xlink\" x=\"0px\" y=\"0px\" viewBox=\"0 0 283.4 512\" style=\"enable-background:new 0 0 283.4 512;\" xml:space=\"preserve\"><g><polygon class=\"st0\" points=\"54.5,256.3 283.4,485.1 256.1,512.5 0,256.3 0,256.3 27.2,229 256.1,0 283.4,27.4 \"\/><\/g><\/svg>\t\t\t\t<\/div>\n\t\t\t<\/div>\n\t\t\t\n\t\t\t\n\t\t<\/div>\n\t\t\t\t\t\t<\/div>\n\t\t\t\t<\/div>\n\t\t\t\t\t<\/div>\n\t\t\t\t<\/div>\n\t\t<div class=\"elementor-element elementor-element-4d8c0c7 e-flex e-con-boxed wpr-particle-no wpr-jarallax-no wpr-parallax-no wpr-sticky-section-no e-con e-parent\" data-id=\"4d8c0c7\" data-element_type=\"container\">\n\t\t\t\t\t<div class=\"e-con-inner\">\n\t\t\t\t<div class=\"elementor-element elementor-element-cb2468a globalschool-heading-bottom elementor-widget__width-initial elementor-widget elementor-widget-heading\" data-id=\"cb2468a\" data-element_type=\"widget\" data-widget_type=\"heading.default\">\n\t\t\t\t<div class=\"elementor-widget-container\">\n\t\t\t\t\t<h2 class=\"elementor-heading-title elementor-size-default\">\u00dcber uns<\/h2>\t\t\t\t<\/div>\n\t\t\t\t<\/div>\n\t\t\t\t<div class=\"elementor-element elementor-element-314c411 elementor-widget elementor-widget-heading\" data-id=\"314c411\" data-element_type=\"widget\" data-widget_type=\"heading.default\">\n\t\t\t\t<div class=\"elementor-widget-container\">\n\t\t\t\t\t<span class=\"elementor-heading-title elementor-size-default\">  Falls wir Sie noch nicht davon \u00fcberzeugt haben, an der Global School zu studieren, hier sind die wichtigsten Vorteile unserer Plattform.<\/span>\t\t\t\t<\/div>\n\t\t\t\t<\/div>\n\t\t\t\t\t<\/div>\n\t\t\t\t<\/div>\n\t\t<div class=\"elementor-element elementor-element-627e09b e-flex e-con-boxed wpr-particle-no wpr-jarallax-no wpr-parallax-no wpr-sticky-section-no e-con e-parent\" data-id=\"627e09b\" data-element_type=\"container\">\n\t\t\t\t\t<div class=\"e-con-inner\">\n\t\t<div class=\"elementor-element elementor-element-a990a9c e-con-full elementor-hidden-tablet elementor-hidden-mobile e-flex wpr-particle-no wpr-jarallax-no wpr-parallax-no wpr-sticky-section-no e-con e-child\" data-id=\"a990a9c\" data-element_type=\"container\">\n\t\t\t\t<div class=\"elementor-element elementor-element-ea44a3b elementor-widget elementor-widget-image\" data-id=\"ea44a3b\" data-element_type=\"widget\" data-widget_type=\"image.default\">\n\t\t\t\t<div class=\"elementor-widget-container\">\n\t\t\t\t\t\t\t\t\t\t\t\t\t\t\t<img loading=\"lazy\" decoding=\"async\" width=\"732\" height=\"1024\" src=\"https:\/\/globalschool.pl\/wp-content\/uploads\/smile-732x1024.webp\" class=\"attachment-large size-large wp-image-2824\" alt=\"\" srcset=\"https:\/\/globalschool.pl\/wp-content\/uploads\/smile-732x1024.webp 732w, https:\/\/globalschool.pl\/wp-content\/uploads\/smile-215x300.webp 215w, https:\/\/globalschool.pl\/wp-content\/uploads\/smile-768x1074.webp 768w, https:\/\/globalschool.pl\/wp-content\/uploads\/smile-1099x1536.webp 1099w, https:\/\/globalschool.pl\/wp-content\/uploads\/smile-1465x2048.webp 1465w, https:\/\/globalschool.pl\/wp-content\/uploads\/smile.webp 1500w\" sizes=\"auto, (max-width: 732px) 100vw, 732px\" \/>\t\t\t\t\t\t\t\t\t\t\t\t\t\t\t<\/div>\n\t\t\t\t<\/div>\n\t\t\t\t<\/div>\n\t\t<div class=\"elementor-element elementor-element-11c455c e-con-full e-flex wpr-particle-no wpr-jarallax-no wpr-parallax-no wpr-sticky-section-no e-con e-child\" data-id=\"11c455c\" data-element_type=\"container\">\n\t\t<div class=\"elementor-element elementor-element-4aa84d9 e-con-full e-flex wpr-particle-no wpr-jarallax-no wpr-parallax-no wpr-sticky-section-no e-con e-child\" data-id=\"4aa84d9\" data-element_type=\"container\">\n\t\t\t\t<div class=\"elementor-element elementor-element-e48d489 elementor-widget elementor-widget-heading\" data-id=\"e48d489\" data-element_type=\"widget\" data-widget_type=\"heading.default\">\n\t\t\t\t<div class=\"elementor-widget-container\">\n\t\t\t\t\t<h2 class=\"elementor-heading-title elementor-size-default\">1<\/h2>\t\t\t\t<\/div>\n\t\t\t\t<\/div>\n\t\t\t\t<div class=\"elementor-element elementor-element-7fae723 elementor-widget elementor-widget-heading\" data-id=\"7fae723\" data-element_type=\"widget\" data-widget_type=\"heading.default\">\n\t\t\t\t<div class=\"elementor-widget-container\">\n\t\t\t\t\t<span class=\"elementor-heading-title elementor-size-default\">  Es bietet umfassende Sprachl\u00f6sungen wie Kurse f\u00fcr Unternehmen und Institutionen, bis hin zu Gruppen- und Einzelkursen. Mit uns realisieren Sie auch individuell zugeschnittene Sprachworkshops, um Ihre Sprachkenntnisse in dem von Ihnen gew\u00e4hlten Fachgebiet zu verbessern. <\/span>\t\t\t\t<\/div>\n\t\t\t\t<\/div>\n\t\t\t\t<\/div>\n\t\t<div class=\"elementor-element elementor-element-b64cbe6 e-con-full e-flex wpr-particle-no wpr-jarallax-no wpr-parallax-no wpr-sticky-section-no e-con e-child\" data-id=\"b64cbe6\" data-element_type=\"container\">\n\t\t\t\t<div class=\"elementor-element elementor-element-80f36c3 elementor-widget elementor-widget-heading\" data-id=\"80f36c3\" data-element_type=\"widget\" data-widget_type=\"heading.default\">\n\t\t\t\t<div class=\"elementor-widget-container\">\n\t\t\t\t\t<h2 class=\"elementor-heading-title elementor-size-default\">2<\/h2>\t\t\t\t<\/div>\n\t\t\t\t<\/div>\n\t\t\t\t<div class=\"elementor-element elementor-element-941c750 elementor-widget elementor-widget-heading\" data-id=\"941c750\" data-element_type=\"widget\" data-widget_type=\"heading.default\">\n\t\t\t\t<div class=\"elementor-widget-container\">\n\t\t\t\t\t<span class=\"elementor-heading-title elementor-size-default\">  Unser Leistungsangebot ist individuell auf Ihre Bed\u00fcrfnisse zugeschnitten. Unser Ziel ist es, Fremdsprachen effektiv zu unterrichten und Ihre Sprachkenntnisse zu verbessern. Wir arbeiten mit mehr als 300 Sprachlehrern zusammen und bilden j\u00e4hrlich mehr als 3.000 Studenten aus.  <\/span>\t\t\t\t<\/div>\n\t\t\t\t<\/div>\n\t\t\t\t<\/div>\n\t\t<div class=\"elementor-element elementor-element-4b24517 e-con-full e-flex wpr-particle-no wpr-jarallax-no wpr-parallax-no wpr-sticky-section-no e-con e-child\" data-id=\"4b24517\" data-element_type=\"container\">\n\t\t\t\t<div class=\"elementor-element elementor-element-1a6be2c elementor-widget elementor-widget-heading\" data-id=\"1a6be2c\" data-element_type=\"widget\" data-widget_type=\"heading.default\">\n\t\t\t\t<div class=\"elementor-widget-container\">\n\t\t\t\t\t<h2 class=\"elementor-heading-title elementor-size-default\">3<\/h2>\t\t\t\t<\/div>\n\t\t\t\t<\/div>\n\t\t\t\t<div class=\"elementor-element elementor-element-0891536 elementor-widget elementor-widget-heading\" data-id=\"0891536\" data-element_type=\"widget\" data-widget_type=\"heading.default\">\n\t\t\t\t<div class=\"elementor-widget-container\">\n\t\t\t\t\t<span class=\"elementor-heading-title elementor-size-default\">  Wir setzen auf Entwicklung und Innovation und erf\u00fcllen die Bed\u00fcrfnisse unserer Kunden in einer modernen Form und mit hervorragender Qualit\u00e4t. Unser Angebot umfasst: individuell zugeschnittene Lernpfade, Fach-, Gesch\u00e4fts- und allgemeine Kurse. Unser Angebot richtet sich sowohl an Unternehmen als auch an Einzelpersonen mit unterschiedlichen Sprachniveaus.  <\/span>\t\t\t\t<\/div>\n\t\t\t\t<\/div>\n\t\t\t\t<\/div>\n\t\t\t\t<\/div>\n\t\t\t\t\t<\/div>\n\t\t\t\t<\/div>\n\t\t\t\t<\/div>\n\t\t","protected":false},"excerpt":{"rendered":"<p>\u00dcber uns Die Global School ist ein modernes Bildungszentrum. Wir sind ein Ort, an dem Lernende ihre Sprachkenntnisse auf freundliche und entspannte Art und Weise entwickeln k\u00f6nnen. Aufgrund unserer langj\u00e4hrigen Unterrichtserfahrung wissen wir, dass Sie nur mit dem richtigen Engagement und der richtigen Motivation die Ergebnisse erzielen k\u00f6nnen, von denen Sie tr\u00e4umen. Auf der Grundlage dieser Kriterien wurde eine Idee geboren, die wir S.P.E.A.K. IDEAS genannt haben. &#8211; die eine Philosophie der \u00dcberwindung der eigenen Grenzen und eine enthusiastische Herangehensweise an das Sprachenlernen beinhaltet. 20 Jahre Erfahrung im Sprachunterricht. Global School ist ein Team von Menschen, die mit Leidenschaft und Wissen arbeiten. Erfahrene und begeisterte Lehrer, die unter methodischer Aufsicht arbeiten. Und all dies, um sicherzustellen, dass Sie viele Sprachen sprechen. Wir setzen auf Entwicklung und Innovation und erf\u00fcllen die Bed\u00fcrfnisse unserer Kunden in einer modernen Form und mit hervorragender Qualit\u00e4t. Unser Angebot umfasst: individuell zugeschnittene Lernpfade, Fach-, Gesch\u00e4fts- und allgemeine Kurse. Unser Angebot richtet sich sowohl an Unternehmen als auch an Einzelpersonen mit unterschiedlichen Sprachniveaus. Unser Leistungsangebot ist individuell auf Ihre Bed\u00fcrfnisse zugeschnitten. Unser Ziel ist es, Fremdsprachen effektiv zu unterrichten und Ihre Sprachkenntnisse zu verbessern. Wir arbeiten mit mehr als 300 Sprachlehrern zusammen und bilden j\u00e4hrlich mehr als 3.000 Studenten aus. 1998 Anzahl der verf\u00fcgbaren Kurse 70 Aktive virtuelle Klassenzimmer 79 Anzahl der Dozenten 2100 Anzahl der H\u00f6rer Erfahrung 20 Jahre Erfahrung im Sprachenunterricht. Global School ist ein Team von Menschen, die mit Leidenschaft und Wissen arbeiten. Erfahrene und engagierte Dozenten arbeiten unter methodischer Anleitung. Und das alles, damit Sie viele Sprachen sprechen k\u00f6nnen. GLOBALE REAKTION Global School ist da, wo Sie sind!In Sekundenschnelle k\u00f6nnen Sie bei Lehrern in Gro\u00dfbritannien, China oder den USA lernen. W\u00e4hlen Sie die Sprache, f\u00fcr die Sie sich interessieren, und beginnen Sie Ihr Abenteuer bei Global School ONLINE-KURSE UND LEKTIONEN Sie verschwenden keine Zeit mit dem Pendeln. Alles, was Sie brauchen, ist ein Computer, Tablet oder Smartphone mit Internetzugang.W\u00e4hlen Sie einen Kurs oder ein Stundenpaket. Innovativer Marktplatz f\u00fcr Kurse und Lektionen &#8211; pr\u00fcfen, ausw\u00e4hlen und anfangen zu sprechen. INNERBETRIEBLICHE KURSE Wir organisieren Sprachkurse f\u00fcr Mitarbeiter in den R\u00e4umlichkeiten des Unternehmens. \u00dcber uns Falls wir Sie noch nicht davon \u00fcberzeugt haben, an der Global School zu studieren, hier sind die wichtigsten Vorteile unserer Plattform. 1 Es bietet umfassende Sprachl\u00f6sungen wie Kurse f\u00fcr Unternehmen und Institutionen, bis hin zu Gruppen- und Einzelkursen. Mit uns realisieren Sie auch individuell zugeschnittene Sprachworkshops, um Ihre Sprachkenntnisse in dem von Ihnen gew\u00e4hlten Fachgebiet zu verbessern. 2 Unser Leistungsangebot ist individuell auf Ihre Bed\u00fcrfnisse zugeschnitten. Unser Ziel ist es, Fremdsprachen effektiv zu unterrichten und Ihre Sprachkenntnisse zu verbessern. Wir arbeiten mit mehr als 300 Sprachlehrern zusammen und bilden j\u00e4hrlich mehr als 3.000 Studenten aus. 3 Wir setzen auf Entwicklung und Innovation und erf\u00fcllen die Bed\u00fcrfnisse unserer Kunden in einer modernen Form und mit hervorragender Qualit\u00e4t. Unser Angebot umfasst: individuell zugeschnittene Lernpfade, Fach-, Gesch\u00e4fts- und allgemeine Kurse. Unser Angebot richtet sich sowohl an Unternehmen als auch an Einzelpersonen mit unterschiedlichen Sprachniveaus.<\/p>\n","protected":false},"author":4,"featured_media":0,"parent":0,"menu_order":0,"comment_status":"closed","ping_status":"closed","template":"","meta":{"_acf_changed":false,"footnotes":""},"class_list":["post-690","page","type-page","status-publish","hentry"],"acf":[],"rttpg_featured_image_url":null,"rttpg_author":{"display_name":"globalschool","author_link":"https:\/\/globalschool.pl\/de\/author\/globalschool\/"},"rttpg_comment":0,"rttpg_category":" <a href=\"https:\/\/globalschool.pl\/de\/?taxonomy=translation_priority&#038;term=optional\" rel=\"tag\">Optional<\/a>","rttpg_excerpt":"\u00dcber uns Die Global School ist ein modernes Bildungszentrum. Wir sind ein Ort, an dem Lernende ihre Sprachkenntnisse auf freundliche und entspannte Art und Weise entwickeln k\u00f6nnen. Aufgrund unserer langj\u00e4hrigen Unterrichtserfahrung wissen wir, dass Sie nur mit dem richtigen Engagement und der richtigen Motivation die Ergebnisse erzielen k\u00f6nnen, von denen Sie tr\u00e4umen. Auf der Grundlage&hellip;","_links":{"self":[{"href":"https:\/\/globalschool.pl\/de\/wp-json\/wp\/v2\/pages\/690","targetHints":{"allow":["GET"]}}],"collection":[{"href":"https:\/\/globalschool.pl\/de\/wp-json\/wp\/v2\/pages"}],"about":[{"href":"https:\/\/globalschool.pl\/de\/wp-json\/wp\/v2\/types\/page"}],"author":[{"embeddable":true,"href":"https:\/\/globalschool.pl\/de\/wp-json\/wp\/v2\/users\/4"}],"replies":[{"embeddable":true,"href":"https:\/\/globalschool.pl\/de\/wp-json\/wp\/v2\/comments?post=690"}],"version-history":[{"count":10,"href":"https:\/\/globalschool.pl\/de\/wp-json\/wp\/v2\/pages\/690\/revisions"}],"predecessor-version":[{"id":3144,"href":"https:\/\/globalschool.pl\/de\/wp-json\/wp\/v2\/pages\/690\/revisions\/3144"}],"wp:attachment":[{"href":"https:\/\/globalschool.pl\/de\/wp-json\/wp\/v2\/media?parent=690"}],"curies":[{"name":"wp","href":"https:\/\/api.w.org\/{rel}","templated":true}]}}