{"id":4041,"date":"2025-06-15T21:13:46","date_gmt":"2025-06-15T19:13:46","guid":{"rendered":"https:\/\/globalschool.pl\/fuer-die-pruefung-anmelden\/"},"modified":"2025-06-15T21:28:02","modified_gmt":"2025-06-15T19:28:02","slug":"fuer-die-pruefung-anmelden","status":"publish","type":"page","link":"https:\/\/globalschool.pl\/de\/fuer-die-pruefung-anmelden\/","title":{"rendered":"F\u00fcr die Pr\u00fcfung anmelden"},"content":{"rendered":"\t\t<div data-elementor-type=\"wp-page\" data-elementor-id=\"4041\" class=\"elementor elementor-4041 elementor-4020\">\n\t\t\t\t<div class=\"elementor-element elementor-element-7c16764 e-flex e-con-boxed wpr-particle-no wpr-jarallax-no wpr-parallax-no wpr-sticky-section-no e-con e-parent\" data-id=\"7c16764\" data-element_type=\"container\">\n\t\t\t\t\t<div class=\"e-con-inner\">\n\t\t\t\t<div class=\"elementor-element elementor-element-9ab338d elementor-widget elementor-widget-heading\" data-id=\"9ab338d\" data-element_type=\"widget\" data-widget_type=\"heading.default\">\n\t\t\t\t<div class=\"elementor-widget-container\">\n\t\t\t\t\t<h1 class=\"elementor-heading-title elementor-size-default\">Bewerbungsformular<\/h1>\t\t\t\t<\/div>\n\t\t\t\t<\/div>\n\t\t\t\t<div class=\"elementor-element elementor-element-82dea2f elementor-widget elementor-widget-text-editor\" data-id=\"82dea2f\" data-element_type=\"widget\" data-widget_type=\"text-editor.default\">\n\t\t\t\t<div class=\"elementor-widget-container\">\n\t\t\t\t\t\t\t\t\tWenn Sie TGLS-zertifiziert werden m\u00f6chten, f\u00fcllen Sie bitte das Formular aus und wir werden Sie kontaktieren.\t\t\t\t\t\t\t\t<\/div>\n\t\t\t\t<\/div>\n\t\t\t\t<div class=\"elementor-element elementor-element-772ce77 elementor-widget elementor-widget-text-editor\" data-id=\"772ce77\" data-element_type=\"widget\" data-widget_type=\"text-editor.default\">\n\t\t\t\t<div class=\"elementor-widget-container\">\n\t\t\t\t\t\t\t\t\t<p>Alle Felder des Formulars sind Pflichtfelder<\/p>\t\t\t\t\t\t\t\t<\/div>\n\t\t\t\t<\/div>\n\t\t\t\t<div class=\"elementor-element elementor-element-1dfab1d eael-contact-form-7-button-align-left eael-contact-form-7-button-custom elementor-widget elementor-widget-eael-contact-form-7\" data-id=\"1dfab1d\" data-element_type=\"widget\" data-widget_type=\"eael-contact-form-7.default\">\n\t\t\t\t<div class=\"elementor-widget-container\">\n\t\t\t\t\t<div class=\"eael-contact-form-7-wrapper\">\n                <div class=\"eael-contact-form eael-contact-form-7 eael-contact-form-1dfab1d placeholder-show eael-contact-form-align-default\">\n<div class=\"wpcf7 no-js\" id=\"wpcf7-f4036-o1\" lang=\"de-DE\" dir=\"ltr\" data-wpcf7-id=\"4036\">\n<div class=\"screen-reader-response\"><p role=\"status\" aria-live=\"polite\" aria-atomic=\"true\"><\/p> <ul><\/ul><\/div>\n<form action=\"\/de\/wp-json\/wp\/v2\/pages\/4041#wpcf7-f4036-o1\" method=\"post\" class=\"wpcf7-form init\" aria-label=\"Kontaktformular\" novalidate=\"novalidate\" data-status=\"init\">\n<fieldset class=\"hidden-fields-container\"><input type=\"hidden\" name=\"_wpcf7\" value=\"4036\" \/><input type=\"hidden\" name=\"_wpcf7_version\" value=\"6.1.2\" \/><input type=\"hidden\" name=\"_wpcf7_locale\" value=\"de_DE\" \/><input type=\"hidden\" name=\"_wpcf7_unit_tag\" value=\"wpcf7-f4036-o1\" \/><input type=\"hidden\" name=\"_wpcf7_container_post\" value=\"0\" \/><input type=\"hidden\" name=\"_wpcf7_posted_data_hash\" value=\"\" \/>\n<\/fieldset>\n<p><label> Ihr Name<br \/>\n<span class=\"wpcf7-form-control-wrap\" data-name=\"your-name\"><input size=\"40\" maxlength=\"400\" class=\"wpcf7-form-control wpcf7-text wpcf7-validates-as-required\" autocomplete=\"name\" aria-required=\"true\" aria-invalid=\"false\" value=\"\" type=\"text\" name=\"your-name\" \/><\/span> <\/label>\n<\/p>\n<p><label> Ihre E-Mail Adresse<br \/>\n<span class=\"wpcf7-form-control-wrap\" data-name=\"your-email\"><input size=\"40\" maxlength=\"400\" class=\"wpcf7-form-control wpcf7-email wpcf7-validates-as-required wpcf7-text wpcf7-validates-as-email\" autocomplete=\"email\" aria-required=\"true\" aria-invalid=\"false\" value=\"\" type=\"email\" name=\"your-email\" \/><\/span> <\/label>\n<\/p>\n<p><label> Ihre Telefonnummer<br \/>\n<span class=\"wpcf7-form-control-wrap\" data-name=\"phone-number\"><input size=\"40\" maxlength=\"400\" class=\"wpcf7-form-control wpcf7-tel wpcf7-validates-as-required wpcf7-text wpcf7-validates-as-tel\" aria-required=\"true\" aria-invalid=\"false\" value=\"\" type=\"tel\" name=\"phone-number\" \/><\/span> <\/label>\n<\/p>\n<p><label> Formular w\u00e4hlen:<br \/>\n<span class=\"wpcf7-form-control-wrap\" data-name=\"forma\"><select class=\"wpcf7-form-control wpcf7-select wpcf7-validates-as-required\" aria-required=\"true\" aria-invalid=\"false\" name=\"forma\"><option value=\"\">Formular w\u00e4hlen<\/option><option value=\"Online\">Online<\/option><option value=\"Station\u00e4r - Warschau\">Station\u00e4r - Warschau<\/option><\/select><\/span><\/label>\n<\/p>\n<p><label> An welcher Pr\u00fcfung sind Sie interessiert?<br \/>\n<span class=\"wpcf7-form-control-wrap\" data-name=\"exam\"><select class=\"wpcf7-form-control wpcf7-select wpcf7-validates-as-required\" aria-required=\"true\" aria-invalid=\"false\" name=\"exam\"><option value=\"\">Pr\u00fcfung<\/option><option value=\"TGLS Direct Polnisch\">TGLS Direct Polnisch<\/option><option value=\"TGLS Direct Englisch\">TGLS Direct Englisch<\/option><option value=\"TGLS Direct Deutsch\">TGLS Direct Deutsch<\/option><option value=\"TGLS Direct Franz\u00f6sisch\">TGLS Direct Franz\u00f6sisch<\/option><\/select><\/span><\/label>\n<\/p>\n<p><label> W\u00e4hlen Sie die Stufe<br \/>\n<span class=\"wpcf7-form-control-wrap\" data-name=\"level\"><select class=\"wpcf7-form-control wpcf7-select wpcf7-validates-as-required\" aria-required=\"true\" aria-invalid=\"false\" name=\"level\"><option value=\"\">W\u00e4hlen Sie die Stufe<\/option><option value=\"A1\">A1<\/option><option value=\"A2\">A2<\/option><option value=\"B1\">B1<\/option><option value=\"B2\">B2<\/option><option value=\"C1\">C1<\/option><\/select><\/span><\/label>\n<\/p>\n<p><span class=\"wpcf7-form-control-wrap\" data-name=\"acceptance-558\"><span class=\"wpcf7-form-control wpcf7-acceptance\"><span class=\"wpcf7-list-item\"><label><input type=\"checkbox\" name=\"acceptance-558\" value=\"1\" aria-invalid=\"false\" \/><span class=\"wpcf7-list-item-label\">Ich stimme der Verarbeitung meiner pers\u00f6nlichen Daten f\u00fcr die Zwecke dieser Bewerbung zu.<\/span><\/label><\/span><\/span><\/span>\n<\/p>\n<p><input class=\"wpcf7-form-control wpcf7-submit has-spinner\" type=\"submit\" value=\"Senden Sie\" \/>\n<\/p><div class=\"wpcf7-response-output\" aria-hidden=\"true\"><\/div>\n<\/form>\n<\/div>\n<\/div>\n            <\/div>\t\t\t\t<\/div>\n\t\t\t\t<\/div>\n\t\t\t\t\t<\/div>\n\t\t\t\t<\/div>\n\t\t\t\t<\/div>\n\t\t","protected":false},"excerpt":{"rendered":"<p>Bewerbungsformular Wenn Sie TGLS-zertifiziert werden m\u00f6chten, f\u00fcllen Sie bitte das Formular aus und wir werden Sie kontaktieren. Alle Felder des Formulars sind Pflichtfelder Twoje imi\u0119 i nazwisko Tw\u00f3j adres e-mail Tw\u00f3j numer telefonu Wybierz form\u0119: Wybierz form\u0119OnlineStacjonarnie &#8211; Warszawa Jaki egzamin Ci\u0119 interesuje? EgzaminTGLS Direct PolskiTGLS Direct AngielskiTGLS Direct NiemieckiTGLS Direct Francuski Wybierz poziom Wybierz poziomA1A2B1B2C1 Wyra\u017cam zgod\u0119 na przetwarzanie moich danych osobowych na potrzeby niniejszego zg\u0142oszenia.<\/p>\n","protected":false},"author":4,"featured_media":0,"parent":0,"menu_order":0,"comment_status":"closed","ping_status":"closed","template":"","meta":{"_acf_changed":false,"footnotes":""},"class_list":["post-4041","page","type-page","status-publish","hentry"],"acf":[],"rttpg_featured_image_url":null,"rttpg_author":{"display_name":"globalschool","author_link":"https:\/\/globalschool.pl\/de\/author\/globalschool\/"},"rttpg_comment":0,"rttpg_category":" <a href=\"https:\/\/globalschool.pl\/de\/?taxonomy=translation_priority&#038;term=optional\" rel=\"tag\">Optional<\/a>","rttpg_excerpt":"Bewerbungsformular Wenn Sie TGLS-zertifiziert werden m\u00f6chten, f\u00fcllen Sie bitte das Formular aus und wir werden Sie kontaktieren. Alle Felder des Formulars sind Pflichtfelder Twoje imi\u0119 i nazwisko Tw\u00f3j adres e-mail Tw\u00f3j numer telefonu Wybierz form\u0119: Wybierz form\u0119OnlineStacjonarnie &#8211; Warszawa Jaki egzamin Ci\u0119 interesuje? EgzaminTGLS Direct PolskiTGLS Direct AngielskiTGLS Direct NiemieckiTGLS Direct Francuski Wybierz poziom Wybierz&hellip;","_links":{"self":[{"href":"https:\/\/globalschool.pl\/de\/wp-json\/wp\/v2\/pages\/4041","targetHints":{"allow":["GET"]}}],"collection":[{"href":"https:\/\/globalschool.pl\/de\/wp-json\/wp\/v2\/pages"}],"about":[{"href":"https:\/\/globalschool.pl\/de\/wp-json\/wp\/v2\/types\/page"}],"author":[{"embeddable":true,"href":"https:\/\/globalschool.pl\/de\/wp-json\/wp\/v2\/users\/4"}],"replies":[{"embeddable":true,"href":"https:\/\/globalschool.pl\/de\/wp-json\/wp\/v2\/comments?post=4041"}],"version-history":[{"count":3,"href":"https:\/\/globalschool.pl\/de\/wp-json\/wp\/v2\/pages\/4041\/revisions"}],"predecessor-version":[{"id":4047,"href":"https:\/\/globalschool.pl\/de\/wp-json\/wp\/v2\/pages\/4041\/revisions\/4047"}],"wp:attachment":[{"href":"https:\/\/globalschool.pl\/de\/wp-json\/wp\/v2\/media?parent=4041"}],"curies":[{"name":"wp","href":"https:\/\/api.w.org\/{rel}","templated":true}]}}