{"id":3793,"date":"2025-05-23T14:04:59","date_gmt":"2025-05-23T12:04:59","guid":{"rendered":"https:\/\/globalschool.pl\/materialien\/"},"modified":"2025-10-23T09:35:48","modified_gmt":"2025-10-23T07:35:48","slug":"materialien","status":"publish","type":"page","link":"https:\/\/globalschool.pl\/de\/materialien\/","title":{"rendered":"Materialien"},"content":{"rendered":"\t\t<div data-elementor-type=\"wp-page\" data-elementor-id=\"3793\" class=\"elementor elementor-3793 elementor-3725\">\n\t\t\t\t<div class=\"elementor-element elementor-element-dd6abbe e-flex e-con-boxed wpr-particle-no wpr-jarallax-no wpr-parallax-no wpr-sticky-section-no e-con e-parent\" data-id=\"dd6abbe\" data-element_type=\"container\">\n\t\t\t\t\t<div class=\"e-con-inner\">\n\t\t<div class=\"elementor-element elementor-element-cb939d7 e-con-full school-border-right e-flex wpr-particle-no wpr-jarallax-no wpr-parallax-no wpr-sticky-section-no e-con e-child\" data-id=\"cb939d7\" data-element_type=\"container\">\n\t\t\t\t<div class=\"elementor-element elementor-element-87dde6e elementor-widget elementor-widget-image\" data-id=\"87dde6e\" data-element_type=\"widget\" data-widget_type=\"image.default\">\n\t\t\t\t<div class=\"elementor-widget-container\">\n\t\t\t\t\t\t\t\t\t\t\t\t\t\t\t<img loading=\"lazy\" decoding=\"async\" width=\"24\" height=\"24\" src=\"https:\/\/globalschool.pl\/wp-content\/uploads\/Pl-Poland-Streamline-Flagpack.svg\" class=\"attachment-1536x1536 size-1536x1536 wp-image-1997\" alt=\"\" \/>\t\t\t\t\t\t\t\t\t\t\t\t\t\t\t<\/div>\n\t\t\t\t<\/div>\n\t\t\t\t<div class=\"elementor-element elementor-element-194429b elementor-widget elementor-widget-heading\" data-id=\"194429b\" data-element_type=\"widget\" data-widget_type=\"heading.default\">\n\t\t\t\t<div class=\"elementor-widget-container\">\n\t\t\t\t\t<h2 class=\"elementor-heading-title elementor-size-default\"><br> Polnisch lernen \nals Fremdsprache<\/h2>\t\t\t\t<\/div>\n\t\t\t\t<\/div>\n\t\t\t\t<\/div>\n\t\t\t\t<div class=\"elementor-element elementor-element-9852d49 elementor-widget elementor-widget-image\" data-id=\"9852d49\" data-element_type=\"widget\" data-widget_type=\"image.default\">\n\t\t\t\t<div class=\"elementor-widget-container\">\n\t\t\t\t\t\t\t\t\t\t\t\t\t\t\t<img loading=\"lazy\" decoding=\"async\" width=\"800\" height=\"534\" src=\"https:\/\/globalschool.pl\/wp-content\/uploads\/138_bGFuZ3VhZ2UgbGVhcm5pbmcgcG9saXNo-1024x683.jpg\" class=\"attachment-large size-large wp-image-3439\" alt=\"\" srcset=\"https:\/\/globalschool.pl\/wp-content\/uploads\/138_bGFuZ3VhZ2UgbGVhcm5pbmcgcG9saXNo-1024x683.jpg 1024w, https:\/\/globalschool.pl\/wp-content\/uploads\/138_bGFuZ3VhZ2UgbGVhcm5pbmcgcG9saXNo-300x200.jpg 300w, https:\/\/globalschool.pl\/wp-content\/uploads\/138_bGFuZ3VhZ2UgbGVhcm5pbmcgcG9saXNo-768x512.jpg 768w, https:\/\/globalschool.pl\/wp-content\/uploads\/138_bGFuZ3VhZ2UgbGVhcm5pbmcgcG9saXNo-1536x1024.jpg 1536w, https:\/\/globalschool.pl\/wp-content\/uploads\/138_bGFuZ3VhZ2UgbGVhcm5pbmcgcG9saXNo-2048x1365.jpg 2048w\" sizes=\"auto, (max-width: 800px) 100vw, 800px\" \/>\t\t\t\t\t\t\t\t\t\t\t\t\t\t\t<\/div>\n\t\t\t\t<\/div>\n\t\t\t\t\t<\/div>\n\t\t\t\t<\/div>\n\t\t<div class=\"elementor-element elementor-element-acb1cbb e-flex e-con-boxed wpr-particle-no wpr-jarallax-no wpr-parallax-no wpr-sticky-section-no e-con e-parent\" data-id=\"acb1cbb\" data-element_type=\"container\">\n\t\t\t\t\t<div class=\"e-con-inner\">\n\t\t<div class=\"elementor-element elementor-element-203e3fd e-con-full e-flex wpr-particle-no wpr-jarallax-no wpr-parallax-no wpr-sticky-section-no e-con e-child\" data-id=\"203e3fd\" data-element_type=\"container\">\n\t\t\t\t<div class=\"elementor-element elementor-element-dbb8812 elementor-widget elementor-widget-image\" data-id=\"dbb8812\" data-element_type=\"widget\" data-widget_type=\"image.default\">\n\t\t\t\t<div class=\"elementor-widget-container\">\n\t\t\t\t\t\t\t\t\t\t\t\t\t\t\t<img loading=\"lazy\" decoding=\"async\" width=\"559\" height=\"790\" src=\"https:\/\/globalschool.pl\/wp-content\/uploads\/Screenshot-from-2025-05-23-14-13-00.png\" class=\"attachment-large size-large wp-image-3745\" alt=\"\" srcset=\"https:\/\/globalschool.pl\/wp-content\/uploads\/Screenshot-from-2025-05-23-14-13-00.png 559w, https:\/\/globalschool.pl\/wp-content\/uploads\/Screenshot-from-2025-05-23-14-13-00-212x300.png 212w\" sizes=\"auto, (max-width: 559px) 100vw, 559px\" \/>\t\t\t\t\t\t\t\t\t\t\t\t\t\t\t<\/div>\n\t\t\t\t<\/div>\n\t\t\t\t<div class=\"elementor-element elementor-element-1cdd77e elementor-widget elementor-widget-image\" data-id=\"1cdd77e\" data-element_type=\"widget\" data-widget_type=\"image.default\">\n\t\t\t\t<div class=\"elementor-widget-container\">\n\t\t\t\t\t\t\t\t\t\t\t\t\t\t\t<img loading=\"lazy\" decoding=\"async\" width=\"561\" height=\"789\" src=\"https:\/\/globalschool.pl\/wp-content\/uploads\/Screenshot-from-2025-05-23-14-19-46.png\" class=\"attachment-large size-large wp-image-3751\" alt=\"\" srcset=\"https:\/\/globalschool.pl\/wp-content\/uploads\/Screenshot-from-2025-05-23-14-19-46.png 561w, https:\/\/globalschool.pl\/wp-content\/uploads\/Screenshot-from-2025-05-23-14-19-46-213x300.png 213w\" sizes=\"auto, (max-width: 561px) 100vw, 561px\" \/>\t\t\t\t\t\t\t\t\t\t\t\t\t\t\t<\/div>\n\t\t\t\t<\/div>\n\t\t\t\t<\/div>\n\t\t<div class=\"elementor-element elementor-element-e88fbef e-con-full e-flex wpr-particle-no wpr-jarallax-no wpr-parallax-no wpr-sticky-section-no e-con e-child\" data-id=\"e88fbef\" data-element_type=\"container\">\n\t\t\t\t<div class=\"elementor-element elementor-element-fc97cb3 elementor-widget elementor-widget-heading\" data-id=\"fc97cb3\" data-element_type=\"widget\" data-widget_type=\"heading.default\">\n\t\t\t\t<div class=\"elementor-widget-container\">\n\t\t\t\t\t<h2 class=\"elementor-heading-title elementor-size-default\">\u201eJeden Tag mit Polnisch\u201c A2-Niveau mit B1-Elementen<\/h2>\t\t\t\t<\/div>\n\t\t\t\t<\/div>\n\t\t\t\t<div class=\"elementor-element elementor-element-56e7670 elementor-widget elementor-widget-heading\" data-id=\"56e7670\" data-element_type=\"widget\" data-widget_type=\"heading.default\">\n\t\t\t\t<div class=\"elementor-widget-container\">\n\t\t\t\t\t<span class=\"elementor-heading-title elementor-size-default\">Material, das im Auftrag des Ausl\u00e4nderamtes erstellt wurde.<\/span>\t\t\t\t<\/div>\n\t\t\t\t<\/div>\n\t\t\t\t<div class=\"elementor-element elementor-element-b10bde3 elementor-widget elementor-widget-heading\" data-id=\"b10bde3\" data-element_type=\"widget\" data-widget_type=\"heading.default\">\n\t\t\t\t<div class=\"elementor-widget-container\">\n\t\t\t\t\t<span class=\"elementor-heading-title elementor-size-default\">Das Material wurde im Rahmen des Projekts \u201eMaterial und p\u00e4dagogische Unterst\u00fctzung f\u00fcr Ausl\u00e4nder, die internationalen Schutz in Polen beantragen\u201c entwickelt, das durch das Programm des Nationalen Asyl-, Migrations- und Integrationsfonds kofinanziert wird. Wir m\u00f6chten Sie ermutigen, es in Ihrem Unterricht f\u00fcr Polnisch als Fremdsprache zu verwenden.Die Materialien wurden vor allem f\u00fcr die Bed\u00fcrfnisse von erwachsenen Ausl\u00e4ndern entwickelt, die in Polen internationalen Schutz beantragen. Sie k\u00f6nnen jedoch auch f\u00fcr den Unterricht anderer Gruppen von Ausl\u00e4ndern verwendet werden.  <\/span>\t\t\t\t<\/div>\n\t\t\t\t<\/div>\n\t\t\t\t<div class=\"elementor-element elementor-element-def12ad bg-gradient premium-lq__none elementor-widget elementor-widget-premium-addon-button\" data-id=\"def12ad\" data-element_type=\"widget\" data-widget_type=\"premium-addon-button.default\">\n\t\t\t\t<div class=\"elementor-widget-container\">\n\t\t\t\t\t\r\n\r\n\t\t<a class=\"premium-button premium-button-none premium-btn-md premium-button-none\" href=\"https:\/\/www.gov.pl\/web\/udsc\/materialy-dydaktyczne-do-nauki-jezyka-polskiego---dla-doroslych\" target=\"_blank\">\r\n\t\t\t<div class=\"premium-button-text-icon-wrapper\">\r\n\t\t\t\t\r\n\t\t\t\t\t\t\t\t\t<span >\r\n\t\t\t\t\t\tHandbuch \/ \u00dcbungen \/ Methodischer Leitfaden \/ Audio-Link\t\t\t\t\t<\/span>\r\n\t\t\t\t\r\n\t\t\t\t\t\t\t<\/div>\r\n\r\n\t\t\t\r\n\t\t\t\r\n\t\t\t\r\n\t\t<\/a>\r\n\r\n\r\n\t\t\t\t\t\t<\/div>\n\t\t\t\t<\/div>\n\t\t\t\t<\/div>\n\t\t\t\t\t<\/div>\n\t\t\t\t<\/div>\n\t\t<div class=\"elementor-element elementor-element-21cb804 e-flex e-con-boxed wpr-particle-no wpr-jarallax-no wpr-parallax-no wpr-sticky-section-no e-con e-parent\" data-id=\"21cb804\" data-element_type=\"container\">\n\t\t\t\t\t<div class=\"e-con-inner\">\n\t\t<div class=\"elementor-element elementor-element-eaf3fb5 e-con-full e-flex wpr-particle-no wpr-jarallax-no wpr-parallax-no wpr-sticky-section-no e-con e-child\" data-id=\"eaf3fb5\" data-element_type=\"container\">\n\t\t\t\t<div class=\"elementor-element elementor-element-dfaafdb elementor-widget elementor-widget-image\" data-id=\"dfaafdb\" data-element_type=\"widget\" data-widget_type=\"image.default\">\n\t\t\t\t<div class=\"elementor-widget-container\">\n\t\t\t\t\t\t\t\t\t\t\t\t\t\t\t<img loading=\"lazy\" decoding=\"async\" width=\"557\" height=\"784\" src=\"https:\/\/globalschool.pl\/wp-content\/uploads\/Screenshot-from-2025-05-23-14-23-49.png\" class=\"attachment-large size-large wp-image-3762\" alt=\"\" srcset=\"https:\/\/globalschool.pl\/wp-content\/uploads\/Screenshot-from-2025-05-23-14-23-49.png 557w, https:\/\/globalschool.pl\/wp-content\/uploads\/Screenshot-from-2025-05-23-14-23-49-213x300.png 213w\" sizes=\"auto, (max-width: 557px) 100vw, 557px\" \/>\t\t\t\t\t\t\t\t\t\t\t\t\t\t\t<\/div>\n\t\t\t\t<\/div>\n\t\t\t\t<div class=\"elementor-element elementor-element-c20959e elementor-widget elementor-widget-image\" data-id=\"c20959e\" data-element_type=\"widget\" data-widget_type=\"image.default\">\n\t\t\t\t<div class=\"elementor-widget-container\">\n\t\t\t\t\t\t\t\t\t\t\t\t\t\t\t<img loading=\"lazy\" decoding=\"async\" width=\"557\" height=\"784\" src=\"https:\/\/globalschool.pl\/wp-content\/uploads\/Screenshot-from-2025-05-23-14-24-49.png\" class=\"attachment-large size-large wp-image-3767\" alt=\"\" srcset=\"https:\/\/globalschool.pl\/wp-content\/uploads\/Screenshot-from-2025-05-23-14-24-49.png 557w, https:\/\/globalschool.pl\/wp-content\/uploads\/Screenshot-from-2025-05-23-14-24-49-213x300.png 213w\" sizes=\"auto, (max-width: 557px) 100vw, 557px\" \/>\t\t\t\t\t\t\t\t\t\t\t\t\t\t\t<\/div>\n\t\t\t\t<\/div>\n\t\t\t\t<\/div>\n\t\t<div class=\"elementor-element elementor-element-ffd5574 e-con-full e-flex wpr-particle-no wpr-jarallax-no wpr-parallax-no wpr-sticky-section-no e-con e-child\" data-id=\"ffd5574\" data-element_type=\"container\">\n\t\t\t\t<div class=\"elementor-element elementor-element-47790fe elementor-widget elementor-widget-heading\" data-id=\"47790fe\" data-element_type=\"widget\" data-widget_type=\"heading.default\">\n\t\t\t\t<div class=\"elementor-widget-container\">\n\t\t\t\t\t<h2 class=\"elementor-heading-title elementor-size-default\">\u201eZ j\u0119zykiem Polski ka\u017cdego dnia cz.2\u201c Niveau B1 mit Elementen von B2<\/h2>\t\t\t\t<\/div>\n\t\t\t\t<\/div>\n\t\t\t\t<div class=\"elementor-element elementor-element-e7e615c elementor-widget elementor-widget-heading\" data-id=\"e7e615c\" data-element_type=\"widget\" data-widget_type=\"heading.default\">\n\t\t\t\t<div class=\"elementor-widget-container\">\n\t\t\t\t\t<span class=\"elementor-heading-title elementor-size-default\">Material, das im Auftrag des Ausl\u00e4nderamtes erstellt wurde.<\/span>\t\t\t\t<\/div>\n\t\t\t\t<\/div>\n\t\t\t\t<div class=\"elementor-element elementor-element-999546c elementor-widget elementor-widget-heading\" data-id=\"999546c\" data-element_type=\"widget\" data-widget_type=\"heading.default\">\n\t\t\t\t<div class=\"elementor-widget-container\">\n\t\t\t\t\t<span class=\"elementor-heading-title elementor-size-default\">Das Material wurde im Rahmen des Projekts \u201eMaterial und p\u00e4dagogische Unterst\u00fctzung f\u00fcr Ausl\u00e4nder, die internationalen Schutz in Polen beantragen\u201c entwickelt, das durch das Programm des Nationalen Asyl-, Migrations- und Integrationsfonds kofinanziert wird. Wir m\u00f6chten Sie ermutigen, es in Ihrem Unterricht f\u00fcr Polnisch als Fremdsprache zu verwenden.\nDie Materialien wurden vor allem f\u00fcr die Bed\u00fcrfnisse von erwachsenen Ausl\u00e4ndern entwickelt, die in Polen internationalen Schutz beantragen. Sie k\u00f6nnen jedoch auch f\u00fcr den Unterricht anderer Gruppen von Ausl\u00e4ndern verwendet werden.  <\/span>\t\t\t\t<\/div>\n\t\t\t\t<\/div>\n\t\t\t\t<div class=\"elementor-element elementor-element-7d7a804 bg-gradient premium-lq__none elementor-widget elementor-widget-premium-addon-button\" data-id=\"7d7a804\" data-element_type=\"widget\" data-widget_type=\"premium-addon-button.default\">\n\t\t\t\t<div class=\"elementor-widget-container\">\n\t\t\t\t\t\r\n\r\n\t\t<a class=\"premium-button premium-button-none premium-btn-md premium-button-none\" href=\"https:\/\/www.gov.pl\/web\/udsc\/materialy-dydaktyczne-do-nauki-jezyka-polskiego---dla-doroslych\" target=\"_blank\">\r\n\t\t\t<div class=\"premium-button-text-icon-wrapper\">\r\n\t\t\t\t\r\n\t\t\t\t\t\t\t\t\t<span >\r\n\t\t\t\t\t\tHandbuch \/ \u00dcbungen \/ Methodischer Leitfaden \/ Audio-Link\t\t\t\t\t<\/span>\r\n\t\t\t\t\r\n\t\t\t\t\t\t\t<\/div>\r\n\r\n\t\t\t\r\n\t\t\t\r\n\t\t\t\r\n\t\t<\/a>\r\n\r\n\r\n\t\t\t\t\t\t<\/div>\n\t\t\t\t<\/div>\n\t\t\t\t<\/div>\n\t\t\t\t\t<\/div>\n\t\t\t\t<\/div>\n\t\t<div class=\"elementor-element elementor-element-12c9677 e-flex e-con-boxed wpr-particle-no wpr-jarallax-no wpr-parallax-no wpr-sticky-section-no e-con e-parent\" data-id=\"12c9677\" data-element_type=\"container\">\n\t\t\t\t\t<div class=\"e-con-inner\">\n\t\t<div class=\"elementor-element elementor-element-5c24432 e-con-full e-flex wpr-particle-no wpr-jarallax-no wpr-parallax-no wpr-sticky-section-no e-con e-child\" data-id=\"5c24432\" data-element_type=\"container\">\n\t\t\t\t<div class=\"elementor-element elementor-element-901c577 elementor-widget elementor-widget-image\" data-id=\"901c577\" data-element_type=\"widget\" data-widget_type=\"image.default\">\n\t\t\t\t<div class=\"elementor-widget-container\">\n\t\t\t\t\t\t\t\t\t\t\t\t\t\t\t<img loading=\"lazy\" decoding=\"async\" width=\"724\" height=\"1024\" src=\"https:\/\/globalschool.pl\/wp-content\/uploads\/preview-pages-pages-deleted_page-0001-724x1024.jpg\" class=\"attachment-large size-large wp-image-4613\" alt=\"\" srcset=\"https:\/\/globalschool.pl\/wp-content\/uploads\/preview-pages-pages-deleted_page-0001-724x1024.jpg 724w, https:\/\/globalschool.pl\/wp-content\/uploads\/preview-pages-pages-deleted_page-0001-212x300.jpg 212w, https:\/\/globalschool.pl\/wp-content\/uploads\/preview-pages-pages-deleted_page-0001-768x1086.jpg 768w, https:\/\/globalschool.pl\/wp-content\/uploads\/preview-pages-pages-deleted_page-0001-1086x1536.jpg 1086w, https:\/\/globalschool.pl\/wp-content\/uploads\/preview-pages-pages-deleted_page-0001-1448x2048.jpg 1448w, https:\/\/globalschool.pl\/wp-content\/uploads\/preview-pages-pages-deleted_page-0001-600x848.jpg 600w, https:\/\/globalschool.pl\/wp-content\/uploads\/preview-pages-pages-deleted_page-0001-scaled.jpg 1811w\" sizes=\"auto, (max-width: 724px) 100vw, 724px\" \/>\t\t\t\t\t\t\t\t\t\t\t\t\t\t\t<\/div>\n\t\t\t\t<\/div>\n\t\t\t\t<div class=\"elementor-element elementor-element-ef4cb32 elementor-widget elementor-widget-image\" data-id=\"ef4cb32\" data-element_type=\"widget\" data-widget_type=\"image.default\">\n\t\t\t\t<div class=\"elementor-widget-container\">\n\t\t\t\t\t\t\t\t\t\t\t\t\t\t\t<img loading=\"lazy\" decoding=\"async\" width=\"724\" height=\"1024\" src=\"https:\/\/globalschool.pl\/wp-content\/uploads\/Poznaj-i-Polub_Okladka_Tyl-724x1024.jpg\" class=\"attachment-large size-large wp-image-4408\" alt=\"\" srcset=\"https:\/\/globalschool.pl\/wp-content\/uploads\/Poznaj-i-Polub_Okladka_Tyl-724x1024.jpg 724w, https:\/\/globalschool.pl\/wp-content\/uploads\/Poznaj-i-Polub_Okladka_Tyl-212x300.jpg 212w, https:\/\/globalschool.pl\/wp-content\/uploads\/Poznaj-i-Polub_Okladka_Tyl-768x1086.jpg 768w, https:\/\/globalschool.pl\/wp-content\/uploads\/Poznaj-i-Polub_Okladka_Tyl-1086x1536.jpg 1086w, https:\/\/globalschool.pl\/wp-content\/uploads\/Poznaj-i-Polub_Okladka_Tyl-600x849.jpg 600w, https:\/\/globalschool.pl\/wp-content\/uploads\/Poznaj-i-Polub_Okladka_Tyl.jpg 1240w\" sizes=\"auto, (max-width: 724px) 100vw, 724px\" \/>\t\t\t\t\t\t\t\t\t\t\t\t\t\t\t<\/div>\n\t\t\t\t<\/div>\n\t\t\t\t<\/div>\n\t\t<div class=\"elementor-element elementor-element-d5f0155 e-con-full e-flex wpr-particle-no wpr-jarallax-no wpr-parallax-no wpr-sticky-section-no e-con e-child\" data-id=\"d5f0155\" data-element_type=\"container\">\n\t\t\t\t<div class=\"elementor-element elementor-element-6bd2d8a elementor-widget elementor-widget-heading\" data-id=\"6bd2d8a\" data-element_type=\"widget\" data-widget_type=\"heading.default\">\n\t\t\t\t<div class=\"elementor-widget-container\">\n\t\t\t\t\t<h2 class=\"elementor-heading-title elementor-size-default\">Poznaj i Polub - Modernes Lehrbuch f\u00fcr den Unterricht von Polnisch als Fremdsprache<\/h2>\t\t\t\t<\/div>\n\t\t\t\t<\/div>\n\t\t\t\t<div class=\"elementor-element elementor-element-b73ec30 elementor-widget elementor-widget-heading\" data-id=\"b73ec30\" data-element_type=\"widget\" data-widget_type=\"heading.default\">\n\t\t\t\t<div class=\"elementor-widget-container\">\n\t\t\t\t\t<span class=\"elementor-heading-title elementor-size-default\">\u00d6ffnen Sie die T\u00fcr zur Welt der polnischen Sprache mit dem neuen, einzigartigen Lehrbuch \"Poznaj i Polub\"!\nEs ist ein umfassendes Lehrbuch f\u00fcr Menschen, die nicht nur die Sprache lernen, sondern auch die Kultur, die Br\u00e4uche und das Alltagsleben in Polen verstehen wollen.\n\nDieses Lehrbuch verbindet moderne Lehrmethoden mit praxisnaher Kommunikation. Der durchdachte Aufbau und die reichhaltigen Abbildungen machen das Lernen zum Vergn\u00fcgen. <\/span>\t\t\t\t<\/div>\n\t\t\t\t<\/div>\n\t\t\t\t<div class=\"elementor-element elementor-element-f881fe2 bg-gradient premium-lq__none elementor-widget elementor-widget-premium-addon-button\" data-id=\"f881fe2\" data-element_type=\"widget\" data-widget_type=\"premium-addon-button.default\">\n\t\t\t\t<div class=\"elementor-widget-container\">\n\t\t\t\t\t\r\n\r\n\t\t<a class=\"premium-button premium-button-none premium-btn-md premium-button-none\" href=\"https:\/\/globalschool.pl\/de\/produkt\/kennenlernen-und-moegen-ein-innovativer-kurs-in-polnisch-als-fremdsprache-fuer-anfaenger\/\">\r\n\t\t\t<div class=\"premium-button-text-icon-wrapper\">\r\n\t\t\t\t\r\n\t\t\t\t\t\t\t\t\t<span >\r\n\t\t\t\t\t\tHandbuch\t\t\t\t\t<\/span>\r\n\t\t\t\t\r\n\t\t\t\t\t\t\t<\/div>\r\n\r\n\t\t\t\r\n\t\t\t\r\n\t\t\t\r\n\t\t<\/a>\r\n\r\n\r\n\t\t\t\t\t\t<\/div>\n\t\t\t\t<\/div>\n\t\t\t\t<\/div>\n\t\t\t\t\t<\/div>\n\t\t\t\t<\/div>\n\t\t\t\t<\/div>\n\t\t","protected":false},"excerpt":{"rendered":"<p>Polnisch lernen als Fremdsprache \u201eJeden Tag mit Polnisch\u201c A2-Niveau mit B1-Elementen Material, das im Auftrag des Ausl\u00e4nderamtes erstellt wurde. Das Material wurde im Rahmen des Projekts \u201eMaterial und p\u00e4dagogische Unterst\u00fctzung f\u00fcr Ausl\u00e4nder, die internationalen Schutz in Polen beantragen\u201c entwickelt, das durch das Programm des Nationalen Asyl-, Migrations- und Integrationsfonds kofinanziert wird. Wir m\u00f6chten Sie ermutigen, es in Ihrem Unterricht f\u00fcr Polnisch als Fremdsprache zu verwenden.Die Materialien wurden vor allem f\u00fcr die Bed\u00fcrfnisse von erwachsenen Ausl\u00e4ndern entwickelt, die in Polen internationalen Schutz beantragen. Sie k\u00f6nnen jedoch auch f\u00fcr den Unterricht anderer Gruppen von Ausl\u00e4ndern verwendet werden. Handbuch \/ \u00dcbungen \/ Methodischer Leitfaden \/ Audio-Link \u201eZ j\u0119zykiem Polski ka\u017cdego dnia cz.2\u201c Niveau B1 mit Elementen von B2 Material, das im Auftrag des Ausl\u00e4nderamtes erstellt wurde. Das Material wurde im Rahmen des Projekts \u201eMaterial und p\u00e4dagogische Unterst\u00fctzung f\u00fcr Ausl\u00e4nder, die internationalen Schutz in Polen beantragen\u201c entwickelt, das durch das Programm des Nationalen Asyl-, Migrations- und Integrationsfonds kofinanziert wird. Wir m\u00f6chten Sie ermutigen, es in Ihrem Unterricht f\u00fcr Polnisch als Fremdsprache zu verwenden. Die Materialien wurden vor allem f\u00fcr die Bed\u00fcrfnisse von erwachsenen Ausl\u00e4ndern entwickelt, die in Polen internationalen Schutz beantragen. Sie k\u00f6nnen jedoch auch f\u00fcr den Unterricht anderer Gruppen von Ausl\u00e4ndern verwendet werden. Handbuch \/ \u00dcbungen \/ Methodischer Leitfaden \/ Audio-Link Poznaj i Polub &#8211; Modernes Lehrbuch f\u00fcr den Unterricht von Polnisch als Fremdsprache \u00d6ffnen Sie die T\u00fcr zur Welt der polnischen Sprache mit dem neuen, einzigartigen Lehrbuch &#8222;Poznaj i Polub&#8220;! Es ist ein umfassendes Lehrbuch f\u00fcr Menschen, die nicht nur die Sprache lernen, sondern auch die Kultur, die Br\u00e4uche und das Alltagsleben in Polen verstehen wollen. Dieses Lehrbuch verbindet moderne Lehrmethoden mit praxisnaher Kommunikation. Der durchdachte Aufbau und die reichhaltigen Abbildungen machen das Lernen zum Vergn\u00fcgen. Handbuch<\/p>\n","protected":false},"author":4,"featured_media":0,"parent":0,"menu_order":0,"comment_status":"closed","ping_status":"closed","template":"","meta":{"_acf_changed":false,"footnotes":""},"class_list":["post-3793","page","type-page","status-publish","hentry"],"acf":[],"rttpg_featured_image_url":null,"rttpg_author":{"display_name":"globalschool","author_link":"https:\/\/globalschool.pl\/de\/author\/globalschool\/"},"rttpg_comment":0,"rttpg_category":" <a href=\"https:\/\/globalschool.pl\/de\/?taxonomy=translation_priority&#038;term=optional\" rel=\"tag\">Optional<\/a>","rttpg_excerpt":"Polnisch lernen als Fremdsprache \u201eJeden Tag mit Polnisch\u201c A2-Niveau mit B1-Elementen Material, das im Auftrag des Ausl\u00e4nderamtes erstellt wurde. Das Material wurde im Rahmen des Projekts \u201eMaterial und p\u00e4dagogische Unterst\u00fctzung f\u00fcr Ausl\u00e4nder, die internationalen Schutz in Polen beantragen\u201c entwickelt, das durch das Programm des Nationalen Asyl-, Migrations- und Integrationsfonds kofinanziert wird. Wir m\u00f6chten Sie ermutigen,&hellip;","_links":{"self":[{"href":"https:\/\/globalschool.pl\/de\/wp-json\/wp\/v2\/pages\/3793","targetHints":{"allow":["GET"]}}],"collection":[{"href":"https:\/\/globalschool.pl\/de\/wp-json\/wp\/v2\/pages"}],"about":[{"href":"https:\/\/globalschool.pl\/de\/wp-json\/wp\/v2\/types\/page"}],"author":[{"embeddable":true,"href":"https:\/\/globalschool.pl\/de\/wp-json\/wp\/v2\/users\/4"}],"replies":[{"embeddable":true,"href":"https:\/\/globalschool.pl\/de\/wp-json\/wp\/v2\/comments?post=3793"}],"version-history":[{"count":3,"href":"https:\/\/globalschool.pl\/de\/wp-json\/wp\/v2\/pages\/3793\/revisions"}],"predecessor-version":[{"id":4700,"href":"https:\/\/globalschool.pl\/de\/wp-json\/wp\/v2\/pages\/3793\/revisions\/4700"}],"wp:attachment":[{"href":"https:\/\/globalschool.pl\/de\/wp-json\/wp\/v2\/media?parent=3793"}],"curies":[{"name":"wp","href":"https:\/\/api.w.org\/{rel}","templated":true}]}}