{"id":2750,"date":"2024-04-16T14:03:12","date_gmt":"2024-04-16T12:03:12","guid":{"rendered":"https:\/\/olive-quail-903280.hostingersite.com\/test-englisch\/"},"modified":"2025-02-12T14:37:22","modified_gmt":"2025-02-12T13:37:22","slug":"test-englisch","status":"publish","type":"page","link":"https:\/\/globalschool.pl\/de\/test-englisch\/","title":{"rendered":"TEST: ENGLISCH"},"content":{"rendered":"\t\t<div data-elementor-type=\"wp-page\" data-elementor-id=\"2750\" class=\"elementor elementor-2750 elementor-312\">\n\t\t\t\t<div class=\"elementor-element elementor-element-5e3f62b e-flex e-con-boxed wpr-particle-no wpr-jarallax-no wpr-parallax-no wpr-sticky-section-no e-con e-parent\" data-id=\"5e3f62b\" data-element_type=\"container\">\n\t\t\t\t\t<div class=\"e-con-inner\">\n\t\t\t\t<div class=\"elementor-element elementor-element-f8dc1e6 elementor-widget__width-initial globalschool-heading-bottom elementor-widget elementor-widget-heading\" data-id=\"f8dc1e6\" data-element_type=\"widget\" data-widget_type=\"heading.default\">\n\t\t\t\t<div class=\"elementor-widget-container\">\n\t\t\t\t\t<h1 class=\"elementor-heading-title elementor-size-default\">Test: Englische Sprache<\/h1>\t\t\t\t<\/div>\n\t\t\t\t<\/div>\n\t\t\t\t<div class=\"elementor-element elementor-element-4e343b9 elementor-widget__width-initial elementor-widget elementor-widget-heading\" data-id=\"4e343b9\" data-element_type=\"widget\" data-widget_type=\"heading.default\">\n\t\t\t\t<div class=\"elementor-widget-container\">\n\t\t\t\t\t<h2 class=\"elementor-heading-title elementor-size-default\">Pr\u00fcfen Sie Ihr Sprachniveau<\/h2>\t\t\t\t<\/div>\n\t\t\t\t<\/div>\n\t\t\t\t<div class=\"elementor-element elementor-element-8648b75 elementor-widget__width-inherit elementor-widget elementor-widget-formidable\" data-id=\"8648b75\" data-element_type=\"widget\" data-widget_type=\"formidable.default\">\n\t\t\t\t<div class=\"elementor-widget-container\">\n\t\t\t\t\t<div class=\"frm_forms  with_frm_style frm_center_submit frm_style_globalschool-2\" id=\"frm_form_4_container\" data-token=\"ce37a2c3cacde3185d042566af5fdd0d\">\n<form enctype=\"multipart\/form-data\" method=\"post\" class=\"frm-show-form  frm_js_validate  frm_ajax_submit  frm_pro_form \" id=\"form_audyt-jezykowy-jezyk-angielski\" data-token=\"ce37a2c3cacde3185d042566af5fdd0d\">\n<div class=\"frm_form_fields  frm_page_num_1\">\n<fieldset>\n<legend class=\"frm_screen_reader\">AUDYT - J\u0118ZYK ANGIELSKI<\/legend>\r\n\r\n<div class=\"frm_fields_container\">\n<input type=\"hidden\" name=\"frm_action\" value=\"create\" \/>\n<input type=\"hidden\" name=\"form_id\" value=\"4\" \/>\n<input type=\"hidden\" name=\"frm_hide_fields_4\" id=\"frm_hide_fields_4\" value=\"\" \/>\n<input type=\"hidden\" name=\"form_key\" value=\"audyt-jezykowy-jezyk-angielski\" \/>\n<input type=\"hidden\" name=\"item_meta[0]\" value=\"\" \/>\n<input type=\"hidden\" id=\"frm_submit_entry_4\" name=\"frm_submit_entry_4\" value=\"516ed75135\" \/><input type=\"hidden\" name=\"_wp_http_referer\" value=\"\/de\/wp-json\/wp\/v2\/pages\/2750\" \/><input type=\"hidden\" name=\"item_meta[41]\" id=\"field_72k1r6\" value=\"\"  data-invmsg=\"Score ist ung\u00fcltig\"   \/>\n<div id=\"frm_field_43_container\" class=\"frm_form_field frm_section_heading form-field  best_fit center_me\">\r\n<h3 class=\"frm_pos_top frm_section_spacing\">Podaj dane<\/h3>\r\n\r\n\r\n<div id=\"frm_field_44_container\" class=\"frm_form_field form-field  frm_required_field frm_top_container\">\r\n    <label for=\"field_ztha02\" id=\"field_ztha02_label\" class=\"frm_primary_label\">Imi\u0119\r\n        <span class=\"frm_required\" aria-hidden=\"true\">*<\/span>\r\n    <\/label>\r\n    <input type=\"text\" id=\"field_ztha02\" name=\"item_meta[44]\" value=\"\"  data-sectionid=\"414\"  data-reqmsg=\"Imi\u0119 cannot be blank.\" aria-required=\"true\" data-invmsg=\"Tekst is invalid\" aria-invalid=\"false\"  \/>\r\n    \r\n    \r\n<\/div>\n<div id=\"frm_field_45_container\" class=\"frm_form_field form-field  frm_required_field frm_top_container\">\r\n    <label for=\"field_owl162\" id=\"field_owl162_label\" class=\"frm_primary_label\">Nazwisko\r\n        <span class=\"frm_required\" aria-hidden=\"true\">*<\/span>\r\n    <\/label>\r\n    <input type=\"text\" id=\"field_owl162\" name=\"item_meta[45]\" value=\"\"  data-sectionid=\"414\"  data-reqmsg=\"Nazwisko cannot be blank.\" aria-required=\"true\" data-invmsg=\"Tekst is invalid\" aria-invalid=\"false\"  \/>\r\n    \r\n    \r\n<\/div>\n<div id=\"frm_field_46_container\" class=\"frm_form_field form-field  frm_required_field frm_top_container\">\r\n    <label for=\"field_sacuo2\" id=\"field_sacuo2_label\" class=\"frm_primary_label\">E-mail\r\n        <span class=\"frm_required\" aria-hidden=\"true\">*<\/span>\r\n    <\/label>\r\n    <input type=\"email\" id=\"field_sacuo2\" name=\"item_meta[46]\" value=\"\"  data-sectionid=\"414\"  data-reqmsg=\"E-mail cannot be blank.\" aria-required=\"true\" data-invmsg=\"Email is invalid\" aria-invalid=\"false\"  \/>\r\n    \r\n    \r\n<\/div>\n<div id=\"frm_field_47_container\" class=\"frm_form_field form-field  frm_required_field frm_top_container\">\r\n    <label for=\"field_ndat52\" id=\"field_ndat52_label\" class=\"frm_primary_label\">Telefon\r\n        <span class=\"frm_required\" aria-hidden=\"true\">*<\/span>\r\n    <\/label>\r\n    <input type=\"tel\" id=\"field_ndat52\" name=\"item_meta[47]\" value=\"\"  data-sectionid=\"414\"  data-reqmsg=\"Telefon cannot be blank.\" aria-required=\"true\" data-invmsg=\"Phone is invalid\" aria-invalid=\"false\" pattern=\"((\\+\\d{1,3}(-|.| )?\\(?\\d\\)?(-| |.)?\\d{1,5})|(\\(?\\d{2,6}\\)?))(-|.| )?(\\d{3,4})(-|.| )?(\\d{4})(( x| ext)\\d{1,5}){0,1}$\"  \/>\r\n    \r\n    \r\n<\/div>\n<div id=\"frm_field_48_container\" class=\"frm_form_field form-field  frm_top_container\">\r\n    <label for=\"field_4f5752\" id=\"field_4f5752_label\" class=\"frm_primary_label\">Nazwa firmy\r\n        <span class=\"frm_required\" aria-hidden=\"true\"><\/span>\r\n    <\/label>\r\n    <input type=\"text\" id=\"field_4f5752\" name=\"item_meta[48]\" value=\"\"  data-sectionid=\"414\"  data-invmsg=\"Tekst is invalid\" aria-invalid=\"false\"  \/>\r\n    \r\n    \r\n<\/div>\n<div id=\"frm_field_49_container\" class=\"frm_form_field form-field  frm_required_field frm_top_container vertical_radio\">\r\n    <div  id=\"field_fwpnc2_label\" class=\"frm_primary_label\">Zgoda\r\n        <span class=\"frm_required\" aria-hidden=\"true\">*<\/span>\r\n    <\/div>\r\n    <div class=\"frm_opt_container\" aria-labelledby=\"field_fwpnc2_label\" role=\"group\">\t\t<div class=\"frm_checkbox\" id=\"frm_checkbox_49-414-0\">\t\t\t<label  for=\"field_fwpnc2-0\">\n\t\t\t<input type=\"checkbox\" name=\"item_meta[49][]\" id=\"field_fwpnc2-0\" value=\"Zapozna\u0142em(-am) si\u0119 i akceptuj\u0119 &lt;a href=&quot;https:\/\/globalschool.pl\/polityka-prywatnosci-rodo&quot; target=&quot;_blank&quot;&gt;Polityk\u0119 Prywatno\u015bci&lt;\/a&gt;\"  data-sectionid=\"414\"  data-reqmsg=\"Zgoda cannot be blank.\" data-invmsg=\"Zgoda jest nieprawid\u0142owe\" aria-invalid=\"false\"   aria-required=\"true\"  \/> Zapozna\u0142em(-am) si\u0119 i akceptuj\u0119 <a href=\"https:\/\/globalschool.pl\/polityka-prywatnosci-rodo\" target=\"_blank\">Polityk\u0119 Prywatno\u015bci<\/a><\/label><\/div>\n<\/div>\r\n    \r\n    \r\n<\/div>\n<\/div>\n<input type=\"hidden\" name=\"frm_page_order_4\" id=\"frm_page_order_4\" value=\"21\" \/><input type=\"hidden\" name=\"item_meta[53]\" id=\"field_l4r4j2\" value=\"\"     \/>\n<input type=\"hidden\" name=\"item_meta[54]\" id=\"field_t8ld44-0\" value=\"\"  data-sectionid=\"423\"     \/>\n<input type=\"hidden\" name=\"item_meta[55]\" id=\"field_eztrt2-0\" value=\"\"  data-sectionid=\"423\"     \/>\n<input type=\"hidden\" name=\"item_meta[56]\" id=\"field_frgpc2-0\" value=\"\"  data-sectionid=\"423\"     \/>\n<input type=\"hidden\" name=\"item_meta[57]\" id=\"field_kgstc2-0\" value=\"\"  data-sectionid=\"423\"     \/>\n<input type=\"hidden\" name=\"item_meta[58]\" id=\"field_2n38p2-0\" value=\"\"  data-sectionid=\"423\"     \/>\n<input type=\"hidden\" name=\"item_meta[59]\" id=\"field_bhbst2-0\" value=\"\"  data-sectionid=\"423\"     \/>\n<input type=\"hidden\" name=\"item_meta[60]\" id=\"field_ebecx2-0\" value=\"\"  data-sectionid=\"423\"     \/>\n<input type=\"hidden\" name=\"item_meta[61]\" id=\"field_n27nk2-0\" value=\"\"  data-sectionid=\"423\"     \/>\n<input type=\"hidden\" name=\"item_meta[62]\" id=\"field_qc2bu2-0\" value=\"\"  data-sectionid=\"423\"     \/>\n<input type=\"hidden\" name=\"item_meta[63]\" id=\"field_729x8\" value=\"\"     \/>\n<input type=\"hidden\" name=\"item_meta[64]\" id=\"field_b5l5l\" value=\"\"  data-sectionid=\"423\"     \/>\n<input type=\"hidden\" name=\"item_meta[65]\" id=\"field_v9xql\" value=\"\"     \/>\n<input type=\"hidden\" name=\"item_meta[66]\" id=\"field_htjdo2-0\" value=\"\"  data-sectionid=\"564\"     \/>\n<input type=\"hidden\" name=\"item_meta[67]\" id=\"field_xx6qt2-0\" value=\"\"  data-sectionid=\"423\"     \/>\n<input type=\"hidden\" name=\"item_meta[68]\" id=\"field_yfe132-0\" value=\"\"  data-sectionid=\"423\"     \/>\n<input type=\"hidden\" name=\"item_meta[69]\" id=\"field_4ligu2-0\" value=\"\"  data-sectionid=\"564\"     \/>\n<input type=\"hidden\" name=\"item_meta[70]\" id=\"field_tkei12-0\" value=\"\"  data-sectionid=\"423\"     \/>\n<input type=\"hidden\" name=\"item_meta[71]\" id=\"field_uthy82-0\" value=\"\"  data-sectionid=\"423\"     \/>\n<input type=\"hidden\" name=\"item_meta[72]\" id=\"field_ezihi2-0\" value=\"\"  data-sectionid=\"564\"     \/>\n<input type=\"hidden\" name=\"item_meta[73]\" id=\"field_orko42-0\" value=\"\"  data-sectionid=\"423\"     \/>\n<input type=\"hidden\" name=\"item_meta[74]\" id=\"field_rd0br2-0\" value=\"\"  data-sectionid=\"423\"     \/>\n<input type=\"hidden\" name=\"item_meta[75]\" id=\"field_59f30\" value=\"\"     \/>\n<input type=\"hidden\" name=\"item_meta[76]\" id=\"field_bnpzz\" value=\"\"  data-sectionid=\"423\"     \/>\n<input type=\"hidden\" name=\"item_meta[77]\" id=\"field_b0952\" value=\"\"     \/>\n<input type=\"hidden\" name=\"item_meta[78]\" id=\"field_sh2552-0\" value=\"\"  data-sectionid=\"566\"     \/>\n<input type=\"hidden\" name=\"item_meta[79]\" id=\"field_4a18n2-0\" value=\"\"  data-sectionid=\"423\"     \/>\n<input type=\"hidden\" name=\"item_meta[80]\" id=\"field_p69r2-0\" value=\"\"  data-sectionid=\"423\"     \/>\n<input type=\"hidden\" name=\"item_meta[81]\" id=\"field_b9med2-0\" value=\"\"  data-sectionid=\"566\"     \/>\n<input type=\"hidden\" name=\"item_meta[82]\" id=\"field_q6sn82-0\" value=\"\"  data-sectionid=\"423\"     \/>\n<input type=\"hidden\" name=\"item_meta[83]\" id=\"field_iufek2-0\" value=\"\"  data-sectionid=\"423\"     \/>\n<input type=\"hidden\" name=\"item_meta[84]\" id=\"field_t05d92-0\" value=\"\"  data-sectionid=\"566\"     \/>\n<input type=\"hidden\" name=\"item_meta[85]\" id=\"field_q8rjz2-0\" value=\"\"  data-sectionid=\"423\"     \/>\n<input type=\"hidden\" name=\"item_meta[86]\" id=\"field_u6k092-0\" value=\"\"  data-sectionid=\"423\"     \/>\n<input type=\"hidden\" name=\"item_meta[87]\" id=\"field_z88m5\" value=\"\"     \/>\n<input type=\"hidden\" name=\"item_meta[88]\" id=\"field_y2gan\" value=\"\"  data-sectionid=\"423\"     \/>\n<input type=\"hidden\" name=\"item_meta[89]\" id=\"field_h3nnx\" value=\"\"     \/>\n<input type=\"hidden\" name=\"item_meta[90]\" id=\"field_tozv52-0\" value=\"\"  data-sectionid=\"568\"     \/>\n<input type=\"hidden\" name=\"item_meta[91]\" id=\"field_e211y2-0\" value=\"\"  data-sectionid=\"423\"     \/>\n<input type=\"hidden\" name=\"item_meta[92]\" id=\"field_fxxy62-0\" value=\"\"  data-sectionid=\"423\"     \/>\n<input type=\"hidden\" name=\"item_meta[93]\" id=\"field_q99qj2-0\" value=\"\"  data-sectionid=\"568\"     \/>\n<input type=\"hidden\" name=\"item_meta[94]\" id=\"field_wasww2-0\" value=\"\"  data-sectionid=\"423\"     \/>\n<input type=\"hidden\" name=\"item_meta[95]\" id=\"field_jfdxa2-0\" value=\"\"  data-sectionid=\"423\"     \/>\n<input type=\"hidden\" name=\"item_meta[96]\" id=\"field_t2rb82-0\" value=\"\"  data-sectionid=\"568\"     \/>\n<input type=\"hidden\" name=\"item_meta[97]\" id=\"field_ieyjf2-0\" value=\"\"  data-sectionid=\"423\"     \/>\n<input type=\"hidden\" name=\"item_meta[98]\" id=\"field_6pqnj2-0\" value=\"\"  data-sectionid=\"423\"     \/>\n<input type=\"hidden\" name=\"item_meta[99]\" id=\"field_azkz2\" value=\"\"     \/>\n<input type=\"hidden\" name=\"item_meta[100]\" id=\"field_zbz9j\" value=\"\"  data-sectionid=\"423\"     \/>\n<input type=\"hidden\" name=\"item_meta[101]\" id=\"field_cwd1h\" value=\"\"     \/>\n<input type=\"hidden\" name=\"item_meta[102]\" id=\"field_okypv2-0\" value=\"\"  data-sectionid=\"570\"     \/>\n<input type=\"hidden\" name=\"item_meta[103]\" id=\"field_tuen2-0\" value=\"\"  data-sectionid=\"423\"     \/>\n<input type=\"hidden\" name=\"item_meta[104]\" id=\"field_ftsml2-0\" value=\"\"  data-sectionid=\"423\"     \/>\n<input type=\"hidden\" name=\"item_meta[105]\" id=\"field_kbx0n2-0\" value=\"\"  data-sectionid=\"570\"     \/>\n<input type=\"hidden\" name=\"item_meta[106]\" id=\"field_lkw432-0\" value=\"\"  data-sectionid=\"423\"     \/>\n<input type=\"hidden\" name=\"item_meta[107]\" id=\"field_2dyyl2-0\" value=\"\"  data-sectionid=\"423\"     \/>\n<input type=\"hidden\" name=\"item_meta[108]\" id=\"field_s3was2-0\" value=\"\"  data-sectionid=\"570\"     \/>\n<input type=\"hidden\" name=\"item_meta[109]\" id=\"field_wvqjp2-0\" value=\"\"  data-sectionid=\"423\"     \/>\n<input type=\"hidden\" name=\"item_meta[110]\" id=\"field_ktktu2-0\" value=\"\"  data-sectionid=\"423\"     \/>\n<input type=\"hidden\" name=\"item_meta[111]\" id=\"field_9lvtc\" value=\"\"     \/>\n<input type=\"hidden\" name=\"item_meta[112]\" id=\"field_of92j\" value=\"\"  data-sectionid=\"423\"     \/>\n<input type=\"hidden\" name=\"item_meta[113]\" id=\"field_diiuc\" value=\"\"     \/>\n<input type=\"hidden\" name=\"item_meta[114]\" id=\"field_ktf652-0\" value=\"\"  data-sectionid=\"572\"     \/>\n<input type=\"hidden\" name=\"item_meta[115]\" id=\"field_6qytb2-0\" value=\"\"  data-sectionid=\"423\"     \/>\n<input type=\"hidden\" name=\"item_meta[116]\" id=\"field_8jcsc2-0\" value=\"\"  data-sectionid=\"423\"     \/>\n<input type=\"hidden\" name=\"item_meta[117]\" id=\"field_zvbsp2-0\" value=\"\"  data-sectionid=\"572\"     \/>\n<input type=\"hidden\" name=\"item_meta[118]\" id=\"field_mpchb2-0\" value=\"\"  data-sectionid=\"423\"     \/>\n<input type=\"hidden\" name=\"item_meta[119]\" id=\"field_gjgmo\" value=\"\"     \/>\n<input type=\"hidden\" name=\"item_meta[203]\" id=\"field_bvhog\" value=\"\"     \/>\n\t<input type=\"hidden\" name=\"item_key\" value=\"\" \/>\n\t\t\t<div id=\"frm_field_223_container\">\n\t\t\t<label for=\"field_ylys3\" >\n\t\t\t\tWenn Sie ein Mensch sind, lassen Sie dieses Feld leer.\t\t\t<\/label>\n\t\t\t<input  id=\"field_ylys3\" type=\"text\" class=\"frm_form_field form-field frm_verify\" name=\"item_meta[223]\" value=\"\"  \/>\n\t\t<\/div>\n\t\t<input name=\"frm_state\" type=\"hidden\" value=\"Ywmv1jideZpixXso\/79\/eYcm\/9opDwoaF7HYyTizZ5SyzNp875UA4mpRwDCSlhFT\" \/><div class=\"frm_submit\">\r\n\r\n<button class=\"frm_button_submit\" type=\"submit\"   formnovalidate=\"formnovalidate\">Przejd\u017a do testu<\/button>\r\n\r\n<\/div><\/div>\n<\/fieldset>\n<\/div>\n\n<\/form>\n<\/div>\n\t\t\t\t<\/div>\n\t\t\t\t<\/div>\n\t\t\t\t\t<\/div>\n\t\t\t\t<\/div>\n\t\t\t\t<\/div>\n\t\t","protected":false},"excerpt":{"rendered":"<p>Test: Englische Sprache Pr\u00fcfen Sie Ihr Sprachniveau AUDYT &#8211; J\u0118ZYK ANGIELSKI Podaj dane Imi\u0119 * Nazwisko * E-mail * Telefon * Nazwa firmy Zgoda * Zapozna\u0142em(-am) si\u0119 i akceptuj\u0119 Klauzul\u0119 informacyjn\u0105 If you are human, leave this field blank. Przejd\u017a do testu<\/p>\n","protected":false},"author":4,"featured_media":0,"parent":0,"menu_order":0,"comment_status":"closed","ping_status":"closed","template":"","meta":{"_acf_changed":false,"footnotes":""},"class_list":["post-2750","page","type-page","status-publish","hentry"],"acf":[],"rttpg_featured_image_url":null,"rttpg_author":{"display_name":"globalschool","author_link":"https:\/\/globalschool.pl\/de\/author\/globalschool\/"},"rttpg_comment":0,"rttpg_category":" <a href=\"https:\/\/globalschool.pl\/de\/?taxonomy=translation_priority&#038;term=optional\" rel=\"tag\">Optional<\/a>","rttpg_excerpt":"Test: Englische Sprache Pr\u00fcfen Sie Ihr Sprachniveau AUDYT &#8211; J\u0118ZYK ANGIELSKI Podaj dane Imi\u0119 * Nazwisko * E-mail * Telefon * Nazwa firmy Zgoda * Zapozna\u0142em(-am) si\u0119 i akceptuj\u0119 Klauzul\u0119 informacyjn\u0105 If you are human, leave this field blank. Przejd\u017a do testu","_links":{"self":[{"href":"https:\/\/globalschool.pl\/de\/wp-json\/wp\/v2\/pages\/2750","targetHints":{"allow":["GET"]}}],"collection":[{"href":"https:\/\/globalschool.pl\/de\/wp-json\/wp\/v2\/pages"}],"about":[{"href":"https:\/\/globalschool.pl\/de\/wp-json\/wp\/v2\/types\/page"}],"author":[{"embeddable":true,"href":"https:\/\/globalschool.pl\/de\/wp-json\/wp\/v2\/users\/4"}],"replies":[{"embeddable":true,"href":"https:\/\/globalschool.pl\/de\/wp-json\/wp\/v2\/comments?post=2750"}],"version-history":[{"count":2,"href":"https:\/\/globalschool.pl\/de\/wp-json\/wp\/v2\/pages\/2750\/revisions"}],"predecessor-version":[{"id":2766,"href":"https:\/\/globalschool.pl\/de\/wp-json\/wp\/v2\/pages\/2750\/revisions\/2766"}],"wp:attachment":[{"href":"https:\/\/globalschool.pl\/de\/wp-json\/wp\/v2\/media?parent=2750"}],"curies":[{"name":"wp","href":"https:\/\/api.w.org\/{rel}","templated":true}]}}